{"id":769100,"date":"2025-08-28T13:42:05","date_gmt":"2025-08-28T10:42:05","guid":{"rendered":"https:\/\/roveyayinevi.com.tr\/index.php\/urun\/kadinin-cagrisi\/"},"modified":"2026-04-15T03:34:59","modified_gmt":"2026-04-15T00:34:59","slug":"kadinin-cagrisi","status":"publish","type":"product","link":"https:\/\/roveyayinevi.com.tr\/index.php\/urun\/kadinin-cagrisi\/","title":{"rendered":"Kad\u0131n\u0131n \u00c7a\u011fr\u0131s\u0131"},"content":{"rendered":"<p>Kad\u0131nlar; y\u0131llard\u0131r \u00e7a\u011f\u0131r\u0131yorlar. Kimi? Erke\u011fi! Kad\u0131nlar d\u00fcnyan\u0131n her yerinde \u00fc\u00e7 y\u00fcz y\u0131l\u0131 a\u015fk\u0131n bir s\u00fcredir bir sava\u015f\u0131m i\u00e7indeler. Neyin sava\u015f\u0131m\u0131 bu? Kad\u0131nla erke\u011fin e\u015fitli\u011fi! Peki, \u00fc\u00e7 y\u00fcz y\u0131l \u00f6nce ne olmu\u015ftu da kad\u0131nlar birdenbire kad\u0131n-erkek e\u015fitli\u011finden s\u00f6z etmeye ba\u015flam\u0131\u015flar ve bu konuda bir sava\u015f\u0131m\u0131 g\u00f6ze alm\u0131\u015flard\u0131? O zamana dek, yery\u00fcz\u00fcnde b\u00f6yle bir e\u015fitlik yok muydu? Ya da neden yoktu? B\u00f6yleyse ne gibi bir etken uyand\u0131rm\u0131\u015ft\u0131 kad\u0131nlar\u0131? Erkeklerle e\u015fit say\u0131lmad\u0131klar\u0131n\u0131 nas\u0131l, ne zaman ke\u015ffetmi\u015flerdi? Ya da yery\u00fcz\u00fcnde ba\u015fka bir \u015feyler mi de\u011fi\u015fime u\u011fram\u0131\u015ft\u0131 da kad\u0131nlar erkeklerden geride kald\u0131klar\u0131n\u0131 varsay\u0131p harekete ge\u00e7mi\u015flerdi? Varsa bu de\u011fi\u015fen \u015feyler neydi?   Tansu Bele, kad\u0131n\u0131n tarih boyunca var olma \u00e7abas\u0131n\u0131, bu \u00e7abada eme\u011fi ge\u00e7en kad\u0131nlar\u0131 ve m\u00fccadelelerini bize anlatt\u0131\u011f\u0131 eserinde; farkl\u0131 mecralarda sundu\u011fu konu\u015fmalar\u0131n\u0131, yaz\u0131lar\u0131 ve tarihsel notlar\u0131 birle\u015ftirmi\u015ftir.<\/p>\n","protected":false},"excerpt":{"rendered":"<p>Kad\u0131nlar; y\u0131llard\u0131r \u00e7a\u011f\u0131r\u0131yorlar. Kimi? Erke\u011fi! Kad\u0131nlar d\u00fcnyan\u0131n her yerinde \u00fc\u00e7 y\u00fcz y\u0131l\u0131 a\u015fk\u0131n bir s\u00fcredir bir sava\u015f\u0131m i\u00e7indeler. Neyin sava\u015f\u0131m\u0131 bu? Kad\u0131nla erke\u011fin e\u015fitli\u011fi! Peki, \u00fc\u00e7<span class=\"excerpt-hellip\"> [\u2026]<\/span><\/p>\n","protected":false},"featured_media":0,"template":"","meta":{"_monsterinsights_skip_tracking":false,"_monsterinsights_sitenote_active":false,"_monsterinsights_sitenote_note":"","_monsterinsights_sitenote_category":0},"product_brand":[],"product_cat":[12777,12291],"product_tag":[],"class_list":{"0":"post-769100","1":"product","2":"type-product","3":"status-publish","5":"product_cat-deneme","6":"product_cat-edebiyat","7":"pa_cilt-ciltsiz","8":"pa_tur-kitap","9":"pa_yayinevi-luna-yayinlari","10":"pa_yazar-tansu-bele","12":"first","13":"instock","14":"sale","15":"shipping-taxable","16":"purchasable","17":"product-type-simple"},"_links":{"self":[{"href":"https:\/\/roveyayinevi.com.tr\/index.php\/wp-json\/wp\/v2\/product\/769100","targetHints":{"allow":["GET"]}}],"collection":[{"href":"https:\/\/roveyayinevi.com.tr\/index.php\/wp-json\/wp\/v2\/product"}],"about":[{"href":"https:\/\/roveyayinevi.com.tr\/index.php\/wp-json\/wp\/v2\/types\/product"}],"wp:attachment":[{"href":"https:\/\/roveyayinevi.com.tr\/index.php\/wp-json\/wp\/v2\/media?parent=769100"}],"wp:term":[{"taxonomy":"product_brand","embeddable":true,"href":"https:\/\/roveyayinevi.com.tr\/index.php\/wp-json\/wp\/v2\/product_brand?post=769100"},{"taxonomy":"product_cat","embeddable":true,"href":"https:\/\/roveyayinevi.com.tr\/index.php\/wp-json\/wp\/v2\/product_cat?post=769100"},{"taxonomy":"product_tag","embeddable":true,"href":"https:\/\/roveyayinevi.com.tr\/index.php\/wp-json\/wp\/v2\/product_tag?post=769100"}],"curies":[{"name":"wp","href":"https:\/\/api.w.org\/{rel}","templated":true}]}}