{"id":769097,"date":"2025-08-28T13:41:58","date_gmt":"2025-08-28T10:41:58","guid":{"rendered":"https:\/\/roveyayinevi.com.tr\/index.php\/urun\/futbolun-hikaye-hali\/"},"modified":"2026-04-15T03:34:59","modified_gmt":"2026-04-15T00:34:59","slug":"futbolun-hikaye-hali","status":"publish","type":"product","link":"https:\/\/roveyayinevi.com.tr\/index.php\/urun\/futbolun-hikaye-hali\/","title":{"rendered":"Futbolun Hikaye Hali"},"content":{"rendered":"<p>D\u00fcnyan\u0131n en b\u00fcy\u00fck futbol y\u0131ld\u0131zlar\u0131n\u0131n ba\u015far\u0131ya giden yolda ya\u015fad\u0131klar\u0131n\u0131 hi\u00e7 merak ettin mi? Kronik \u00c7ocuk\u2019tan futbolsever \u00e7ocuklara ilham olacak ger\u00e7ek hik\u00e2yelerle dopdolu bir kitap: Futbolun Hik\u00e2ye H\u00e2li.   YouTube\u2019da haz\u0131rlad\u0131\u011f\u0131 videolarla milyonlarca izlenen spor gazetecisi Ufuk Kaan Karacan\u2019\u0131n kaleminden futbol y\u0131ld\u0131zlar\u0131n\u0131n hayat hik\u00e2yelerini okumaya haz\u0131r m\u0131s\u0131n? Cristiano Ronaldo\u2019dan Victor Osimhen\u2019e, Lamine Yamal\u2019dan Didier Drogba\u2019ya, Edin Dzeko\u2019dan Kaka\u2019ya d\u00fcnyan\u0131n en b\u00fcy\u00fck futbolcular\u0131n\u0131n hayat hik\u00e2yelerini, ya\u015fad\u0131klar\u0131 zorluklar\u0131, ba\u015far\u0131ya giden yolda ya\u015fad\u0131klar\u0131n\u0131 okurken hem e\u011flenecek hem de futbol k\u00fclt\u00fcr\u00fcn\u00fcn ne kadar evrensel bir dile sahip oldu\u011funu ke\u015ffedeceksin.   Sadece bu kadar m\u0131? Immobile, Sneijder, Ribery, Anelka, Jay Jay Okocha, Quaresma, Sow\u2026 \u00dclkemizde futbol oynam\u0131\u015f ve ad\u0131n\u0131 tarihe yazd\u0131rm\u0131\u015f \u00f6nemli futbolcular\u0131n hik\u00e2yeleri de Futbolun Hik\u00e2ye Hali\u2019nde seni bekliyor!   Futbol sadece futbol de\u011fil\u2026 Ufuk Kaan Karacan hik\u00e2yelerini anlatmak i\u00e7in seni ye\u015fil sahaya davet ediyor!   M\u00fcfredat temalar\u0131:  \u00c7OCUK D\u00dcNYASI, SPOR, HAYAT BECER\u0130LER\u0130, K\u0130\u015e\u0130SEL GEL\u0130\u015e\u0130M, OKUMA K\u00dcLT\u00dcR\u00dc, \u0130LET\u0130\u015e\u0130M <\/p>\n","protected":false},"excerpt":{"rendered":"<p>D\u00fcnyan\u0131n en b\u00fcy\u00fck futbol y\u0131ld\u0131zlar\u0131n\u0131n ba\u015far\u0131ya giden yolda ya\u015fad\u0131klar\u0131n\u0131 hi\u00e7 merak ettin mi? Kronik \u00c7ocuk\u2019tan futbolsever \u00e7ocuklara ilham olacak ger\u00e7ek hik\u00e2yelerle dopdolu bir kitap: Futbolun Hik\u00e2ye<span class=\"excerpt-hellip\"> [\u2026]<\/span><\/p>\n","protected":false},"featured_media":0,"template":"","meta":{"_monsterinsights_skip_tracking":false,"_monsterinsights_sitenote_active":false,"_monsterinsights_sitenote_note":"","_monsterinsights_sitenote_category":0},"product_brand":[],"product_cat":[12274],"product_tag":[],"class_list":{"0":"post-769097","1":"product","2":"type-product","3":"status-publish","5":"product_cat-cocuk-ve-genclik-kitaplari","6":"pa_cilt-ciltsiz","7":"pa_tur-kitap","8":"pa_yayinevi-kronik-kitap","9":"pa_yazar-ufuk-kaan-karacan","11":"first","12":"instock","13":"sale","14":"shipping-taxable","15":"purchasable","16":"product-type-simple"},"_links":{"self":[{"href":"https:\/\/roveyayinevi.com.tr\/index.php\/wp-json\/wp\/v2\/product\/769097","targetHints":{"allow":["GET"]}}],"collection":[{"href":"https:\/\/roveyayinevi.com.tr\/index.php\/wp-json\/wp\/v2\/product"}],"about":[{"href":"https:\/\/roveyayinevi.com.tr\/index.php\/wp-json\/wp\/v2\/types\/product"}],"wp:attachment":[{"href":"https:\/\/roveyayinevi.com.tr\/index.php\/wp-json\/wp\/v2\/media?parent=769097"}],"wp:term":[{"taxonomy":"product_brand","embeddable":true,"href":"https:\/\/roveyayinevi.com.tr\/index.php\/wp-json\/wp\/v2\/product_brand?post=769097"},{"taxonomy":"product_cat","embeddable":true,"href":"https:\/\/roveyayinevi.com.tr\/index.php\/wp-json\/wp\/v2\/product_cat?post=769097"},{"taxonomy":"product_tag","embeddable":true,"href":"https:\/\/roveyayinevi.com.tr\/index.php\/wp-json\/wp\/v2\/product_tag?post=769097"}],"curies":[{"name":"wp","href":"https:\/\/api.w.org\/{rel}","templated":true}]}}