{"id":769094,"date":"2025-08-28T13:41:53","date_gmt":"2025-08-28T10:41:53","guid":{"rendered":"https:\/\/roveyayinevi.com.tr\/index.php\/urun\/ikinci-dunya-savasinda-turk-savunmasi\/"},"modified":"2026-04-15T03:34:59","modified_gmt":"2026-04-15T00:34:59","slug":"ikinci-dunya-savasinda-turk-savunmasi","status":"publish","type":"product","link":"https:\/\/roveyayinevi.com.tr\/index.php\/urun\/ikinci-dunya-savasinda-turk-savunmasi\/","title":{"rendered":"\u0130kinci D\u00fcnya Sava\u015f\u0131\u2019nda T\u00fcrk Savunmas\u0131"},"content":{"rendered":"<p>NAZ\u0130 TEHD\u0130D\u0130 KAR\u015eISINDA T\u00dcRK\u0130YE   Nazi Almanyas\u0131 Balkanlar&#8217;\u0131 i\u015fgal etmi\u015f ve 1941&#8217;e gelindi\u011finde T\u00fcrkiye s\u0131n\u0131rlar\u0131na dayanm\u0131\u015ft\u0131. Sava\u015f\u0131n alevleri Avrupa\u2019n\u0131n d\u00f6rt bir yan\u0131n\u0131 sarm\u0131\u015fken, T\u00fcrkiye tarafs\u0131z kalmak i\u00e7in ince bir diplomasi y\u00fcr\u00fct\u00fcyor ama ayn\u0131 zamanda olas\u0131 bir i\u015fgale kar\u015f\u0131 \u00c7atalca Hatt\u0131\u2019n\u0131 g\u00fc\u00e7lendiriyordu. \u0130stanbul\u2019un kap\u0131lar\u0131n\u0131 koruyan bu savunma hatt\u0131, koruganlar, siperler, ejder di\u015fleri ve top\u00e7u bataryalar\u0131yla donat\u0131ld\u0131. Sessiz ve gergin bekleyi\u015f s\u00fcrerken, Trakya topraklar\u0131na sava\u015f\u0131n g\u00f6lgesi \u00e7\u00f6k\u00fcyordu.   Peki, bug\u00fcn \u0130stanbul\u2019un bat\u0131s\u0131nda, \u00c7atalca\u2019n\u0131n tepelerinde bu hatlardan geriye ne kald\u0131? Askeri m\u00fchendislik harikas\u0131 say\u0131labilecek bu savunma sistemi nas\u0131l planland\u0131, nas\u0131l in\u015fa edildi ve olas\u0131 bir Nazi sald\u0131r\u0131s\u0131na kar\u015f\u0131 nas\u0131l haz\u0131rlan\u0131ld\u0131? T\u00fcrkiye, sava\u015f\u0131n d\u0131\u015f\u0131nda kalmas\u0131na ra\u011fmen neden milyonlarca lira harcayarak bu hatt\u0131 g\u00fc\u00e7lendirdi?   Tarih\u00e7i Salim Ayd\u0131n, sava\u015f\u0131n g\u00f6lgesinde unutulmu\u015f bu savunma hatt\u0131n\u0131n izini s\u00fcr\u00fcyor. Ar\u015fiv belgeleri, haritalar ve d\u00f6nemin tan\u0131klar\u0131n\u0131n anlat\u0131mlar\u0131yla \u00c7atalca Hatt\u0131\u2019n\u0131n \u0130kinci D\u00fcnya Sava\u015f\u0131 boyunca ge\u00e7irdi\u011fi d\u00f6n\u00fc\u015f\u00fcm\u00fc ad\u0131m ad\u0131m ortaya koyuyor. Bug\u00fcn otoyollar\u0131n, yerle\u015fim yerlerinin ve tarlalar\u0131n aras\u0131nda kaybolmaya y\u00fcz tutmu\u015f bu tahkimatlar, \u0130stanbul\u2019un sava\u015f y\u0131llar\u0131ndaki kaderini nas\u0131l \u015fekillendirdi? \u00c7atalca Hatt\u0131 ger\u00e7ekten \u0130stanbul\u2019u koruyabilir miydi? Nazi sava\u015f makinesini durdurabilir miydi?   Salim Ayd\u0131n, t\u00fcm bu ve benzer sorular\u0131 \u0130kinci D\u00fcnya Sava\u015f\u0131\u2019nda T\u00fcrk Savunmas\u0131: \u00c7atalca Hatt\u0131\u2019nda yan\u0131tl\u0131yor ve T\u00fcrkiye\u2019nin sava\u015f\u0131n e\u015fi\u011finde att\u0131\u011f\u0131 en b\u00fcy\u00fck savunma ad\u0131mlar\u0131ndan biri ilk kez derli toplu anlat\u0131l\u0131yor. \u0130kinci D\u00fcnya Sava\u015f\u0131\u2019nda T\u00fcrk Savunmas\u0131: \u00c7atalca Hatt\u0131, i\u00e7erisindeki tamam\u0131 renkli 100\u2019den fazla g\u00f6rseliyle \u00fclkemizin \u0130kinci D\u00fcnya Sava\u015f\u0131 s\u0131ras\u0131nda yapt\u0131\u011f\u0131 en b\u00fcy\u00fck haz\u0131rl\u0131\u011f\u0131 g\u00f6zler \u00f6n\u00fcne seriyor. <\/p>\n","protected":false},"excerpt":{"rendered":"<p>NAZ\u0130 TEHD\u0130D\u0130 KAR\u015eISINDA T\u00dcRK\u0130YE Nazi Almanyas\u0131 Balkanlar&#8217;\u0131 i\u015fgal etmi\u015f ve 1941&#8217;e gelindi\u011finde T\u00fcrkiye s\u0131n\u0131rlar\u0131na dayanm\u0131\u015ft\u0131. Sava\u015f\u0131n alevleri Avrupa\u2019n\u0131n d\u00f6rt bir yan\u0131n\u0131 sarm\u0131\u015fken, T\u00fcrkiye tarafs\u0131z kalmak i\u00e7in<span class=\"excerpt-hellip\"> [\u2026]<\/span><\/p>\n","protected":false},"featured_media":0,"template":"","meta":{"_monsterinsights_skip_tracking":false,"_monsterinsights_sitenote_active":false,"_monsterinsights_sitenote_note":"","_monsterinsights_sitenote_category":0},"product_brand":[],"product_cat":[12304],"product_tag":[],"class_list":{"0":"post-769094","1":"product","2":"type-product","3":"status-publish","5":"product_cat-tarih","6":"pa_cilt-ciltsiz","7":"pa_tur-kitap","8":"pa_yayinevi-kronik-kitap","9":"pa_yazar-salim-aydin","11":"first","12":"instock","13":"sale","14":"shipping-taxable","15":"purchasable","16":"product-type-simple"},"_links":{"self":[{"href":"https:\/\/roveyayinevi.com.tr\/index.php\/wp-json\/wp\/v2\/product\/769094","targetHints":{"allow":["GET"]}}],"collection":[{"href":"https:\/\/roveyayinevi.com.tr\/index.php\/wp-json\/wp\/v2\/product"}],"about":[{"href":"https:\/\/roveyayinevi.com.tr\/index.php\/wp-json\/wp\/v2\/types\/product"}],"wp:attachment":[{"href":"https:\/\/roveyayinevi.com.tr\/index.php\/wp-json\/wp\/v2\/media?parent=769094"}],"wp:term":[{"taxonomy":"product_brand","embeddable":true,"href":"https:\/\/roveyayinevi.com.tr\/index.php\/wp-json\/wp\/v2\/product_brand?post=769094"},{"taxonomy":"product_cat","embeddable":true,"href":"https:\/\/roveyayinevi.com.tr\/index.php\/wp-json\/wp\/v2\/product_cat?post=769094"},{"taxonomy":"product_tag","embeddable":true,"href":"https:\/\/roveyayinevi.com.tr\/index.php\/wp-json\/wp\/v2\/product_tag?post=769094"}],"curies":[{"name":"wp","href":"https:\/\/api.w.org\/{rel}","templated":true}]}}