{"id":769093,"date":"2025-08-28T13:41:51","date_gmt":"2025-08-28T10:41:51","guid":{"rendered":"https:\/\/roveyayinevi.com.tr\/index.php\/urun\/sovyet-japon-savasi\/"},"modified":"2026-04-15T03:34:59","modified_gmt":"2026-04-15T00:34:59","slug":"sovyet-japon-savasi","status":"publish","type":"product","link":"https:\/\/roveyayinevi.com.tr\/index.php\/urun\/sovyet-japon-savasi\/","title":{"rendered":"Sovyet-Japon Sava\u015f\u0131"},"content":{"rendered":"<p>SOVYETLER JAPONLARI NASIL D\u0130ZE GET\u0130RD\u0130?   \u0130kinci D\u00fcnya Sava\u015f\u0131\u2019n\u0131n Pasifik Cephesi, \u00e7o\u011funlukla ABD ve Japonya aras\u0131ndaki kanl\u0131 \u00e7arp\u0131\u015fmalarla an\u0131l\u0131r. Sovyetler Birli\u011fi\u2019nin Yalta Konferans\u0131\u2019nda ABD ve \u0130ngiltere ile vard\u0131\u011f\u0131 mutabakat gere\u011fi Man\u00e7urya, Kore\u2019nin kuzeyi, Sahalin ve Kuril Adalar\u0131\u2019na h\u00fccum etti\u011fi 1945 tarihli A\u011fustos F\u0131rt\u0131nas\u0131 Harek\u00e2t\u0131 ise genellikle g\u00f6z ard\u0131 edilir. Charles Stephenson\u2019un titiz ara\u015ft\u0131rmalar\u0131na dayanan Sovyet-Japon Sava\u015f\u0131, bu harek\u00e2t\u0131n arka plan\u0131ndaki askeri ve siyasi s\u00fcreci, harek\u00e2t\u0131 ve bunun muhtelif sonu\u00e7lar\u0131n\u0131 titizlikle ele al\u0131yor.   Stephenson K\u0131z\u0131l Ordu\u2019nun Man\u00e7urya, Kore ve Sahalin\u2019deki h\u0131zl\u0131 ilerleyi\u015fini, Japon Kwantung Ordusu\u2019nun \u00e7\u00f6k\u00fc\u015f\u00fcn\u00fc ve Sovyetlerin bu zaferle Uzak Do\u011fu\u2019daki siyasi dengeleri nas\u0131l de\u011fi\u015ftirdi\u011fini inceliyor. Stalin\u2019in bu sava\u015ftaki stratejik hedefleri ve ABD\u2019yle ili\u015fkiler ba\u011flam\u0131nda oynad\u0131\u011f\u0131 karma\u015f\u0131k diplomatik oyun da derinlemesine analiz ediliyor. \u00c7al\u0131\u015fma ayr\u0131ca Japon \u0130mparatorlu\u011fu\u2019nun sava\u015f\u0131n bu son d\u00f6neminde takip etti\u011fi siyaseti, imparatorluk i\u00e7indeki farkl\u0131 g\u00f6r\u00fc\u015f ve hizipleri, atom bombas\u0131 ile Sovyet harek\u00e2t\u0131n\u0131n teslimiyetteki rollerini de mercek alt\u0131na al\u0131yor.   Ar\u015fiv belgelerine dayanan Sovyet-Japon Sava\u015f\u0131, yaln\u0131zca askeri tarih merakl\u0131lar\u0131 i\u00e7in de\u011fil, ayn\u0131 zamanda So\u011fuk Sava\u015f\u2019\u0131n k\u00f6kenleri anlamak isteyenler i\u00e7in de vazge\u00e7ilmez bir kaynak. Japonya\u2019n\u0131n teslimiyetinde Sovyetler Birli\u011fi\u2019nin oynad\u0131\u011f\u0131 rol\u00fc yeniden de\u011ferlendiren bu eser, sava\u015f\u0131n bilinen anlat\u0131s\u0131na yeni bir perspektif sunuyor. <\/p>\n","protected":false},"excerpt":{"rendered":"<p>SOVYETLER JAPONLARI NASIL D\u0130ZE GET\u0130RD\u0130? \u0130kinci D\u00fcnya Sava\u015f\u0131\u2019n\u0131n Pasifik Cephesi, \u00e7o\u011funlukla ABD ve Japonya aras\u0131ndaki kanl\u0131 \u00e7arp\u0131\u015fmalarla an\u0131l\u0131r. Sovyetler Birli\u011fi\u2019nin Yalta Konferans\u0131\u2019nda ABD ve \u0130ngiltere ile<span class=\"excerpt-hellip\"> [\u2026]<\/span><\/p>\n","protected":false},"featured_media":0,"template":"","meta":{"_monsterinsights_skip_tracking":false,"_monsterinsights_sitenote_active":false,"_monsterinsights_sitenote_note":"","_monsterinsights_sitenote_category":0},"product_brand":[],"product_cat":[12305,12304],"product_tag":[],"class_list":{"0":"post-769093","1":"product","2":"type-product","3":"status-publish","5":"product_cat-dunya-tarihi","6":"product_cat-tarih","7":"pa_cilt-ciltsiz","8":"pa_tur-kitap","9":"pa_yayinevi-kronik-kitap","10":"pa_yazar-charles-stephenson","12":"first","13":"instock","14":"sale","15":"shipping-taxable","16":"purchasable","17":"product-type-simple"},"_links":{"self":[{"href":"https:\/\/roveyayinevi.com.tr\/index.php\/wp-json\/wp\/v2\/product\/769093","targetHints":{"allow":["GET"]}}],"collection":[{"href":"https:\/\/roveyayinevi.com.tr\/index.php\/wp-json\/wp\/v2\/product"}],"about":[{"href":"https:\/\/roveyayinevi.com.tr\/index.php\/wp-json\/wp\/v2\/types\/product"}],"wp:attachment":[{"href":"https:\/\/roveyayinevi.com.tr\/index.php\/wp-json\/wp\/v2\/media?parent=769093"}],"wp:term":[{"taxonomy":"product_brand","embeddable":true,"href":"https:\/\/roveyayinevi.com.tr\/index.php\/wp-json\/wp\/v2\/product_brand?post=769093"},{"taxonomy":"product_cat","embeddable":true,"href":"https:\/\/roveyayinevi.com.tr\/index.php\/wp-json\/wp\/v2\/product_cat?post=769093"},{"taxonomy":"product_tag","embeddable":true,"href":"https:\/\/roveyayinevi.com.tr\/index.php\/wp-json\/wp\/v2\/product_tag?post=769093"}],"curies":[{"name":"wp","href":"https:\/\/api.w.org\/{rel}","templated":true}]}}