{"id":769091,"date":"2025-08-28T13:41:49","date_gmt":"2025-08-28T10:41:49","guid":{"rendered":"https:\/\/roveyayinevi.com.tr\/index.php\/urun\/nasil-para-kazanilir\/"},"modified":"2026-04-15T03:34:58","modified_gmt":"2026-04-15T00:34:58","slug":"nasil-para-kazanilir","status":"publish","type":"product","link":"https:\/\/roveyayinevi.com.tr\/index.php\/urun\/nasil-para-kazanilir\/","title":{"rendered":"Nas\u0131l Para Kazan\u0131l\u0131r?"},"content":{"rendered":"<p>ROMALILAR PARAYI SEVERD\u0130. PEK\u0130 AMA NASIL GE\u00c7\u0130N\u0130YOR VE HATTA ZENG\u0130N OLUYORLARDI? ROMALILARIN SERVET Y\u00d6NET\u0130MLER\u0130 BUG\u00dcN B\u0130ZE NELER S\u00d6YLEYEB\u0130L\u0130R?   Princeton University Press\u2019in \u201cG\u00fcn\u00fcm\u00fcz D\u00fcnyas\u0131 i\u00e7in Antik Bilgelik Serisi\u201d Kronik Kitap\u2019ta! Her biri uzman isimlerce haz\u0131rlanan kitaplar, modern ya\u015fam\u0131n karga\u015fas\u0131 i\u00e7erisinde kaybolanlar i\u00e7in bin y\u0131llar\u0131n bilgelik birikimini ula\u015f\u0131labilir k\u0131l\u0131yor. Antik bilgelerin kaleminden \u00e7\u0131kan zamans\u0131z metinlerle seslenen bu eserler yeni ba\u011flamlar, anlamaya yard\u0131mc\u0131 giri\u015f yaz\u0131lar\u0131 ve notlar\u0131yla yeni bir okuma deneyimi sunuyor.   Serinin ilk kitab\u0131 Nas\u0131l Para Kazan\u0131l\u0131r? Ya\u015fl\u0131 Plinius\u2019tan Cicero\u2019ya, Cato\u2019dan Plutharkos\u2019a antik d\u00fcnyan\u0131n b\u00fcy\u00fck d\u00fc\u015f\u00fcn\u00fcrlerinin para kazanma ve serveti idare etme konusundaki g\u00f6r\u00fc\u015flerini ortaya koyuyor. Romal\u0131lar\u0131n para hakk\u0131nda ne d\u00fc\u015f\u00fcnd\u00fcklerini, nas\u0131l para kazand\u0131klar\u0131n\u0131, yat\u0131r\u0131m yapt\u0131klar\u0131n\u0131, harcad\u0131klar\u0131n\u0131, kaybettiklerini ve da\u011f\u0131tt\u0131klar\u0131n\u0131 Para Nas\u0131l Kazan\u0131l\u0131r?\u2019da g\u00f6recek; para kazanma ve y\u00f6netmeye dair bug\u00fcn de ge\u00e7erlili\u011fini koruyan evrensel ilkelerle kar\u015f\u0131la\u015facaks\u0131n\u0131z. Para Nas\u0131l Kazan\u0131l\u0131r?: Servet Y\u00f6netimine Dair Antik Bir Rehber, finansal okuryazarl\u0131\u011f\u0131n\u0131z\u0131 geli\u015ftirmenize ve ekonomik kararlar\u0131n\u0131za tarih\u00ee bir perspektif kazand\u0131rman\u0131za yard\u0131mc\u0131 olacak.<\/p>\n","protected":false},"excerpt":{"rendered":"<p>ROMALILAR PARAYI SEVERD\u0130. PEK\u0130 AMA NASIL GE\u00c7\u0130N\u0130YOR VE HATTA ZENG\u0130N OLUYORLARDI? ROMALILARIN SERVET Y\u00d6NET\u0130MLER\u0130 BUG\u00dcN B\u0130ZE NELER S\u00d6YLEYEB\u0130L\u0130R? Princeton University Press\u2019in \u201cG\u00fcn\u00fcm\u00fcz D\u00fcnyas\u0131 i\u00e7in Antik Bilgelik<span class=\"excerpt-hellip\"> [\u2026]<\/span><\/p>\n","protected":false},"featured_media":0,"template":"","meta":{"_monsterinsights_skip_tracking":false,"_monsterinsights_sitenote_active":false,"_monsterinsights_sitenote_note":"","_monsterinsights_sitenote_category":0},"product_brand":[],"product_cat":[13043],"product_tag":[],"class_list":{"0":"post-769091","1":"product","2":"type-product","3":"status-publish","5":"product_cat-ekonomi","6":"pa_cilt-ciltsiz","7":"pa_tur-kitap","8":"pa_yayinevi-kronik-kitap","9":"pa_yazar-yasli-plinius","11":"first","12":"instock","13":"sale","14":"shipping-taxable","15":"purchasable","16":"product-type-simple"},"_links":{"self":[{"href":"https:\/\/roveyayinevi.com.tr\/index.php\/wp-json\/wp\/v2\/product\/769091","targetHints":{"allow":["GET"]}}],"collection":[{"href":"https:\/\/roveyayinevi.com.tr\/index.php\/wp-json\/wp\/v2\/product"}],"about":[{"href":"https:\/\/roveyayinevi.com.tr\/index.php\/wp-json\/wp\/v2\/types\/product"}],"wp:attachment":[{"href":"https:\/\/roveyayinevi.com.tr\/index.php\/wp-json\/wp\/v2\/media?parent=769091"}],"wp:term":[{"taxonomy":"product_brand","embeddable":true,"href":"https:\/\/roveyayinevi.com.tr\/index.php\/wp-json\/wp\/v2\/product_brand?post=769091"},{"taxonomy":"product_cat","embeddable":true,"href":"https:\/\/roveyayinevi.com.tr\/index.php\/wp-json\/wp\/v2\/product_cat?post=769091"},{"taxonomy":"product_tag","embeddable":true,"href":"https:\/\/roveyayinevi.com.tr\/index.php\/wp-json\/wp\/v2\/product_tag?post=769091"}],"curies":[{"name":"wp","href":"https:\/\/api.w.org\/{rel}","templated":true}]}}