{"id":769090,"date":"2025-08-28T13:41:47","date_gmt":"2025-08-28T10:41:47","guid":{"rendered":"https:\/\/roveyayinevi.com.tr\/index.php\/urun\/antik-dunyanin-yedi-harikasi\/"},"modified":"2026-04-15T03:34:58","modified_gmt":"2026-04-15T00:34:58","slug":"antik-dunyanin-yedi-harikasi","status":"publish","type":"product","link":"https:\/\/roveyayinevi.com.tr\/index.php\/urun\/antik-dunyanin-yedi-harikasi\/","title":{"rendered":"Antik D\u00fcnyan\u0131n Yedi Harikas\u0131"},"content":{"rendered":"<p>ANT\u0130K D\u00dcNYANIN M\u00dcHEND\u0130SL\u0130K HAR\u0130KALARI   Piramitler, Babil\u2019in Asma Bah\u00e7eleri, Olympia\u2019daki Zeus Heykeli, Halikarnassos Mausoleion\u2019u, Efes\u2019teki Artemis Tap\u0131na\u011f\u0131, Rodos Heykeli ve \u0130skenderiye Feneri\u2026 \u0130nsanl\u0131\u011f\u0131n yarat\u0131c\u0131l\u0131\u011f\u0131n\u0131 ve m\u00fchendislik dehas\u0131n\u0131 simgeleyen bu e\u015fsiz yap\u0131lar, iki bin y\u0131l\u0131 a\u015fk\u0131n s\u00fcredir hayranl\u0131k uyand\u0131rmaya devam ediyor. Peki, Antik D\u00fcnyan\u0131n Yedi Harikas\u0131 nas\u0131l in\u015fa edildi? Hangi y\u00f6ntemler ve ko\u015fullar bu ola\u011fan\u00fcst\u00fc projeleri m\u00fcmk\u00fcn k\u0131ld\u0131? Bu harikalardan alt\u0131 tanesi g\u00fcn\u00fcm\u00fczde art\u0131k var olmasa da tarih\u00e7iler ve arkeologlar, bu an\u0131tlar\u0131n yap\u0131lmas\u0131n\u0131n alt\u0131nda yatan sebepleri anlamaya \u00e7al\u0131\u015f\u0131yorlar. Ne var ki bu ara\u015ft\u0131rmalar daha \u00f6nce hi\u00e7 bilim, m\u00fchendislik ve teknolojinin katk\u0131lar\u0131yla, b\u00f6yle kapsaml\u0131 bir tezde sentezlenmemi\u015fti. Michael Denis Higgins, Antik D\u00fcnyan\u0131n Yedi Harikas\u0131 kitab\u0131nda bu g\u00f6rkemli yap\u0131lar\u0131 bilimsel bir bak\u0131\u015f a\u00e7\u0131s\u0131yla yeniden de\u011ferlendiriyor. Antik belgeleri ve arkeolojik bulgular\u0131, m\u00fchendislik ve jeoloji gibi disiplinlerle birle\u015ftirerek her an\u0131t\u0131n detayl\u0131 ve \u00e7ok katmanl\u0131 bir portresini sunuyor. Harikalar\u0131n in\u015fas\u0131na dair temel sorulara yan\u0131t ararken, bu an\u0131tlar\u0131n modern tekniklerle nas\u0131l yeniden in\u015fa edilebileceklerini ve \u00e7evresel ko\u015fullar ile do\u011fal afetlere kar\u015f\u0131 nas\u0131l daha dayan\u0131kl\u0131 h\u00e2le getirilebileceklerini de tart\u0131\u015f\u0131yor. Antik D\u00fcnyan\u0131n Yedi Harikas\u0131 jeoloji, m\u00fchendislik, arkeoloji ve tarihi bir araya getirerek Antik M\u0131s\u0131r, Anadolu ve Yunanistan\u2019daki tarihin en b\u00fcy\u00fck hazinelerinin arka plan\u0131ndaki bilimsel y\u00f6ntemleri g\u00f6zler \u00f6n\u00fcne seriyor. Antik D\u00fcnyan\u0131n Yedi Harikas\u0131 okurlar\u0131 zamanda b\u00fcy\u00fcleyici bir yolculu\u011fa \u00e7\u0131kar\u0131rken insan\u0131n yarat\u0131c\u0131l\u0131\u011f\u0131n\u0131 ve m\u00fchendislikteki ola\u011fan\u00fcst\u00fc ba\u015far\u0131s\u0131n\u0131 ke\u015ffetmeye davet ediyor. <\/p>\n","protected":false},"excerpt":{"rendered":"<p>ANT\u0130K D\u00dcNYANIN M\u00dcHEND\u0130SL\u0130K HAR\u0130KALARI Piramitler, Babil\u2019in Asma Bah\u00e7eleri, Olympia\u2019daki Zeus Heykeli, Halikarnassos Mausoleion\u2019u, Efes\u2019teki Artemis Tap\u0131na\u011f\u0131, Rodos Heykeli ve \u0130skenderiye Feneri\u2026 \u0130nsanl\u0131\u011f\u0131n yarat\u0131c\u0131l\u0131\u011f\u0131n\u0131 ve m\u00fchendislik dehas\u0131n\u0131<span class=\"excerpt-hellip\"> [\u2026]<\/span><\/p>\n","protected":false},"featured_media":0,"template":"","meta":{"_monsterinsights_skip_tracking":false,"_monsterinsights_sitenote_active":false,"_monsterinsights_sitenote_note":"","_monsterinsights_sitenote_category":0},"product_brand":[],"product_cat":[12304],"product_tag":[],"class_list":{"0":"post-769090","1":"product","2":"type-product","3":"status-publish","5":"product_cat-tarih","6":"pa_cilt-ciltsiz","7":"pa_tur-kitap","8":"pa_yayinevi-kronik-kitap","9":"pa_yazar-michael-denis-higgins","11":"first","12":"instock","13":"sale","14":"shipping-taxable","15":"purchasable","16":"product-type-simple"},"_links":{"self":[{"href":"https:\/\/roveyayinevi.com.tr\/index.php\/wp-json\/wp\/v2\/product\/769090","targetHints":{"allow":["GET"]}}],"collection":[{"href":"https:\/\/roveyayinevi.com.tr\/index.php\/wp-json\/wp\/v2\/product"}],"about":[{"href":"https:\/\/roveyayinevi.com.tr\/index.php\/wp-json\/wp\/v2\/types\/product"}],"wp:attachment":[{"href":"https:\/\/roveyayinevi.com.tr\/index.php\/wp-json\/wp\/v2\/media?parent=769090"}],"wp:term":[{"taxonomy":"product_brand","embeddable":true,"href":"https:\/\/roveyayinevi.com.tr\/index.php\/wp-json\/wp\/v2\/product_brand?post=769090"},{"taxonomy":"product_cat","embeddable":true,"href":"https:\/\/roveyayinevi.com.tr\/index.php\/wp-json\/wp\/v2\/product_cat?post=769090"},{"taxonomy":"product_tag","embeddable":true,"href":"https:\/\/roveyayinevi.com.tr\/index.php\/wp-json\/wp\/v2\/product_tag?post=769090"}],"curies":[{"name":"wp","href":"https:\/\/api.w.org\/{rel}","templated":true}]}}