{"id":769089,"date":"2025-08-28T13:41:46","date_gmt":"2025-08-28T10:41:46","guid":{"rendered":"https:\/\/roveyayinevi.com.tr\/index.php\/urun\/hayalini-yorganina-gore-uzat\/"},"modified":"2026-04-15T03:34:58","modified_gmt":"2026-04-15T00:34:58","slug":"hayalini-yorganina-gore-uzat","status":"publish","type":"product","link":"https:\/\/roveyayinevi.com.tr\/index.php\/urun\/hayalini-yorganina-gore-uzat\/","title":{"rendered":"Hayalini Yorgan\u0131na G\u00f6re Uzat"},"content":{"rendered":"<p>ENERJ\u0130M\u0130Z\u0130 NEREYE KOYARSAKHAYAT ORADA GEL\u0130\u015e\u0130R. D\u00fcnyadaki t\u00fcm insanlara demokratik olarak verilmi\u015f tek \u015fey zamand\u0131r. B\u00fct\u00fcn insanlar\u0131n aylar\u0131 otuz, haftalar\u0131 yedi g\u00fcn, bir g\u00fcnleri yirmi d\u00f6rt saat, bir saatleri de altm\u0131\u015f dakikad\u0131r. O h\u00e2lde baz\u0131 insanlar\u0131 ya\u015fad\u0131klar\u0131 hayat kalitesi a\u00e7\u0131s\u0131ndan di\u011ferlerinden ay\u0131ran nedir? Yayg\u0131n anlay\u0131\u015fa g\u00f6re, ba\u015far\u0131n\u0131n s\u0131rr\u0131 istemekte yatar. Hi\u00e7 \u015f\u00fcphesiz b\u00fct\u00fcn ba\u015faranlar isteyenler aras\u0131ndan \u00e7\u0131kar. Ancak hepimiz biliyoruz ki \u201cisteyenlerin\u201d \u00e7o\u011fu ya yar\u0131 yolda kal\u0131r ya da ba\u015far\u0131s\u0131z olur. \u0130stemekle ba\u015farmak aras\u0131nda san\u0131ld\u0131\u011f\u0131 gibi kuvvetli de\u011fil, zay\u0131f bir ili\u015fki vard\u0131r. Ba\u015far\u0131l\u0131 ve mutlu bir hayat i\u00e7in ki\u015finin, istemenin \u00f6tesinde, kendi ger\u00e7eklerini fark etmesi, ba\u015farabilece\u011fi alanlara y\u00f6nelmesi ve b\u00fct\u00fcn enerjisini o alana odaklamas\u0131 gerekir. \u00c7\u00fcnk\u00fc tutkunun ve sevginin birinci i\u015fareti odaklanmad\u0131r. \u00d6mr\u00fcm\u00fcz\u00fcn uzunlu\u011fu elimizde olmasa da derinli\u011fi ve yo\u011funlu\u011fu tamamen bizim elimizdedir. Enerjinizi yar\u0131n sabahtan itibaren tutkunuza, hedeflerinize, i\u015finize ve ailenize odaklayacak olsan\u0131z hayat\u0131n\u0131zda neler de\u011fi\u015fmeye ba\u015flard\u0131? Bir d\u00fc\u015f\u00fcn\u00fcn ve kendinize \u015fu sorular\u0131 sorun: \u201cEn derinde yer alan de\u011ferlerimle uyumlu bir hayat ya\u015fayabilmem i\u00e7in enerjimi nas\u0131l kullanmal\u0131y\u0131m?\u201d  \u201cEnerjimi \u015fimdi nas\u0131l kullan\u0131yorum?\u201d  Yar\u0131m as\u0131rl\u0131k mesleki kariyeri, yetmi\u015f y\u0131l\u0131 a\u015fk\u0131n ya\u015fam tecr\u00fcbesiyle psikolojiyi bilimsel temelinden uzakla\u015fmadan geni\u015f kitleler i\u00e7in anla\u015f\u0131l\u0131r k\u0131lan Acar Balta\u015f\u2019\u0131n kaleminden, i\u015f ve \u00f6zel hayattaki yayg\u0131n anlay\u0131\u015flar\u0131 temelinden sarsan, \u201cba\u015far\u0131\u201d alg\u0131m\u0131za farkl\u0131 ve \u00e7arp\u0131c\u0131 bir yakla\u015f\u0131m sunan bir eser\u2026 Hayalini Yorgan\u0131na G\u00f6re Uzat; insanlar\u0131n hayallerini s\u0131n\u0131rlamak i\u00e7in de\u011fil, enerjilerini do\u011fru alana odaklamalar\u0131 gerekti\u011fini vurgulamak i\u00e7in yaz\u0131ld\u0131. Hayat\u0131yla ilgili sorular sormak, zihninde soru i\u015faretleri yaratmak ve bunlar\u0131n alt\u0131n\u0131 al\u0131\u015f\u0131lm\u0131\u015f kli\u015felerden farkl\u0131 yakla\u015f\u0131mlarla doldurmak isteyen herkes i\u00e7in\u2026 \u015eimdi s\u0131ra sende! <\/p>\n","protected":false},"excerpt":{"rendered":"<p>ENERJ\u0130M\u0130Z\u0130 NEREYE KOYARSAKHAYAT ORADA GEL\u0130\u015e\u0130R. D\u00fcnyadaki t\u00fcm insanlara demokratik olarak verilmi\u015f tek \u015fey zamand\u0131r. B\u00fct\u00fcn insanlar\u0131n aylar\u0131 otuz, haftalar\u0131 yedi g\u00fcn, bir g\u00fcnleri yirmi d\u00f6rt saat,<span class=\"excerpt-hellip\"> [\u2026]<\/span><\/p>\n","protected":false},"featured_media":0,"template":"","meta":{"_monsterinsights_skip_tracking":false,"_monsterinsights_sitenote_active":false,"_monsterinsights_sitenote_note":"","_monsterinsights_sitenote_category":0},"product_brand":[],"product_cat":[13835],"product_tag":[],"class_list":{"0":"post-769089","1":"product","2":"type-product","3":"status-publish","5":"product_cat-cok-satanlar","6":"pa_cilt-ciltsiz","7":"pa_tur-kitap","8":"pa_yayinevi-kronik-kitap","9":"pa_yazar-acar-baltas","11":"first","12":"instock","13":"sale","14":"shipping-taxable","15":"purchasable","16":"product-type-simple"},"_links":{"self":[{"href":"https:\/\/roveyayinevi.com.tr\/index.php\/wp-json\/wp\/v2\/product\/769089","targetHints":{"allow":["GET"]}}],"collection":[{"href":"https:\/\/roveyayinevi.com.tr\/index.php\/wp-json\/wp\/v2\/product"}],"about":[{"href":"https:\/\/roveyayinevi.com.tr\/index.php\/wp-json\/wp\/v2\/types\/product"}],"wp:attachment":[{"href":"https:\/\/roveyayinevi.com.tr\/index.php\/wp-json\/wp\/v2\/media?parent=769089"}],"wp:term":[{"taxonomy":"product_brand","embeddable":true,"href":"https:\/\/roveyayinevi.com.tr\/index.php\/wp-json\/wp\/v2\/product_brand?post=769089"},{"taxonomy":"product_cat","embeddable":true,"href":"https:\/\/roveyayinevi.com.tr\/index.php\/wp-json\/wp\/v2\/product_cat?post=769089"},{"taxonomy":"product_tag","embeddable":true,"href":"https:\/\/roveyayinevi.com.tr\/index.php\/wp-json\/wp\/v2\/product_tag?post=769089"}],"curies":[{"name":"wp","href":"https:\/\/api.w.org\/{rel}","templated":true}]}}