{"id":769088,"date":"2025-08-28T13:41:43","date_gmt":"2025-08-28T10:41:43","guid":{"rendered":"https:\/\/roveyayinevi.com.tr\/index.php\/urun\/mezarlarinda-dua-eden-olmadi\/"},"modified":"2026-04-15T03:34:58","modified_gmt":"2026-04-15T00:34:58","slug":"mezarlarinda-dua-eden-olmadi","status":"publish","type":"product","link":"https:\/\/roveyayinevi.com.tr\/index.php\/urun\/mezarlarinda-dua-eden-olmadi\/","title":{"rendered":"Mezarlar\u0131nda Dua Eden Olmad\u0131"},"content":{"rendered":"<p>Kim \u00f6lu\u0308 bir \u015fehri defnedebilirdi ki? \u00c7a\u011fda\u015f Arap edebiyat\u0131n\u0131n \u00f6d\u00fcll\u00fc yazarlar\u0131ndan Halid Halife&#8217;nin kaleminden \u00e7\u0131kan Mezarlar\u0131nda Dua Eden Olmad\u0131, \u00f6l\u00fcm\u00fcn kadim bir \u015fehri ve sakinlerini nas\u0131l \u015fekillendirdi\u011fini g\u00f6zler \u00f6n\u00fcne seren destans\u0131 bir anlat\u0131.  \u00d6lu\u0308m bazen yan\u0131 ba\u015f\u0131m\u0131zda yal\u0131nayak yu\u0308ru\u0308r; kap\u0131 aral\u0131klar\u0131ndan, sokak k\u00f6\u015felerinden, sars\u0131l\u0131p \u00e7\u00f6ken binalardan, elden ele dola\u015fan \u00f6fkeli me\u015falelerden ya da bir nehrin ta\u015fan sular\u0131ndan yay\u0131l\u0131r. Hanna ve Zekeriya&#8217;n\u0131n 1907 k\u0131\u015f\u0131nda F\u0131rat Nehri&#8217;nin azg\u0131n sular\u0131n\u0131n yaratt\u0131\u011f\u0131 bir tufanla k\u00f6k\u00fcnden sars\u0131lan ya\u015famlar\u0131n\u0131 konu eden bu \u00e7oksesli roman, bir \u00f6mru\u0308 beraber yu\u0308ru\u0308yen, biri H\u0131ristiyan di\u011feri Mu\u0308slu\u0308man iki erke\u011fin dostlu\u011fu \u00fczerinden s\u00fcrekli s\u0131nanan bir co\u011frafyan\u0131n hik\u00e2yesini anlat\u0131yor.  Ba\u015fta Halep olmak \u00fczere Suriye&#8217;nin on y\u0131llar i\u00e7indeki de\u011fi\u015fimine ve d\u00f6n\u00fc\u015f\u00fcm\u00fcne ayna tutan kitap; okuru ge\u00e7mi\u015fle gelece\u011fin gelgitlerindeki \u00e7\u0131kmaz sokaklarda dola\u015ft\u0131r\u0131rken Mardin&#8217;e, \u0130stanbul&#8217;a ve hatta Venedik&#8217;e kadar g\u00f6t\u00fcr\u00fcyor.    B\u00fcy\u00fcl\u00fc ger\u00e7ek\u00e7ili\u011fi ac\u0131mas\u0131z ger\u00e7eklerle harmanlayarak y\u00fcrek burkan bir metne imza atan Halife; do\u011fas\u0131, imk\u00e2ns\u0131z a\u015fklar\u0131, hayalleri, mucizeleri, katliamlar\u0131, liberalleri, muhafazak\u00e2rlar\u0131, isyanc\u0131lar\u0131 ve modernleriyle kaderine boyun e\u011fmeye zorlanan bir toplumun kanayan damarlar\u0131n\u0131 ince ince i\u015fliyor. Bu topraklar\u0131n toplu mezarlarla, \u00e7aresiz insanlar\u0131n kemikleriyle dolu oldu\u011funu d\u00fc\u015f\u00fcnd\u00fc.Ne cenazelerini defneden olmu\u015ftu ne de onlar i\u00e7in dua eden.<\/p>\n","protected":false},"excerpt":{"rendered":"<p>Kim \u00f6lu\u0308 bir \u015fehri defnedebilirdi ki? \u00c7a\u011fda\u015f Arap edebiyat\u0131n\u0131n \u00f6d\u00fcll\u00fc yazarlar\u0131ndan Halid Halife&#8217;nin kaleminden \u00e7\u0131kan Mezarlar\u0131nda Dua Eden Olmad\u0131, \u00f6l\u00fcm\u00fcn kadim bir \u015fehri ve sakinlerini nas\u0131l<span class=\"excerpt-hellip\"> [\u2026]<\/span><\/p>\n","protected":false},"featured_media":0,"template":"","meta":{"_monsterinsights_skip_tracking":false,"_monsterinsights_sitenote_active":false,"_monsterinsights_sitenote_note":"","_monsterinsights_sitenote_category":0},"product_brand":[],"product_cat":[12291,12711],"product_tag":[],"class_list":{"0":"post-769088","1":"product","2":"type-product","3":"status-publish","5":"product_cat-edebiyat","6":"product_cat-roman-oyku","7":"pa_cilt-ciltsiz","8":"pa_tur-kitap","9":"pa_yayinevi-delidolu","10":"pa_yazar-halid-halife","12":"first","13":"instock","14":"sale","15":"shipping-taxable","16":"purchasable","17":"product-type-simple"},"_links":{"self":[{"href":"https:\/\/roveyayinevi.com.tr\/index.php\/wp-json\/wp\/v2\/product\/769088","targetHints":{"allow":["GET"]}}],"collection":[{"href":"https:\/\/roveyayinevi.com.tr\/index.php\/wp-json\/wp\/v2\/product"}],"about":[{"href":"https:\/\/roveyayinevi.com.tr\/index.php\/wp-json\/wp\/v2\/types\/product"}],"wp:attachment":[{"href":"https:\/\/roveyayinevi.com.tr\/index.php\/wp-json\/wp\/v2\/media?parent=769088"}],"wp:term":[{"taxonomy":"product_brand","embeddable":true,"href":"https:\/\/roveyayinevi.com.tr\/index.php\/wp-json\/wp\/v2\/product_brand?post=769088"},{"taxonomy":"product_cat","embeddable":true,"href":"https:\/\/roveyayinevi.com.tr\/index.php\/wp-json\/wp\/v2\/product_cat?post=769088"},{"taxonomy":"product_tag","embeddable":true,"href":"https:\/\/roveyayinevi.com.tr\/index.php\/wp-json\/wp\/v2\/product_tag?post=769088"}],"curies":[{"name":"wp","href":"https:\/\/api.w.org\/{rel}","templated":true}]}}