{"id":769087,"date":"2025-08-28T13:41:41","date_gmt":"2025-08-28T10:41:41","guid":{"rendered":"https:\/\/roveyayinevi.com.tr\/index.php\/urun\/thk-turk-havacilik-kronolojisi\/"},"modified":"2026-04-15T03:34:58","modified_gmt":"2026-04-15T00:34:58","slug":"thk-turk-havacilik-kronolojisi","status":"publish","type":"product","link":"https:\/\/roveyayinevi.com.tr\/index.php\/urun\/thk-turk-havacilik-kronolojisi\/","title":{"rendered":"THK &#8211; T\u00fcrk Havac\u0131l\u0131k Kronolojisi"},"content":{"rendered":"<p>Mustafa KILI\u00c7 (1959, Eski\u015fehir) Havac\u0131l\u0131\u011fa Ankara para\u015f\u00fct kulesinden atlay\u0131\u015flar ile ba\u015flad\u0131. 1977 y\u0131l\u0131nda T\u00fcrk Hava Kurumu (THK) \u0130n\u00f6n\u00fc E\u011fitim Merkezinde para\u015f\u00fct ba\u015flang\u0131\u00e7 e\u011fitimi ald\u0131. Eski\u015fehir Bah\u00e7elievler Lisesi Havac\u0131l\u0131k Kolunu kurdu. Hava Teknik Okullar\u0131\u2019n\u0131 1978 y\u0131l\u0131nda bitirdikten sonra Hava Astsubay olarak ilk birli\u011fi Sinop, Ayanc\u0131k\u2019a gitti. Bir\u00e7ok model u\u00e7a\u011f\u0131n\u0131 denizde ya da ormanda kaybetti. Diyarbak\u0131r B\u00f6lge Harek\u00e2t Merkezi\u2019nde 1983-88 y\u0131llar\u0131nda g\u00f6rev yapt\u0131. Ankara, Hava Kuvvetleri Kararg\u00e2h\u0131nda, Radar K\u0131ymetlendirme K\u0131tas\u0131nda Kalite Kontrol \u00f6\u011fretmenli\u011fi yapt\u0131. Anadolu \u00dcniversitesini bu y\u0131llarda bitirdi. Ahlatl\u0131bel Radar\u0131nda m\u00fcbadele personel koordinat\u00f6rl\u00fc\u011f\u00fcn\u00fc y\u00fcr\u00fctt\u00fc. Emekli oldu\u011fu 2002 y\u0131l\u0131na kadar Emir Astsubayl\u0131\u011f\u0131 g\u00f6revinde bulundu. Son olarak THK 22. Genel Ba\u015fkan\u0131 Korg. Erdo\u011fan Karaku\u015f ile birlikte iken yolu THK ile bir kez daha kesi\u015fti. 2002 y\u0131l\u0131nda a\u00e7\u0131lan THK M\u00fczesinin kurucular\u0131 aras\u0131nda yer ald\u0131 ve ilk amiri olarak g\u00f6rev yapt\u0131. Havac\u0131l\u0131k tarihi, \u00f6zellikle THK tarihi ile ilgili ara\u015ft\u0131rmalara yo\u011funluk verdi. \u00c7e\u015fitli dergilerde makaleleri yay\u0131mland\u0131. THK U\u00e7ant\u00fcrk dergisinde tarihsel yaz\u0131lar ve foto\u011fraflar yay\u0131mlad\u0131. Kurulu\u015f y\u0131ld\u00f6n\u00fcm\u00fc, kitap fuarlar\u0131, b\u00f6lgesel faaliyet kapsam\u0131nda foto\u011fraf ve belgeler sergisi a\u00e7t\u0131. THK K\u00fclt\u00fcr Yay\u0131nlar\u0131ndan \u201c THK-13 U\u00e7an Kanat \u201d kitab\u0131n\u0131 yay\u0131mlad\u0131. 2006 y\u0131l\u0131 sonlar\u0131nda THK Bas\u0131mevi K\u0131s\u0131m \u015eefi olarak atand\u0131. Uzun y\u0131llar \u00fczerinde \u00e7al\u0131\u015ft\u0131\u011f\u0131 \u201c THK Dizinseli \u201d adl\u0131 kitab\u0131 THK y\u00f6neticileri taraf\u0131ndan dikkate al\u0131nmad\u0131. Bas\u0131mevinde ve THK y\u00f6netiminde g\u00f6zlemledi\u011fi olumsuzluklar\u0131 payla\u015fmaya ba\u015flay\u0131nca 2012 y\u0131l\u0131nda THK\u2019dan kovuldu. THK\u2019dan kovulunca bas\u0131lm\u0131\u015f ve t\u00fcm geliri THK\u2019na b\u0131rak\u0131lm\u0131\u015f \u201c THK-13 U\u00e7an Kanat \u201d kitab\u0131 imha edildi. 2017 y\u0131l\u0131nda \u201c Son Tayyareci \u201d adl\u0131 kitab\u0131n\u0131 yay\u0131mlad\u0131. 2020 y\u0131l\u0131nda \u201cAyanc\u0131k Sen Benim \u0130lk A\u015fk\u0131ms\u0131n\u201d Bu an\u0131 kitab\u0131n\u0131 yay\u0131mlayarak, Sinop \/ Ayanc\u0131k\u2019a olan borcunu \u00f6deyebilece\u011fini sand\u0131. 2021 y\u0131l\u0131nda, imha edilen\u201c U\u00e7an Kanat \u201d kitab\u0131n\u0131 geni\u015fletilerek tekrar yay\u0131mlad\u0131. Elinizdeki \u201c THK Kronolojisi \u2013 THK Dizinseli \u201d adl\u0131 \u00e7al\u0131\u015fma, OTA\u011e ( Olcay Tarih- Arkeoloji Ara\u015ft\u0131rmalar\u0131 Grubu ) destekleri ile hayata ge\u00e7irildi. Mustafa K\u0131l\u0131\u00e7, halen STK\u2019larda, \u00dcniversitelerde ve televizyonlarda THK\u2019y\u0131 anlatmaya devam ediyor. \u00c7al\u0131\u015fmalar\u0131n\u0131 \u201c U\u00e7man Avni Yayk\u0131n \u201dve \u201c T\u00fcrkku\u015fu \u201d adl\u0131 kitaplarda yay\u0131mlamay\u0131 planl\u0131yor. OTA\u011e Hakk\u0131nda : \u2018OTA\u011e\u2019 Olcay Tarih-Arkeoloji Ara\u015ft\u0131rmalar\u0131 Gurubu olarak 2Er Ltd \u015eti Kurucu Orta\u011f\u0131 Say\u0131n Erbil Olcay taraf\u0131ndan ferdi olarak olu\u015fturulmu\u015f bir giri\u015fimdir. Tarih ve Arkeoloji Alanlar\u0131nda yap\u0131lan ara\u015ft\u0131rma ve \u00e7al\u0131\u015fmalar\u0131 desteklemek ilkesini benimseyen Erbil Olcay Mimar ve ayn\u0131 zamanda tarih\u00e7idir. \u00dc\u00e7 nesil, Yemenden \u00c7anakkale\u2019ye ve K\u0131br\u0131s \u00c7\u0131kartmalar\u0131na uzanan asker k\u00f6kenli bir ailenin ferdi olarak misyonunu Tarihe destek olarak s\u00fcrd\u00fcrmektedir. <\/p>\n","protected":false},"excerpt":{"rendered":"<p>Mustafa KILI\u00c7 (1959, Eski\u015fehir) Havac\u0131l\u0131\u011fa Ankara para\u015f\u00fct kulesinden atlay\u0131\u015flar ile ba\u015flad\u0131. 1977 y\u0131l\u0131nda T\u00fcrk Hava Kurumu (THK) \u0130n\u00f6n\u00fc E\u011fitim Merkezinde para\u015f\u00fct ba\u015flang\u0131\u00e7 e\u011fitimi ald\u0131. Eski\u015fehir Bah\u00e7elievler<span class=\"excerpt-hellip\"> [\u2026]<\/span><\/p>\n","protected":false},"featured_media":0,"template":"","meta":{"_monsterinsights_skip_tracking":false,"_monsterinsights_sitenote_active":false,"_monsterinsights_sitenote_note":"","_monsterinsights_sitenote_category":0},"product_brand":[],"product_cat":[13005],"product_tag":[],"class_list":{"0":"post-769087","1":"product","2":"type-product","3":"status-publish","5":"product_cat-bilim-muhendislik","6":"pa_cilt-ciltsiz","7":"pa_tur-kitap","8":"pa_yayinevi-soncag","9":"pa_yazar-mustafa-kilic","11":"first","12":"instock","13":"sale","14":"shipping-taxable","15":"purchasable","16":"product-type-simple"},"_links":{"self":[{"href":"https:\/\/roveyayinevi.com.tr\/index.php\/wp-json\/wp\/v2\/product\/769087","targetHints":{"allow":["GET"]}}],"collection":[{"href":"https:\/\/roveyayinevi.com.tr\/index.php\/wp-json\/wp\/v2\/product"}],"about":[{"href":"https:\/\/roveyayinevi.com.tr\/index.php\/wp-json\/wp\/v2\/types\/product"}],"wp:attachment":[{"href":"https:\/\/roveyayinevi.com.tr\/index.php\/wp-json\/wp\/v2\/media?parent=769087"}],"wp:term":[{"taxonomy":"product_brand","embeddable":true,"href":"https:\/\/roveyayinevi.com.tr\/index.php\/wp-json\/wp\/v2\/product_brand?post=769087"},{"taxonomy":"product_cat","embeddable":true,"href":"https:\/\/roveyayinevi.com.tr\/index.php\/wp-json\/wp\/v2\/product_cat?post=769087"},{"taxonomy":"product_tag","embeddable":true,"href":"https:\/\/roveyayinevi.com.tr\/index.php\/wp-json\/wp\/v2\/product_tag?post=769087"}],"curies":[{"name":"wp","href":"https:\/\/api.w.org\/{rel}","templated":true}]}}