{"id":769086,"date":"2025-08-28T13:41:39","date_gmt":"2025-08-28T10:41:39","guid":{"rendered":"https:\/\/roveyayinevi.com.tr\/index.php\/urun\/aaa-sinif-arkadasim-bir-robotmus\/"},"modified":"2026-04-15T03:34:58","modified_gmt":"2026-04-15T00:34:58","slug":"aaa-sinif-arkadasim-bir-robotmus","status":"publish","type":"product","link":"https:\/\/roveyayinevi.com.tr\/index.php\/urun\/aaa-sinif-arkadasim-bir-robotmus\/","title":{"rendered":"Aaa! S\u0131n\u0131f Arkada\u015f\u0131m Bir Robotmu\u015f!"},"content":{"rendered":"<p>Ay\u015fe \u00d6\u011fretmen tam tahtaya d\u00f6n\u00fcp bir \u015feyler yaz\u0131yordu ki kap\u0131 nazik\u00e7e vuruldu. T\u00fcm g\u00f6zler kap\u0131ya \u00e7evrildi. S\u0131n\u0131fa uzun boylu ve ince bir adam girdi. M\u00fcd\u00fcr yard\u0131mc\u0131s\u0131 oldu\u011funu belli eden ciddi bir y\u00fcz ifadesi vard\u0131. Yan\u0131nda ise s\u0131rt\u0131nda sade bir \u00e7anta ta\u015f\u0131yan bir \u00e7ocuk duruyordu. \u00c7ocuk, \u00e7evresine bakmadan, ba\u015f\u0131 dik bir \u015fekilde \u00f6\u011fretmene do\u011fru y\u00fcr\u00fcd\u00fc. \u201c\u00c7ocuklar,\u201d dedi m\u00fcd\u00fcr yard\u0131mc\u0131s\u0131, \u201cbu y\u0131l s\u0131n\u0131f\u0131n\u0131za yeni bir \u00f6\u011frenci kat\u0131ld\u0131. Tan\u0131\u015f\u0131n: Atlas.\u201d Ve macera i\u015fte o an ba\u015flad\u0131.    <\/p>\n","protected":false},"excerpt":{"rendered":"<p>Ay\u015fe \u00d6\u011fretmen tam tahtaya d\u00f6n\u00fcp bir \u015feyler yaz\u0131yordu ki kap\u0131 nazik\u00e7e vuruldu. T\u00fcm g\u00f6zler kap\u0131ya \u00e7evrildi. S\u0131n\u0131fa uzun boylu ve ince bir adam girdi. M\u00fcd\u00fcr yard\u0131mc\u0131s\u0131<span class=\"excerpt-hellip\"> [\u2026]<\/span><\/p>\n","protected":false},"featured_media":0,"template":"","meta":{"_monsterinsights_skip_tracking":false,"_monsterinsights_sitenote_active":false,"_monsterinsights_sitenote_note":"","_monsterinsights_sitenote_category":0},"product_brand":[],"product_cat":[12274,12284],"product_tag":[],"class_list":{"0":"post-769086","1":"product","2":"type-product","3":"status-publish","5":"product_cat-cocuk-ve-genclik-kitaplari","6":"product_cat-hikayeler","7":"pa_cilt-ciltsiz","8":"pa_tur-kitap","9":"pa_yayinevi-ugi-cocuk","10":"pa_yazar-cem-sahin","12":"first","13":"instock","14":"sale","15":"shipping-taxable","16":"purchasable","17":"product-type-simple"},"_links":{"self":[{"href":"https:\/\/roveyayinevi.com.tr\/index.php\/wp-json\/wp\/v2\/product\/769086","targetHints":{"allow":["GET"]}}],"collection":[{"href":"https:\/\/roveyayinevi.com.tr\/index.php\/wp-json\/wp\/v2\/product"}],"about":[{"href":"https:\/\/roveyayinevi.com.tr\/index.php\/wp-json\/wp\/v2\/types\/product"}],"wp:attachment":[{"href":"https:\/\/roveyayinevi.com.tr\/index.php\/wp-json\/wp\/v2\/media?parent=769086"}],"wp:term":[{"taxonomy":"product_brand","embeddable":true,"href":"https:\/\/roveyayinevi.com.tr\/index.php\/wp-json\/wp\/v2\/product_brand?post=769086"},{"taxonomy":"product_cat","embeddable":true,"href":"https:\/\/roveyayinevi.com.tr\/index.php\/wp-json\/wp\/v2\/product_cat?post=769086"},{"taxonomy":"product_tag","embeddable":true,"href":"https:\/\/roveyayinevi.com.tr\/index.php\/wp-json\/wp\/v2\/product_tag?post=769086"}],"curies":[{"name":"wp","href":"https:\/\/api.w.org\/{rel}","templated":true}]}}