{"id":769085,"date":"2025-08-28T13:41:37","date_gmt":"2025-08-28T10:41:37","guid":{"rendered":"https:\/\/roveyayinevi.com.tr\/index.php\/urun\/dreambeat\/"},"modified":"2026-04-15T03:34:58","modified_gmt":"2026-04-15T00:34:58","slug":"dreambeat","status":"publish","type":"product","link":"https:\/\/roveyayinevi.com.tr\/index.php\/urun\/dreambeat\/","title":{"rendered":"DreamBeat"},"content":{"rendered":"<p>Elif 13-14 ya\u015flar\u0131nda T\u00fcrk bir gen\u00e7 k\u0131zd\u0131r. K\u00fc\u00e7\u00fckl\u00fc\u011f\u00fcnden beri m\u00fczi\u011fe olan ilgisi, bir g\u00fcn onu Kore&#8217;ye kadar g\u00f6t\u00fcr\u00fcr. Kore\u2019ye ailesiyle bir tatil ya da de\u011fi\u015fim program\u0131 i\u00e7in gider. Burada tesad\u00fcfen bir grup Koreli gen\u00e7 k\u0131zla tan\u0131\u015f\u0131r. K\u0131zlar\u0131n her biri m\u00fczi\u011fe tutkuyla ba\u011fl\u0131d\u0131r. \u0130lk ba\u015fta sadece arkada\u015f olmak i\u00e7in bir araya gelirler ancak sonras\u0131nda bir m\u00fczik grubu kurmaya karar verirler. Bu s\u00fcre\u00e7te hayallerini ger\u00e7ekle\u015ftirmek i\u00e7in \u00e7ok \u00e7al\u0131\u015f\u0131rlar. Hem k\u00fclt\u00fcrel farkl\u0131l\u0131klar\u0131 a\u015farak dostluklar\u0131n\u0131 g\u00fc\u00e7lendirirler hem de m\u00fczi\u011fin evrenselli\u011fi sayesinde bir ba\u015far\u0131 hik\u00e2yesi yazarlar. <\/p>\n","protected":false},"excerpt":{"rendered":"<p>Elif 13-14 ya\u015flar\u0131nda T\u00fcrk bir gen\u00e7 k\u0131zd\u0131r. K\u00fc\u00e7\u00fckl\u00fc\u011f\u00fcnden beri m\u00fczi\u011fe olan ilgisi, bir g\u00fcn onu Kore&#8217;ye kadar g\u00f6t\u00fcr\u00fcr. Kore\u2019ye ailesiyle bir tatil ya da de\u011fi\u015fim program\u0131<span class=\"excerpt-hellip\"> [\u2026]<\/span><\/p>\n","protected":false},"featured_media":0,"template":"","meta":{"_monsterinsights_skip_tracking":false,"_monsterinsights_sitenote_active":false,"_monsterinsights_sitenote_note":"","_monsterinsights_sitenote_category":0},"product_brand":[],"product_cat":[12274,12284],"product_tag":[],"class_list":{"0":"post-769085","1":"product","2":"type-product","3":"status-publish","5":"product_cat-cocuk-ve-genclik-kitaplari","6":"product_cat-hikayeler","7":"pa_cilt-ciltsiz","8":"pa_tur-kitap","9":"pa_yayinevi-ugi-cocuk","10":"pa_yazar-cem-sahin","12":"first","13":"instock","14":"sale","15":"shipping-taxable","16":"purchasable","17":"product-type-simple"},"_links":{"self":[{"href":"https:\/\/roveyayinevi.com.tr\/index.php\/wp-json\/wp\/v2\/product\/769085","targetHints":{"allow":["GET"]}}],"collection":[{"href":"https:\/\/roveyayinevi.com.tr\/index.php\/wp-json\/wp\/v2\/product"}],"about":[{"href":"https:\/\/roveyayinevi.com.tr\/index.php\/wp-json\/wp\/v2\/types\/product"}],"wp:attachment":[{"href":"https:\/\/roveyayinevi.com.tr\/index.php\/wp-json\/wp\/v2\/media?parent=769085"}],"wp:term":[{"taxonomy":"product_brand","embeddable":true,"href":"https:\/\/roveyayinevi.com.tr\/index.php\/wp-json\/wp\/v2\/product_brand?post=769085"},{"taxonomy":"product_cat","embeddable":true,"href":"https:\/\/roveyayinevi.com.tr\/index.php\/wp-json\/wp\/v2\/product_cat?post=769085"},{"taxonomy":"product_tag","embeddable":true,"href":"https:\/\/roveyayinevi.com.tr\/index.php\/wp-json\/wp\/v2\/product_tag?post=769085"}],"curies":[{"name":"wp","href":"https:\/\/api.w.org\/{rel}","templated":true}]}}