{"id":769083,"date":"2025-08-28T13:41:31","date_gmt":"2025-08-28T10:41:31","guid":{"rendered":"https:\/\/roveyayinevi.com.tr\/index.php\/urun\/peppa-pig-sebze-bahcesinde\/"},"modified":"2026-04-08T03:31:15","modified_gmt":"2026-04-08T00:31:15","slug":"peppa-pig-sebze-bahcesinde","status":"publish","type":"product","link":"https:\/\/roveyayinevi.com.tr\/index.php\/urun\/peppa-pig-sebze-bahcesinde\/","title":{"rendered":"Peppa Pig Sebze Bah\u00e7esinde"},"content":{"rendered":"<p>Peppa ve George bah\u00e7ede B\u00fcy\u00fckbabac\u0131k\u2019a yard\u0131m etmeyi \u00e7ok seviyor. Birlikte tohum ekiyor, sebzeleri suluyor, ku\u015flar\u0131 uzak tutmak i\u00e7in bir korkuluk yap\u0131yor ve leziz yemi\u015fler yiyorlar. \u00d6\u011fle yeme\u011fi vakti gelince bah\u00e7eden sebze topluyorlar. Peppa salata haz\u0131rlayan B\u00fcy\u00fckannecik\u2019e yard\u0131m ediyor. Nefis! Ama George salata sevmiyor. B\u00fcy\u00fckbabac\u0131k, fikrini de\u011fi\u015ftirmesi i\u00e7in George\u2019u ikna edebilecek mi? <\/p>\n","protected":false},"excerpt":{"rendered":"<p>Peppa ve George bah\u00e7ede B\u00fcy\u00fckbabac\u0131k\u2019a yard\u0131m etmeyi \u00e7ok seviyor. Birlikte tohum ekiyor, sebzeleri suluyor, ku\u015flar\u0131 uzak tutmak i\u00e7in bir korkuluk yap\u0131yor ve leziz yemi\u015fler yiyorlar. \u00d6\u011fle<span class=\"excerpt-hellip\"> [\u2026]<\/span><\/p>\n","protected":false},"featured_media":0,"template":"","meta":{"_monsterinsights_skip_tracking":false,"_monsterinsights_sitenote_active":false,"_monsterinsights_sitenote_note":"","_monsterinsights_sitenote_category":0},"product_brand":[],"product_cat":[12274,12518],"product_tag":[],"class_list":{"0":"post-769083","1":"product","2":"type-product","3":"status-publish","5":"product_cat-cocuk-ve-genclik-kitaplari","6":"product_cat-okul-oncesi-kitaplar","7":"pa_cilt-ciltsiz","8":"pa_tur-kitap","9":"pa_yayinevi-dogan-cocuk","10":"pa_yazar-kolektif","12":"first","13":"instock","14":"sale","15":"shipping-taxable","16":"purchasable","17":"product-type-simple"},"_links":{"self":[{"href":"https:\/\/roveyayinevi.com.tr\/index.php\/wp-json\/wp\/v2\/product\/769083","targetHints":{"allow":["GET"]}}],"collection":[{"href":"https:\/\/roveyayinevi.com.tr\/index.php\/wp-json\/wp\/v2\/product"}],"about":[{"href":"https:\/\/roveyayinevi.com.tr\/index.php\/wp-json\/wp\/v2\/types\/product"}],"wp:attachment":[{"href":"https:\/\/roveyayinevi.com.tr\/index.php\/wp-json\/wp\/v2\/media?parent=769083"}],"wp:term":[{"taxonomy":"product_brand","embeddable":true,"href":"https:\/\/roveyayinevi.com.tr\/index.php\/wp-json\/wp\/v2\/product_brand?post=769083"},{"taxonomy":"product_cat","embeddable":true,"href":"https:\/\/roveyayinevi.com.tr\/index.php\/wp-json\/wp\/v2\/product_cat?post=769083"},{"taxonomy":"product_tag","embeddable":true,"href":"https:\/\/roveyayinevi.com.tr\/index.php\/wp-json\/wp\/v2\/product_tag?post=769083"}],"curies":[{"name":"wp","href":"https:\/\/api.w.org\/{rel}","templated":true}]}}