{"id":769080,"date":"2025-08-28T13:41:23","date_gmt":"2025-08-28T10:41:23","guid":{"rendered":"https:\/\/roveyayinevi.com.tr\/index.php\/urun\/camur-birikintileri\/"},"modified":"2026-04-15T03:34:58","modified_gmt":"2026-04-15T00:34:58","slug":"camur-birikintileri","status":"publish","type":"product","link":"https:\/\/roveyayinevi.com.tr\/index.php\/urun\/camur-birikintileri\/","title":{"rendered":"\u00c7amur Birikintileri"},"content":{"rendered":"<p>\u00c7ok ama \u00e7ok ya\u011fmur ya\u011fd\u0131. Peppa ve George olu\u015facak \u00e7amur birikintilerinde oynamay\u0131 d\u00f6rt g\u00f6zle bekliyorlar. Bu g\u00fczel kitapla sen de Peppa ve arkada\u015flar\u0131n\u0131n \u00e7amurlu e\u011flencesine kat\u0131l! <\/p>\n","protected":false},"excerpt":{"rendered":"<p>\u00c7ok ama \u00e7ok ya\u011fmur ya\u011fd\u0131. Peppa ve George olu\u015facak \u00e7amur birikintilerinde oynamay\u0131 d\u00f6rt g\u00f6zle bekliyorlar. Bu g\u00fczel kitapla sen de Peppa ve arkada\u015flar\u0131n\u0131n \u00e7amurlu e\u011flencesine kat\u0131l!<\/p>\n","protected":false},"featured_media":0,"template":"","meta":{"_monsterinsights_skip_tracking":false,"_monsterinsights_sitenote_active":false,"_monsterinsights_sitenote_note":"","_monsterinsights_sitenote_category":0},"product_brand":[],"product_cat":[12274,12518],"product_tag":[],"class_list":{"0":"post-769080","1":"product","2":"type-product","3":"status-publish","5":"product_cat-cocuk-ve-genclik-kitaplari","6":"product_cat-okul-oncesi-kitaplar","7":"pa_cilt-ciltsiz","8":"pa_tur-kitap","9":"pa_yayinevi-dogan-cocuk","10":"pa_yazar-kolektif","12":"first","13":"instock","14":"sale","15":"shipping-taxable","16":"purchasable","17":"product-type-simple"},"_links":{"self":[{"href":"https:\/\/roveyayinevi.com.tr\/index.php\/wp-json\/wp\/v2\/product\/769080","targetHints":{"allow":["GET"]}}],"collection":[{"href":"https:\/\/roveyayinevi.com.tr\/index.php\/wp-json\/wp\/v2\/product"}],"about":[{"href":"https:\/\/roveyayinevi.com.tr\/index.php\/wp-json\/wp\/v2\/types\/product"}],"wp:attachment":[{"href":"https:\/\/roveyayinevi.com.tr\/index.php\/wp-json\/wp\/v2\/media?parent=769080"}],"wp:term":[{"taxonomy":"product_brand","embeddable":true,"href":"https:\/\/roveyayinevi.com.tr\/index.php\/wp-json\/wp\/v2\/product_brand?post=769080"},{"taxonomy":"product_cat","embeddable":true,"href":"https:\/\/roveyayinevi.com.tr\/index.php\/wp-json\/wp\/v2\/product_cat?post=769080"},{"taxonomy":"product_tag","embeddable":true,"href":"https:\/\/roveyayinevi.com.tr\/index.php\/wp-json\/wp\/v2\/product_tag?post=769080"}],"curies":[{"name":"wp","href":"https:\/\/api.w.org\/{rel}","templated":true}]}}