{"id":769079,"date":"2025-08-28T13:41:21","date_gmt":"2025-08-28T10:41:21","guid":{"rendered":"https:\/\/roveyayinevi.com.tr\/index.php\/urun\/baloncu-amca\/"},"modified":"2026-04-15T03:34:58","modified_gmt":"2026-04-15T00:34:58","slug":"baloncu-amca","status":"publish","type":"product","link":"https:\/\/roveyayinevi.com.tr\/index.php\/urun\/baloncu-amca\/","title":{"rendered":"Baloncu Amca"},"content":{"rendered":"<p>Sar\u0131, pembe, k\u0131rm\u0131z\u0131, mor\u2026 Baloncu Amca\u2019n\u0131n elindeki balonlar, t\u00fcm \u00e7ocuklar i\u00e7in birer ne\u015fe kayna\u011f\u0131. Onun i\u00e7in elinde kalan son balonsa belki de en de\u011ferli olan\u0131. Ama bir balonun ne\u015fe da\u011f\u0131tmad\u0131\u011f\u0131 anlar da var\u2026 Sevginin, payla\u015fman\u0131n ve k\u00fc\u00e7\u00fck mutluluklar\u0131n de\u011ferini hat\u0131rlat\u0131p anlatan ama bir yandan sevdi\u011fimiz \u015feyleri sorgulatan s\u0131cak ve i\u00e7ten bir hik\u00e2ye bu kitapta sizleri bekliyor. Burcu Ural Kopan\u2019\u0131n yazd\u0131\u011f\u0131, K\u0131ymet Erg\u00f6\u00e7en\u2019in resimledi\u011fi kitap okul \u00f6ncesi d\u00f6nemdeki \u00e7ocuklarla okuma yazmay\u0131 yeni \u00f6\u011frenenlere hitap ediyor. <\/p>\n","protected":false},"excerpt":{"rendered":"<p>Sar\u0131, pembe, k\u0131rm\u0131z\u0131, mor\u2026 Baloncu Amca\u2019n\u0131n elindeki balonlar, t\u00fcm \u00e7ocuklar i\u00e7in birer ne\u015fe kayna\u011f\u0131. Onun i\u00e7in elinde kalan son balonsa belki de en de\u011ferli olan\u0131. Ama<span class=\"excerpt-hellip\"> [\u2026]<\/span><\/p>\n","protected":false},"featured_media":0,"template":"","meta":{"_monsterinsights_skip_tracking":false,"_monsterinsights_sitenote_active":false,"_monsterinsights_sitenote_note":"","_monsterinsights_sitenote_category":0},"product_brand":[],"product_cat":[12274,12518],"product_tag":[],"class_list":{"0":"post-769079","1":"product","2":"type-product","3":"status-publish","5":"product_cat-cocuk-ve-genclik-kitaplari","6":"product_cat-okul-oncesi-kitaplar","7":"pa_cilt-ciltsiz","8":"pa_tur-kitap","9":"pa_yayinevi-literatur-yayinevi","10":"pa_yazar-burcu-ural-kopan","12":"first","13":"instock","14":"sale","15":"shipping-taxable","16":"purchasable","17":"product-type-simple"},"_links":{"self":[{"href":"https:\/\/roveyayinevi.com.tr\/index.php\/wp-json\/wp\/v2\/product\/769079","targetHints":{"allow":["GET"]}}],"collection":[{"href":"https:\/\/roveyayinevi.com.tr\/index.php\/wp-json\/wp\/v2\/product"}],"about":[{"href":"https:\/\/roveyayinevi.com.tr\/index.php\/wp-json\/wp\/v2\/types\/product"}],"wp:attachment":[{"href":"https:\/\/roveyayinevi.com.tr\/index.php\/wp-json\/wp\/v2\/media?parent=769079"}],"wp:term":[{"taxonomy":"product_brand","embeddable":true,"href":"https:\/\/roveyayinevi.com.tr\/index.php\/wp-json\/wp\/v2\/product_brand?post=769079"},{"taxonomy":"product_cat","embeddable":true,"href":"https:\/\/roveyayinevi.com.tr\/index.php\/wp-json\/wp\/v2\/product_cat?post=769079"},{"taxonomy":"product_tag","embeddable":true,"href":"https:\/\/roveyayinevi.com.tr\/index.php\/wp-json\/wp\/v2\/product_tag?post=769079"}],"curies":[{"name":"wp","href":"https:\/\/api.w.org\/{rel}","templated":true}]}}