{"id":769078,"date":"2025-08-28T13:41:18","date_gmt":"2025-08-28T10:41:18","guid":{"rendered":"https:\/\/roveyayinevi.com.tr\/index.php\/urun\/bostanda-isyan-var\/"},"modified":"2026-04-07T03:29:20","modified_gmt":"2026-04-07T00:29:20","slug":"bostanda-isyan-var","status":"publish","type":"product","link":"https:\/\/roveyayinevi.com.tr\/index.php\/urun\/bostanda-isyan-var\/","title":{"rendered":"Bostanda \u0130syan Var"},"content":{"rendered":"<p>\u015eehirde bir tarla m\u0131! Bahar gelince bah\u00e7ede fideler kendilerine bir yer bulur. Her \u015fey \u00e7ok g\u00fczel gidip usul usul b\u00fcy\u00fcrlerken yaz birdenbire bast\u0131r\u0131r. \u00dcst\u00fcne \u00fcstl\u00fck bah\u00e7ede beklenmedik bir \u015feyler de olmaya ba\u015flar. Acaba bah\u00e7\u0131van bunlar\u0131n fark\u0131na varacak m\u0131 dersiniz? Nedir bu ekoloji? Peki okul \u00f6ncesi \u00e7a\u011fda \u00e7ocuklara modern \u00e7a\u011f\u0131n tar\u0131m gereksinimleri nas\u0131l anlat\u0131l\u0131r? Ak\u0131lc\u0131 \u00e7\u00f6z\u00fcmler ile dar alanda nas\u0131l tar\u0131m yap\u0131l\u0131r? \u0130\u015fte hepsinin cevab\u0131 Tolga \u00d6ztorun\u2019un e\u011flenceli bir dille yazd\u0131\u011f\u0131 Eda Dereci\u2019nin resimledi\u011fi bu kitapta!<\/p>\n","protected":false},"excerpt":{"rendered":"<p>\u015eehirde bir tarla m\u0131! Bahar gelince bah\u00e7ede fideler kendilerine bir yer bulur. Her \u015fey \u00e7ok g\u00fczel gidip usul usul b\u00fcy\u00fcrlerken yaz birdenbire bast\u0131r\u0131r. \u00dcst\u00fcne \u00fcstl\u00fck bah\u00e7ede<span class=\"excerpt-hellip\"> [\u2026]<\/span><\/p>\n","protected":false},"featured_media":0,"template":"","meta":{"_monsterinsights_skip_tracking":false,"_monsterinsights_sitenote_active":false,"_monsterinsights_sitenote_note":"","_monsterinsights_sitenote_category":0},"product_brand":[],"product_cat":[12274,12284],"product_tag":[],"class_list":{"0":"post-769078","1":"product","2":"type-product","3":"status-publish","5":"product_cat-cocuk-ve-genclik-kitaplari","6":"product_cat-hikayeler","7":"pa_cilt-ciltsiz","8":"pa_tur-kitap","9":"pa_yayinevi-literatur-yayinevi","10":"pa_yazar-tolga-oztorun","12":"first","13":"instock","14":"sale","15":"shipping-taxable","16":"purchasable","17":"product-type-simple"},"_links":{"self":[{"href":"https:\/\/roveyayinevi.com.tr\/index.php\/wp-json\/wp\/v2\/product\/769078","targetHints":{"allow":["GET"]}}],"collection":[{"href":"https:\/\/roveyayinevi.com.tr\/index.php\/wp-json\/wp\/v2\/product"}],"about":[{"href":"https:\/\/roveyayinevi.com.tr\/index.php\/wp-json\/wp\/v2\/types\/product"}],"wp:attachment":[{"href":"https:\/\/roveyayinevi.com.tr\/index.php\/wp-json\/wp\/v2\/media?parent=769078"}],"wp:term":[{"taxonomy":"product_brand","embeddable":true,"href":"https:\/\/roveyayinevi.com.tr\/index.php\/wp-json\/wp\/v2\/product_brand?post=769078"},{"taxonomy":"product_cat","embeddable":true,"href":"https:\/\/roveyayinevi.com.tr\/index.php\/wp-json\/wp\/v2\/product_cat?post=769078"},{"taxonomy":"product_tag","embeddable":true,"href":"https:\/\/roveyayinevi.com.tr\/index.php\/wp-json\/wp\/v2\/product_tag?post=769078"}],"curies":[{"name":"wp","href":"https:\/\/api.w.org\/{rel}","templated":true}]}}