{"id":769075,"date":"2025-08-28T13:41:12","date_gmt":"2025-08-28T10:41:12","guid":{"rendered":"https:\/\/roveyayinevi.com.tr\/index.php\/urun\/cern-ve-buyuk-patlama\/"},"modified":"2026-04-15T03:34:58","modified_gmt":"2026-04-15T00:34:58","slug":"cern-ve-buyuk-patlama","status":"publish","type":"product","link":"https:\/\/roveyayinevi.com.tr\/index.php\/urun\/cern-ve-buyuk-patlama\/","title":{"rendered":"Cern ve B\u00fcy\u00fck Patlama"},"content":{"rendered":"<p>CERN\u2019de ne t\u00fcr \u00e7al\u0131\u015fmalar yap\u0131l\u0131yor? Bunlar\u0131n B\u00fcy\u00fck Patlamayla ne ili\u015fkisi var?        CERN\u2019deki deneyler g\u00fcnl\u00fck hayat\u0131m\u0131z\u0131 nas\u0131l etkiliyor? T\u00fcrkiye bu deneylerin neresinde? 1992 y\u0131l\u0131ndan beri CERN\u2019deki deneylerde g\u00f6rev yapan Kerem Canko\u00e7ak bu \u00f6zet kitab\u0131nda en temel sorulara cevap veriyor. \u00c7o\u011fu insana uzak gelecek karma\u015f\u0131k deneyler asl\u0131nda hepimizin hayat\u0131n\u0131 etkiliyor. Sa\u011fl\u0131ktan teknolojik geli\u015fmelere, ileti\u015fimden sosyal ya\u015fama kadar ya\u015fam\u0131m\u0131z\u0131n her yerinde bu deneylerin etkisi var. 1955 y\u0131l\u0131ndan beri CERN\u2019de yap\u0131lan zahmetli deneyler de bu geli\u015fmelerin tetikleyicisi. <\/p>\n","protected":false},"excerpt":{"rendered":"<p>CERN\u2019de ne t\u00fcr \u00e7al\u0131\u015fmalar yap\u0131l\u0131yor? Bunlar\u0131n B\u00fcy\u00fck Patlamayla ne ili\u015fkisi var? CERN\u2019deki deneyler g\u00fcnl\u00fck hayat\u0131m\u0131z\u0131 nas\u0131l etkiliyor? T\u00fcrkiye bu deneylerin neresinde? 1992 y\u0131l\u0131ndan beri CERN\u2019deki deneylerde<span class=\"excerpt-hellip\"> [\u2026]<\/span><\/p>\n","protected":false},"featured_media":0,"template":"","meta":{"_monsterinsights_skip_tracking":false,"_monsterinsights_sitenote_active":false,"_monsterinsights_sitenote_note":"","_monsterinsights_sitenote_category":0},"product_brand":[],"product_cat":[13005],"product_tag":[],"class_list":{"0":"post-769075","1":"product","2":"type-product","3":"status-publish","5":"product_cat-bilim-muhendislik","6":"pa_cilt-ciltsiz","7":"pa_tur-kitap","8":"pa_yayinevi-ginko-kitap","9":"pa_yazar-kerem-cankocak","11":"first","12":"instock","13":"sale","14":"shipping-taxable","15":"purchasable","16":"product-type-simple"},"_links":{"self":[{"href":"https:\/\/roveyayinevi.com.tr\/index.php\/wp-json\/wp\/v2\/product\/769075","targetHints":{"allow":["GET"]}}],"collection":[{"href":"https:\/\/roveyayinevi.com.tr\/index.php\/wp-json\/wp\/v2\/product"}],"about":[{"href":"https:\/\/roveyayinevi.com.tr\/index.php\/wp-json\/wp\/v2\/types\/product"}],"wp:attachment":[{"href":"https:\/\/roveyayinevi.com.tr\/index.php\/wp-json\/wp\/v2\/media?parent=769075"}],"wp:term":[{"taxonomy":"product_brand","embeddable":true,"href":"https:\/\/roveyayinevi.com.tr\/index.php\/wp-json\/wp\/v2\/product_brand?post=769075"},{"taxonomy":"product_cat","embeddable":true,"href":"https:\/\/roveyayinevi.com.tr\/index.php\/wp-json\/wp\/v2\/product_cat?post=769075"},{"taxonomy":"product_tag","embeddable":true,"href":"https:\/\/roveyayinevi.com.tr\/index.php\/wp-json\/wp\/v2\/product_tag?post=769075"}],"curies":[{"name":"wp","href":"https:\/\/api.w.org\/{rel}","templated":true}]}}