{"id":769074,"date":"2025-08-28T13:41:11","date_gmt":"2025-08-28T10:41:11","guid":{"rendered":"https:\/\/roveyayinevi.com.tr\/index.php\/urun\/surdurulebilir-finans\/"},"modified":"2026-04-15T03:34:58","modified_gmt":"2026-04-15T00:34:58","slug":"surdurulebilir-finans","status":"publish","type":"product","link":"https:\/\/roveyayinevi.com.tr\/index.php\/urun\/surdurulebilir-finans\/","title":{"rendered":"S\u00fcrd\u00fcr\u00fclebilir Finans"},"content":{"rendered":"<p>S\u00fcrd\u00fcr\u00fclebilirlik kelimesinin k\u00f6keni \u201cs\u00fcrd\u00fcr\u00fcbilme, desteklenebilme, s\u00fcrd\u00fcr\u00fclebilme veya onaylanabilmeyetene\u011fi\u201d anlam\u0131na gelen \u201cs\u00fcrd\u00fcr\u00fclebilir\u201d kelimesinden gelmektedir. En geni\u015f anlam\u0131yla s\u00fcrd\u00fcr\u00fclebilirlik birs\u00fcreci zaman i\u00e7inde s\u00fcrekli olarak s\u00fcrd\u00fcrme veya destekleme yetene\u011fini ifade etmektedir. S\u00fcrd\u00fcr\u00fclebilirKalk\u0131nma, gelecekteki uluslararas\u0131 kalk\u0131nmayla ilgili bir dizi hedeftir. Birle\u015fmi\u015f Milletler Eyl\u00fcl 2015&#8217;te \u00fcye\u00fclkeler i\u00e7in S\u00fcrd\u00fcr\u00fclebilir Kalk\u0131nma Hedefleri 2030&#8217;u i\u00e7eren bir plan tasla\u011f\u0131 haz\u0131rlam\u0131\u015ft\u0131r.Son y\u0131llarda yat\u0131r\u0131mc\u0131lar ve kurumlar yat\u0131r\u0131m ve finansal kararlar\u0131nda iklim de\u011fi\u015fikli\u011fi, \u00e7evre sorunlar\u0131 ve dahageni\u015f kapsamda s\u00fcrd\u00fcr\u00fclebilirlik kavram\u0131na \u00f6nem vermeye ba\u015flam\u0131\u015ft\u0131r. Bunun sonucunda da s\u00fcrd\u00fcr\u00fclebilirfinans kavram\u0131 ortaya \u00e7\u0131km\u0131\u015ft\u0131r. S\u00fcrd\u00fcr\u00fclebilir finans genel olarak finans sekt\u00f6r\u00fcnde yat\u0131r\u0131m kararlar\u0131 al\u0131rken\u00e7evresel, sosyal ve y\u00f6neti\u015fim hususlar\u0131n\u0131n gereken \u015fekilde dikkate al\u0131nmas\u0131 s\u00fcrecini ifade etmektedir ve des\u00fcrd\u00fcr\u00fclebilir ekonomik faaliyetlere ve projelerde daha uzun vadeli yat\u0131r\u0131mlar\u0131n artmas\u0131na yol a\u00e7maktad\u0131r.\u0130stanbul Beykent \u00dcniversitesi\u2019nde g\u00f6rev yapan 11 akademisyen uzun bir \u00e7al\u0131\u015fma sonucunda s\u00fcrd\u00fcr\u00fclebilirlikve s\u00fcrd\u00fcr\u00fclebilir finans\u0131n \u00f6nemini g\u00f6stermek i\u00e7in a\u00e7\u0131klay\u0131c\u0131 ve konusunda ilk olan bu kitab\u0131 haz\u0131rlam\u0131\u015flard\u0131r.Birle\u015fmi\u015f milletler ve Avrupa Birli\u011fi s\u00fcrd\u00fcr\u00fclebilirlik ve finansman\u0131 konusuna \u00f6zel \u00f6nem vermektedir. Bu kitapAvrupa Birli\u011fi\u2019ne ve di\u011fer k\u0131talara ihracat yapan T\u00fcrkiye\u2019deki \u015firketler, finans kurumlar\u0131na ve kamu idarelerine\u00f6nemli bir rehberlik sa\u011flayacakt\u0131r.\u0130\u00e7indekiler;\u00b7 Finans ve \u00c7evresel Riskler\u00b7 Kurumsal S\u00fcrd\u00fcr\u00fclebilirlik: \u00c7evresel, Sosyal ve Y\u00f6neti\u015fim\u00b7 D\u00f6ng\u00fcsel Ekonomi\u00b7 Kurumsal Sosyal Sorumluluk\u00b7 Tar\u0131msal Faaliyetler ve Yenilenebilir Enerji \u00b7 S\u00fcrd\u00fcr\u00fclebilir Finans \u00b7 Ye\u015fil Finans \u00b7 Finansal S\u00fcrd\u00fcr\u00fclebilirlik ve Teknoloji: Fintech ve Blok Zincir \u00b7 S\u00fcrd\u00fcr\u00fclebilir Finans ve Finansal Piyasalar<\/p>\n","protected":false},"excerpt":{"rendered":"<p>S\u00fcrd\u00fcr\u00fclebilirlik kelimesinin k\u00f6keni \u201cs\u00fcrd\u00fcr\u00fcbilme, desteklenebilme, s\u00fcrd\u00fcr\u00fclebilme veya onaylanabilmeyetene\u011fi\u201d anlam\u0131na gelen \u201cs\u00fcrd\u00fcr\u00fclebilir\u201d kelimesinden gelmektedir. En geni\u015f anlam\u0131yla s\u00fcrd\u00fcr\u00fclebilirlik birs\u00fcreci zaman i\u00e7inde s\u00fcrekli olarak s\u00fcrd\u00fcrme veya destekleme yetene\u011fini<span class=\"excerpt-hellip\"> [\u2026]<\/span><\/p>\n","protected":false},"featured_media":0,"template":"","meta":{"_monsterinsights_skip_tracking":false,"_monsterinsights_sitenote_active":false,"_monsterinsights_sitenote_note":"","_monsterinsights_sitenote_category":0},"product_brand":[],"product_cat":[13043,14381],"product_tag":[],"class_list":{"0":"post-769074","1":"product","2":"type-product","3":"status-publish","5":"product_cat-ekonomi","6":"product_cat-isletme-muhasebe-maliye","7":"pa_cilt-ciltsiz","8":"pa_tur-kitap","9":"pa_yayinevi-literatur-yayinevi-akademik","10":"pa_yazar-kolektif","12":"first","13":"instock","14":"sale","15":"shipping-taxable","16":"purchasable","17":"product-type-simple"},"_links":{"self":[{"href":"https:\/\/roveyayinevi.com.tr\/index.php\/wp-json\/wp\/v2\/product\/769074","targetHints":{"allow":["GET"]}}],"collection":[{"href":"https:\/\/roveyayinevi.com.tr\/index.php\/wp-json\/wp\/v2\/product"}],"about":[{"href":"https:\/\/roveyayinevi.com.tr\/index.php\/wp-json\/wp\/v2\/types\/product"}],"wp:attachment":[{"href":"https:\/\/roveyayinevi.com.tr\/index.php\/wp-json\/wp\/v2\/media?parent=769074"}],"wp:term":[{"taxonomy":"product_brand","embeddable":true,"href":"https:\/\/roveyayinevi.com.tr\/index.php\/wp-json\/wp\/v2\/product_brand?post=769074"},{"taxonomy":"product_cat","embeddable":true,"href":"https:\/\/roveyayinevi.com.tr\/index.php\/wp-json\/wp\/v2\/product_cat?post=769074"},{"taxonomy":"product_tag","embeddable":true,"href":"https:\/\/roveyayinevi.com.tr\/index.php\/wp-json\/wp\/v2\/product_tag?post=769074"}],"curies":[{"name":"wp","href":"https:\/\/api.w.org\/{rel}","templated":true}]}}