{"id":769072,"date":"2025-08-28T13:41:08","date_gmt":"2025-08-28T10:41:08","guid":{"rendered":"https:\/\/roveyayinevi.com.tr\/index.php\/urun\/21-gunde-ustalas-olumlamalar\/"},"modified":"2026-04-15T03:34:58","modified_gmt":"2026-04-15T00:34:58","slug":"21-gunde-ustalas-olumlamalar","status":"publish","type":"product","link":"https:\/\/roveyayinevi.com.tr\/index.php\/urun\/21-gunde-ustalas-olumlamalar\/","title":{"rendered":"21 Gu\u0308nde Ustala\u015f &#8211; Olumlamalar"},"content":{"rendered":"<p>21 G\u00fcnde Yepyeni Bilgilerle Kendinizi Daha \u0130yi Tan\u0131maya Haz\u0131r m\u0131s\u0131n\u0131z? Ara\u015ft\u0131rmalar, hayat\u0131m\u0131zda yeni olan bir \u015feyin al\u0131\u015fkanl\u0131\u011fa d\u00f6n\u00fc\u015fmesi i\u00e7in 21 g\u00fcne ihtiya\u00e7 duydu\u011fumuzu g\u00f6steriyor. Merak etti\u011finiz konularla ilgili her g\u00fcn yeni bir bilgi \u00f6\u011frenerek spirit\u00fcel ilgi alanlar\u0131n\u0131z\u0131 geni\u015fletmeye ne dersiniz? D\u00fcnya \u00e7ap\u0131nda milyonlarca okura ilham veren ve onlar\u0131n hayat\u0131n\u0131 d\u00f6n\u00fc\u015ft\u00fcren LouiseHay\u2019in e\u015fsiz \u00f6\u011fretileri, \u015fimdi sizin de hayat\u0131n\u0131z\u0131 d\u00f6n\u00fc\u015ft\u00fcrmenize rehberlik etmeye haz\u0131r. \u0130ster daha mutlu, sa\u011fl\u0131kl\u0131 bir ya\u015fam aray\u0131\u015f\u0131nda olun, ister kendinizi ruhsal a\u00e7\u0131dan geli\u015ftirmeye \u00e7al\u0131\u015f\u0131n, ister bollukla ilgili blokajlar\u0131 geride b\u0131rakmaya niyet edin; 21 G\u00fcnde Ustala\u015f -Olumlamalar, modern hayat\u0131n karma\u015fas\u0131nda size yol g\u00f6sterecek e\u015fsiz bir rehber niteli\u011finde. \u015eimdi harekete ge\u00e7in! Sadece 21 g\u00fcn i\u00e7inde hayat\u0131n\u0131z\u0131 iyile\u015ftirmeye ba\u015flay\u0131n ve ger\u00e7ek potansiyelinizi ke\u015ffedin. \u00c7\u00fcnk\u00fc siz de\u011fi\u015fti\u011finizde d\u00fcnya da de\u011fi\u015fmeye ba\u015flar. <\/p>\n","protected":false},"excerpt":{"rendered":"<p>21 G\u00fcnde Yepyeni Bilgilerle Kendinizi Daha \u0130yi Tan\u0131maya Haz\u0131r m\u0131s\u0131n\u0131z? Ara\u015ft\u0131rmalar, hayat\u0131m\u0131zda yeni olan bir \u015feyin al\u0131\u015fkanl\u0131\u011fa d\u00f6n\u00fc\u015fmesi i\u00e7in 21 g\u00fcne ihtiya\u00e7 duydu\u011fumuzu g\u00f6steriyor. Merak etti\u011finiz<span class=\"excerpt-hellip\"> [\u2026]<\/span><\/p>\n","protected":false},"featured_media":0,"template":"","meta":{"_monsterinsights_skip_tracking":false,"_monsterinsights_sitenote_active":false,"_monsterinsights_sitenote_note":"","_monsterinsights_sitenote_category":0},"product_brand":[],"product_cat":[12364,12376],"product_tag":[],"class_list":{"0":"post-769072","1":"product","2":"type-product","3":"status-publish","5":"product_cat-genel-konular","6":"product_cat-kisisel-gelisim","7":"pa_cilt-ciltsiz","8":"pa_tur-kitap","9":"pa_yayinevi-omega","10":"pa_yazar-louise-l-hay","12":"first","13":"instock","14":"sale","15":"shipping-taxable","16":"purchasable","17":"product-type-simple"},"_links":{"self":[{"href":"https:\/\/roveyayinevi.com.tr\/index.php\/wp-json\/wp\/v2\/product\/769072","targetHints":{"allow":["GET"]}}],"collection":[{"href":"https:\/\/roveyayinevi.com.tr\/index.php\/wp-json\/wp\/v2\/product"}],"about":[{"href":"https:\/\/roveyayinevi.com.tr\/index.php\/wp-json\/wp\/v2\/types\/product"}],"wp:attachment":[{"href":"https:\/\/roveyayinevi.com.tr\/index.php\/wp-json\/wp\/v2\/media?parent=769072"}],"wp:term":[{"taxonomy":"product_brand","embeddable":true,"href":"https:\/\/roveyayinevi.com.tr\/index.php\/wp-json\/wp\/v2\/product_brand?post=769072"},{"taxonomy":"product_cat","embeddable":true,"href":"https:\/\/roveyayinevi.com.tr\/index.php\/wp-json\/wp\/v2\/product_cat?post=769072"},{"taxonomy":"product_tag","embeddable":true,"href":"https:\/\/roveyayinevi.com.tr\/index.php\/wp-json\/wp\/v2\/product_tag?post=769072"}],"curies":[{"name":"wp","href":"https:\/\/api.w.org\/{rel}","templated":true}]}}