{"id":769071,"date":"2025-08-28T13:41:06","date_gmt":"2025-08-28T10:41:06","guid":{"rendered":"https:\/\/roveyayinevi.com.tr\/index.php\/urun\/yatirim-psikolojisi-ve-risk-yonetimi\/"},"modified":"2026-04-15T03:34:58","modified_gmt":"2026-04-15T00:34:58","slug":"yatirim-psikolojisi-ve-risk-yonetimi","status":"publish","type":"product","link":"https:\/\/roveyayinevi.com.tr\/index.php\/urun\/yatirim-psikolojisi-ve-risk-yonetimi\/","title":{"rendered":"Yat\u0131r\u0131m Psikolojisi ve Risk Y\u00f6netimi"},"content":{"rendered":"<p>Yat\u0131r\u0131m d\u00fcnyas\u0131nda ba\u015far\u0131, sadece do\u011fru f\u0131rsatlar\u0131 bulmakla de\u011fil, ayn\u0131 zamanda do\u011fru bir zihinsel yakla\u015f\u0131m\u0131 benimsemekle de ilgilidir. Ancak \u00e7o\u011fu yat\u0131r\u0131mc\u0131, duygusal kararlarla ve ani tepkilerle b\u00fcy\u00fck hatalar yaparak potansiyel kazan\u00e7lar\u0131n\u0131 kaybeder. Yat\u0131r\u0131m Psikolojisi ve Risk Y\u00f6netimi, duygusal zek\u00e2n\u0131n yat\u0131r\u0131m s\u00fcre\u00e7lerinde nas\u0131l kullan\u0131laca\u011f\u0131n\u0131, bilin\u00e7li risk alman\u0131n yollar\u0131n\u0131, risklerin do\u011fru bir \u015fekilde analiz edilmesi ve y\u00f6netilmesi i\u00e7in ihtiya\u00e7 duyulan stratejileri, teknikleri ve ara\u00e7lar\u0131 detayl\u0131 bir \u015fekilde anlat\u0131rken ayn\u0131 zamanda ger\u00e7ek ya\u015fam \u00f6rnekleriyle de zenginle\u015ftirilmi\u015ftir. Yat\u0131r\u0131m ba\u015fkalar\u0131n\u0131 kendi oyunlar\u0131nda ge\u00e7mek demek de\u011fildir. Yat\u0131r\u0131m daha \u00e7ok kendi oyununuzda kendinizi kontrol etmekle ilgilidir. Yat\u0131r\u0131m yaparken odak noktam\u0131z kendi plan\u0131m\u0131z olmal\u0131d\u0131r. Ba\u015fkalar\u0131 ile s\u00fcrekli kendinizi k\u0131yaslamak bu alanda pek i\u015fe yarayan bir strateji olamaz. Herkesin bilgisi, deneyimi ve cesareti farkl\u0131d\u0131r. Herkesin ba\u015flang\u0131\u00e7 noktas\u0131 farkl\u0131d\u0131r. Bununla birlikte ge\u00e7mi\u015f ya\u015fant\u0131lar\u0131m\u0131z da bizim gelecekteki kararlar\u0131m\u0131z\u0131 etkilemektedir. Bunlar\u0131n hepsini yok sayarak kendinize hayali rakipler olu\u015fturmak size a\u00e7\u0131k\u00e7a zarar verecektir. <\/p>\n","protected":false},"excerpt":{"rendered":"<p>Yat\u0131r\u0131m d\u00fcnyas\u0131nda ba\u015far\u0131, sadece do\u011fru f\u0131rsatlar\u0131 bulmakla de\u011fil, ayn\u0131 zamanda do\u011fru bir zihinsel yakla\u015f\u0131m\u0131 benimsemekle de ilgilidir. Ancak \u00e7o\u011fu yat\u0131r\u0131mc\u0131, duygusal kararlarla ve ani tepkilerle b\u00fcy\u00fck<span class=\"excerpt-hellip\"> [\u2026]<\/span><\/p>\n","protected":false},"featured_media":0,"template":"","meta":{"_monsterinsights_skip_tracking":false,"_monsterinsights_sitenote_active":false,"_monsterinsights_sitenote_note":"","_monsterinsights_sitenote_category":0},"product_brand":[],"product_cat":[13043],"product_tag":[],"class_list":{"0":"post-769071","1":"product","2":"type-product","3":"status-publish","5":"product_cat-ekonomi","6":"pa_cilt-ciltsiz","7":"pa_tur-kitap","8":"pa_yayinevi-say-yayinlari","9":"pa_yazar-saban-yaman","11":"first","12":"instock","13":"sale","14":"shipping-taxable","15":"purchasable","16":"product-type-simple"},"_links":{"self":[{"href":"https:\/\/roveyayinevi.com.tr\/index.php\/wp-json\/wp\/v2\/product\/769071","targetHints":{"allow":["GET"]}}],"collection":[{"href":"https:\/\/roveyayinevi.com.tr\/index.php\/wp-json\/wp\/v2\/product"}],"about":[{"href":"https:\/\/roveyayinevi.com.tr\/index.php\/wp-json\/wp\/v2\/types\/product"}],"wp:attachment":[{"href":"https:\/\/roveyayinevi.com.tr\/index.php\/wp-json\/wp\/v2\/media?parent=769071"}],"wp:term":[{"taxonomy":"product_brand","embeddable":true,"href":"https:\/\/roveyayinevi.com.tr\/index.php\/wp-json\/wp\/v2\/product_brand?post=769071"},{"taxonomy":"product_cat","embeddable":true,"href":"https:\/\/roveyayinevi.com.tr\/index.php\/wp-json\/wp\/v2\/product_cat?post=769071"},{"taxonomy":"product_tag","embeddable":true,"href":"https:\/\/roveyayinevi.com.tr\/index.php\/wp-json\/wp\/v2\/product_tag?post=769071"}],"curies":[{"name":"wp","href":"https:\/\/api.w.org\/{rel}","templated":true}]}}