{"id":769068,"date":"2025-08-28T13:40:59","date_gmt":"2025-08-28T10:40:59","guid":{"rendered":"https:\/\/roveyayinevi.com.tr\/index.php\/urun\/inci-taneleri\/"},"modified":"2026-04-15T03:34:58","modified_gmt":"2026-04-15T00:34:58","slug":"inci-taneleri","status":"publish","type":"product","link":"https:\/\/roveyayinevi.com.tr\/index.php\/urun\/inci-taneleri\/","title":{"rendered":"\u0130nci Taneleri"},"content":{"rendered":"<p>A\u015fk g\u00fczeldir sevmesini bilene ve sevilmesini bilene. Sevmekten ve sevilmekten korkmay\u0131n, e\u011fer birbirinizi seviyorsan\u0131z hayk\u0131ra hayk\u0131ra ba\u011f\u0131r\u0131n seni seviyorum diye. \u00c7\u00fcnk\u00fc seni seviyorum diyebilmek b\u00fcy\u00fck cesarettir, \u00e7\u00fcnk\u00fc ben seni seviyorum demekten vazge\u00e7ti\u011fim i\u00e7in \u00e7ok insan\u0131 kaybettim ama siz kaybetmeyin, seni seviyorum demekten vazge\u00e7meyin. Seni seviyorum diyebilmek d\u00fcnyan\u0131n en g\u00fczel kelimesidir. A\u015fk g\u00fczeldir ama bir de sevip de sevilmemek vard\u0131r, birini deli gibi seversiniz ama o sizi sevmez, g\u00f6rmez den gelir, gizli gizli a\u011flars\u0131n, dua edersin ama Allah\u2019tan ba\u015fka kimse g\u00f6rmez. Sen kovalars\u0131n, o ka\u00e7ar, k\u0131ymetini bilmez. Sana tavsiyem o senin k\u0131ymetini bilmiyorsa, sen de ona de\u011fer vermeyi b\u0131rak, ilgi duymay\u0131 b\u0131rak, onu sevmekten vazge\u00e7; vazge\u00e7 ki senin de\u011ferini anlas\u0131n, k\u0131ymetini bilsin, ondan sonra elbet s\u0131ra sana gelir. Ne diyordu b\u00fcy\u00fck \u00fcstat bozk\u0131r\u0131n tezenesi Ne\u015fet ERTA\u015e; Can yak\u0131p da kalp k\u0131rma, senin g\u00fcl benzin de solacak bir g\u00fcn&#8230; \u0130nsanl\u0131k bakidir ama g\u00fczellik gelip ge\u00e7icidir onun i\u00e7in insan kal\u0131n, b\u00fct\u00fcn g\u00fczellikler Allah\u2019\u0131n izniyle sizi bulur. Metin \u00d6zdemir <\/p>\n","protected":false},"excerpt":{"rendered":"<p>A\u015fk g\u00fczeldir sevmesini bilene ve sevilmesini bilene. Sevmekten ve sevilmekten korkmay\u0131n, e\u011fer birbirinizi seviyorsan\u0131z hayk\u0131ra hayk\u0131ra ba\u011f\u0131r\u0131n seni seviyorum diye. \u00c7\u00fcnk\u00fc seni seviyorum diyebilmek b\u00fcy\u00fck cesarettir,<span class=\"excerpt-hellip\"> [\u2026]<\/span><\/p>\n","protected":false},"featured_media":0,"template":"","meta":{"_monsterinsights_skip_tracking":false,"_monsterinsights_sitenote_active":false,"_monsterinsights_sitenote_note":"","_monsterinsights_sitenote_category":0},"product_brand":[],"product_cat":[12291,12509],"product_tag":[],"class_list":{"0":"post-769068","1":"product","2":"type-product","3":"status-publish","5":"product_cat-edebiyat","6":"product_cat-siir","7":"pa_cilt-ciltsiz","8":"pa_tur-kitap","9":"pa_yayinevi-zet-yayinlari","10":"pa_yazar-metin-ozdemir","12":"first","13":"instock","14":"sale","15":"shipping-taxable","16":"purchasable","17":"product-type-simple"},"_links":{"self":[{"href":"https:\/\/roveyayinevi.com.tr\/index.php\/wp-json\/wp\/v2\/product\/769068","targetHints":{"allow":["GET"]}}],"collection":[{"href":"https:\/\/roveyayinevi.com.tr\/index.php\/wp-json\/wp\/v2\/product"}],"about":[{"href":"https:\/\/roveyayinevi.com.tr\/index.php\/wp-json\/wp\/v2\/types\/product"}],"wp:attachment":[{"href":"https:\/\/roveyayinevi.com.tr\/index.php\/wp-json\/wp\/v2\/media?parent=769068"}],"wp:term":[{"taxonomy":"product_brand","embeddable":true,"href":"https:\/\/roveyayinevi.com.tr\/index.php\/wp-json\/wp\/v2\/product_brand?post=769068"},{"taxonomy":"product_cat","embeddable":true,"href":"https:\/\/roveyayinevi.com.tr\/index.php\/wp-json\/wp\/v2\/product_cat?post=769068"},{"taxonomy":"product_tag","embeddable":true,"href":"https:\/\/roveyayinevi.com.tr\/index.php\/wp-json\/wp\/v2\/product_tag?post=769068"}],"curies":[{"name":"wp","href":"https:\/\/api.w.org\/{rel}","templated":true}]}}