{"id":769066,"date":"2025-08-28T13:40:55","date_gmt":"2025-08-28T10:40:55","guid":{"rendered":"https:\/\/roveyayinevi.com.tr\/index.php\/urun\/atesi-kesfeder-gibi\/"},"modified":"2026-04-15T03:34:58","modified_gmt":"2026-04-15T00:34:58","slug":"atesi-kesfeder-gibi","status":"publish","type":"product","link":"https:\/\/roveyayinevi.com.tr\/index.php\/urun\/atesi-kesfeder-gibi\/","title":{"rendered":"Ate\u015fi Ke\u015ffeder Gibi\u2026"},"content":{"rendered":"<p>Elinizdeki kitap, \u0130smail Hakk\u0131 Tongu\u00e7 Belgeli\u011fi Vakf\u0131\u2019n\u0131n vars\u0131l belgeli\u011finden yararlan\u0131larak olu\u015fturulmu\u015ftur. Tongu\u00e7 Baba\u2019n\u0131n geni\u015f g\u00f6zlem g\u00fcc\u00fc ile kaleme ald\u0131\u011f\u0131 ve \u015fimdiye de\u011fin g\u00fcn \u0131\u015f\u0131\u011f\u0131na \u00e7\u0131kmam\u0131\u015f gezi notlar\u0131n\u0131 i\u00e7ermektedir. Anadolu\u2019nun d\u00f6rt bir yan\u0131nda K\u00f6y Enstit\u00fclerinin yaratt\u0131\u011f\u0131 Ayd\u0131nlanma co\u015fkusuna kat\u0131lan bir toplumun bilgisizli\u011fi ve bilisizli\u011fi yenme, ulusla\u015fma s\u00fcrecini en yak\u0131ndan g\u00f6zlemleyen Tongu\u00e7 Baba, Cumhurba\u015fkan\u0131 \u0130smet \u0130n\u00f6n\u00fc ve Milli E\u011fitim Bakan\u0131 Hasan \u00c2li Y\u00fccel ile birlikte yurdu kar\u0131\u015f kar\u0131\u015f geziyor. \u0130mparatorluk d\u00f6neminde yok say\u0131lan, yaln\u0131zca sava\u015fta an\u0131msanan Anadolu\u2019ya hizmet etmenin en \u00f6nemli ko\u015fulunun yurt ger\u00e7ekli\u011fiyle \u201ctemas etmek oldu\u011funu\u201d imliyor, \u201chalkla nefes nefese gelmedik\u00e7e ve onunla hamur olarak yo\u011frulmad\u0131k\u00e7a bu memleketin s\u0131rlar\u0131 anla\u015f\u0131lmaz\u201d diyor. Gezi notlar\u0131ndaki kimi sat\u0131rlar, K\u00f6y Enstit\u00fclerini yaratan kadronun nas\u0131l bir gelecek ve toplum d\u00fc\u015fleyerek eyleme ge\u00e7ti\u011fine ili\u015fkin ipu\u00e7lar\u0131 veriyor. \u00d6rne\u011fin, Tongu\u00e7\u2019un 1939\u2019da, Ankara-Sivas treninde yazd\u0131\u011f\u0131 \u015fu sat\u0131rlar: \u201cGeceleri her taraf\u0131nda elektrik \u0131\u015f\u0131klar\u0131 dalgalanan, \u015fark\u0131lar s\u00f6ylenen, co\u015fularak ya\u015fan\u0131lan Anadolu ideali ne zaman tahakkuk edecek? Bunun hasretini \u00e7ekiyoruz. Yeni cemiyeti, onun yeni insan tipini karakterize etmeye u\u011fra\u015f\u0131yoruz. Ate\u015fi ke\u015ffeder gibi didinerek, Anadolu\u2019yu \u0131\u015f\u0131\u011fa bulayacak kahramanlar\u0131 yeti\u015ftirmek laz\u0131m. I\u015f\u0131\u011f\u0131 bulacak, hayata geni\u015f imk\u00e2nlar yaratacak, fertlerinin hep mesut yeni cemiyetin yeni insanlar\u0131n\u0131 yeti\u015ftirmek laz\u0131m. Bunun i\u00e7in didinmeliyiz.\u201d Ger\u00e7ek yurtseverler ate\u015fi ke\u015ffetmi\u015flerdi. O y\u00fczden Prometheus gibi bedenleri ve yaratt\u0131klar\u0131 de\u011ferler kara ku\u015flara yedirildi. An\u0131lar\u0131 bize gelece\u011fe y\u00f6nelik g\u00fc\u00e7 veriyor\u2026 <\/p>\n","protected":false},"excerpt":{"rendered":"<p>Elinizdeki kitap, \u0130smail Hakk\u0131 Tongu\u00e7 Belgeli\u011fi Vakf\u0131\u2019n\u0131n vars\u0131l belgeli\u011finden yararlan\u0131larak olu\u015fturulmu\u015ftur. Tongu\u00e7 Baba\u2019n\u0131n geni\u015f g\u00f6zlem g\u00fcc\u00fc ile kaleme ald\u0131\u011f\u0131 ve \u015fimdiye de\u011fin g\u00fcn \u0131\u015f\u0131\u011f\u0131na \u00e7\u0131kmam\u0131\u015f gezi<span class=\"excerpt-hellip\"> [\u2026]<\/span><\/p>\n","protected":false},"featured_media":0,"template":"","meta":{"_monsterinsights_skip_tracking":false,"_monsterinsights_sitenote_active":false,"_monsterinsights_sitenote_note":"","_monsterinsights_sitenote_category":0},"product_brand":[],"product_cat":[13701,12291],"product_tag":[],"class_list":{"0":"post-769066","1":"product","2":"type-product","3":"status-publish","5":"product_cat-ani-mektup-gunluk","6":"product_cat-edebiyat","7":"pa_cilt-ciltsiz","8":"pa_tur-kitap","9":"pa_yayinevi-cumhuriyet-kitaplari","10":"pa_yazar-ismail-hakki-tonguc","12":"first","13":"instock","14":"sale","15":"shipping-taxable","16":"purchasable","17":"product-type-simple"},"_links":{"self":[{"href":"https:\/\/roveyayinevi.com.tr\/index.php\/wp-json\/wp\/v2\/product\/769066","targetHints":{"allow":["GET"]}}],"collection":[{"href":"https:\/\/roveyayinevi.com.tr\/index.php\/wp-json\/wp\/v2\/product"}],"about":[{"href":"https:\/\/roveyayinevi.com.tr\/index.php\/wp-json\/wp\/v2\/types\/product"}],"wp:attachment":[{"href":"https:\/\/roveyayinevi.com.tr\/index.php\/wp-json\/wp\/v2\/media?parent=769066"}],"wp:term":[{"taxonomy":"product_brand","embeddable":true,"href":"https:\/\/roveyayinevi.com.tr\/index.php\/wp-json\/wp\/v2\/product_brand?post=769066"},{"taxonomy":"product_cat","embeddable":true,"href":"https:\/\/roveyayinevi.com.tr\/index.php\/wp-json\/wp\/v2\/product_cat?post=769066"},{"taxonomy":"product_tag","embeddable":true,"href":"https:\/\/roveyayinevi.com.tr\/index.php\/wp-json\/wp\/v2\/product_tag?post=769066"}],"curies":[{"name":"wp","href":"https:\/\/api.w.org\/{rel}","templated":true}]}}