{"id":769063,"date":"2025-08-28T13:40:50","date_gmt":"2025-08-28T10:40:50","guid":{"rendered":"https:\/\/roveyayinevi.com.tr\/index.php\/urun\/olumun-izinde\/"},"modified":"2026-04-15T03:34:58","modified_gmt":"2026-04-15T00:34:58","slug":"olumun-izinde","status":"publish","type":"product","link":"https:\/\/roveyayinevi.com.tr\/index.php\/urun\/olumun-izinde\/","title":{"rendered":"\u00d6l\u00fcm\u00fcn \u0130zinde"},"content":{"rendered":"<p>Hayat\u0131n iki de\u011fi\u015fmez ger\u00e7e\u011fi var: do\u011fum ve \u00f6l\u00fcm   Nerede do\u011fdu\u011fumuz, kim oldu\u011fumuz, ne kadar ya\u015fad\u0131\u011f\u0131m\u0131z fark etmez;  hepimiz ayn\u0131 sona var\u0131r\u0131z.   \u00d6l\u00fcm, t\u00fcm ayr\u0131mlar\u0131 silen en b\u00fcy\u00fck e\u015fitleyicidir. Bazen bir f\u0131rt\u0131na gibi aniden gelir, bazen de a\u011f\u0131r a\u011f\u0131r yakla\u015f\u0131r. Sevdiklerimizi kaybetmek istemeyiz, ama hayat er ya da ge\u00e7 bizi bu ger\u00e7ekle y\u00fczle\u015ftirir. Ka\u00e7\u0131n\u0131lmaz olan\u0131 kabul etmek, ac\u0131y\u0131 bast\u0131rmaktan daha derin bir fark\u0131ndal\u0131k sa\u011flar. \u00c7\u00fcnk\u00fc anlam, kay\u0131plar\u0131n bo\u015flu\u011funda de\u011fil, onlarla kurdu\u011fumuz ba\u011fda gizlidir.   \u0130nsanl\u0131k var oldu\u011fu g\u00fcnden beri \u00f6l\u00fcm\u00fc sorgulad\u0131. Korkuyla bakt\u0131, merakla d\u00fc\u015f\u00fcnd\u00fc. Oysa \u00f6l\u00fcm, do\u011fum kadar do\u011fal, ya\u015fam kadar ger\u00e7ektir. Bilinmezlik kar\u015f\u0131s\u0131nda do\u011fumu nas\u0131l kabul ediyorsak, \u00f6l\u00fcm\u00fc de ayn\u0131 do\u011fall\u0131kla kar\u015f\u0131lamay\u0131 \u00f6\u011frenebiliriz.   Bu kitap, \u00f6l\u00fcm\u00fcn biyolojik, psikolojik ve felsefi boyutlar\u0131na \u0131\u015f\u0131k tutarken, kayb\u0131n ve yeniden ba\u015flaman\u0131n i\u00e7 i\u00e7e ge\u00e7ti\u011fi o hassas \u00e7izgide y\u00fcr\u00fcmeye davet ediyor okuru. \u00c7\u00fcnk\u00fc hayat, eksilmeler ve yeniden tamamlanmalarla ilerleyen bir d\u00f6ng\u00fcd\u00fcr.   Unutmay\u0131n: Her son, yeni bir ba\u015flang\u0131c\u0131n e\u015fi\u011fidir. <\/p>\n","protected":false},"excerpt":{"rendered":"<p>Hayat\u0131n iki de\u011fi\u015fmez ger\u00e7e\u011fi var: do\u011fum ve \u00f6l\u00fcm Nerede do\u011fdu\u011fumuz, kim oldu\u011fumuz, ne kadar ya\u015fad\u0131\u011f\u0131m\u0131z fark etmez; hepimiz ayn\u0131 sona var\u0131r\u0131z. \u00d6l\u00fcm, t\u00fcm ayr\u0131mlar\u0131 silen en<span class=\"excerpt-hellip\"> [\u2026]<\/span><\/p>\n","protected":false},"featured_media":0,"template":"","meta":{"_monsterinsights_skip_tracking":false,"_monsterinsights_sitenote_active":false,"_monsterinsights_sitenote_note":"","_monsterinsights_sitenote_category":0},"product_brand":[],"product_cat":[12358,12357],"product_tag":[],"class_list":{"0":"post-769063","1":"product","2":"type-product","3":"status-publish","5":"product_cat-genel-psikoloji","6":"product_cat-psikoloji","7":"pa_cilt-ciltsiz","8":"pa_tur-kitap","9":"pa_yayinevi-dogan-kitap","10":"pa_yazar-safak-nakajima","12":"first","13":"instock","14":"sale","15":"shipping-taxable","16":"purchasable","17":"product-type-simple"},"_links":{"self":[{"href":"https:\/\/roveyayinevi.com.tr\/index.php\/wp-json\/wp\/v2\/product\/769063","targetHints":{"allow":["GET"]}}],"collection":[{"href":"https:\/\/roveyayinevi.com.tr\/index.php\/wp-json\/wp\/v2\/product"}],"about":[{"href":"https:\/\/roveyayinevi.com.tr\/index.php\/wp-json\/wp\/v2\/types\/product"}],"wp:attachment":[{"href":"https:\/\/roveyayinevi.com.tr\/index.php\/wp-json\/wp\/v2\/media?parent=769063"}],"wp:term":[{"taxonomy":"product_brand","embeddable":true,"href":"https:\/\/roveyayinevi.com.tr\/index.php\/wp-json\/wp\/v2\/product_brand?post=769063"},{"taxonomy":"product_cat","embeddable":true,"href":"https:\/\/roveyayinevi.com.tr\/index.php\/wp-json\/wp\/v2\/product_cat?post=769063"},{"taxonomy":"product_tag","embeddable":true,"href":"https:\/\/roveyayinevi.com.tr\/index.php\/wp-json\/wp\/v2\/product_tag?post=769063"}],"curies":[{"name":"wp","href":"https:\/\/api.w.org\/{rel}","templated":true}]}}