{"id":769062,"date":"2025-08-28T13:40:49","date_gmt":"2025-08-28T10:40:49","guid":{"rendered":"https:\/\/roveyayinevi.com.tr\/index.php\/urun\/imam-nursi-ve-ucler-yediler-kirklar\/"},"modified":"2026-04-15T03:34:58","modified_gmt":"2026-04-15T00:34:58","slug":"imam-nursi-ve-ucler-yediler-kirklar","status":"publish","type":"product","link":"https:\/\/roveyayinevi.com.tr\/index.php\/urun\/imam-nursi-ve-ucler-yediler-kirklar\/","title":{"rendered":"\u0130mam Nursi Ve \u00dc\u00e7ler, Yediler, K\u0131rklar"},"content":{"rendered":"<p>Aziz Kaari, Nurun birinci talebesi Albay Hulusi Yahyagil Barla\u2019da \u00dcstad Bedi\u00fczzaman\u2019\u0131 ziyaret eder. Kendisine bir \u015feyh aramaktad\u0131r. Lakin Hz. Bedi\u00fczzaman Said Nursi Hulusi Bey\u2019e \u015f\u00f6yle hitap eder ve der ki: \u201cKarda\u015f\u0131m! Ben \u015feyh de\u011filim. T\u0131pk\u0131 \u0130mam Rabbani gibi \u0130mam Gazali gibi \u0130mam\u0131m der.\u201d \u0130\u015fte bu m\u00fcnasebetle kitab\u0131m\u0131z\u0131n ad\u0131n\u0131 \u201c\u0130mam Nursi ve \u00dc\u00e7ler, Yediler, K\u0131rklar\u201d koyduk. Fakat ben \u201c\u00dc\u00e7ler, yediler, k\u0131rklar\u201d derken asla Allah kat\u0131nda ha\u015fa! makam s\u0131ralamas\u0131 yapm\u0131yorum ve yapamam da. \u00c7\u00fcnk\u00fc bu hakikati sadece ve sadece Allah bilir. E\u011fer yaparsak tevhide ters d\u00fc\u015feriz lakin h\u00fcsn \u00fc zan edebiliriz. Hem de asla unutmayal\u0131m ki: Y\u00fcce kitab\u0131m\u0131z Kur\u2019an-\u0131 Kerim \u015f\u00f6yle der: \u201cVemen ahsenu kavlen mimmen de\u00e2 ilall\u00e2hi ve amile s\u00e2lihan ve k\u00e2le innen\u00ee minel m\u00fcslimin\u201d yani \u201cAllah&#8217;a \u00e7a\u011f\u0131r\u0131p iyi i\u015fler yapanlardan ve \u015f\u00fcphe yok ki ben M\u00fcsl\u00fcmanlardan\u0131m diyenden daha g\u00fczel s\u00f6zl\u00fc kim olabilir ki?\u201d \u00d6yle ise M\u00fcsl\u00fcman olmak yeterlidir, kafidir ve vafidir. Kitab\u0131mda tan\u0131tt\u0131\u011f\u0131m \u00dc\u00e7ler, Yediler, K\u0131rklar ki elli zat eder bir de \u0130mam Nursi onunla elli bir zat eder ki hepsi de Allah yolunda \u00e7al\u0131\u015fm\u0131\u015f necib milletimize, imana ve Kur\u2019an\u2019a hizmet etmi\u015fler. En \u00f6nemlisi de iyi bir m\u00fc\u2019min, samimi bir m\u00fcsl\u00fcman ve de Cenab-\u0131 Hakka kul olmu\u015flar. Fedakarane bu Cennet vatan ve m\u00fcbarek millet i\u00e7in hem cihan harbinde hem kuvay\u0131 milliye saf\u0131nda \u00e7arp\u0131\u015fm\u0131\u015flar \u015fehid olmu\u015flar, gazi olmu\u015flar, esir d\u00fc\u015fm\u00fc\u015fler ve benzeri&#8230; \u0130\u015fte ben bunu yani milletimize hizmetkar olmay\u0131 ayakta alk\u0131\u015fl\u0131yorum. Bu sebeple de onlara vefa g\u00f6steriyorum ve s\u0131rf r\u0131za-i \u0130lahi i\u00e7in bu kitab\u0131m\u0131 yaz\u0131yorum. Dilerim ki bin y\u0131ldan fazlaca bir zamand\u0131r \u0130slamiyete, imana ve Kur\u2019an\u2019a kahramanca hizmet etmi\u015f olan necip milletimizin asil evlatlar\u0131 ve \u00f6zellikle de gelecek nesiller bu kitab\u0131mdan azami derecede istifade ederler in\u015faallah. Zihninize, kalbinize, tefekk\u00fcr d\u00fcnyan\u0131za at\u0131fetler ve afiyetler olsun. Kemal-i H\u00fcrmetlerimle. <\/p>\n","protected":false},"excerpt":{"rendered":"<p>Aziz Kaari, Nurun birinci talebesi Albay Hulusi Yahyagil Barla\u2019da \u00dcstad Bedi\u00fczzaman\u2019\u0131 ziyaret eder. Kendisine bir \u015feyh aramaktad\u0131r. Lakin Hz. Bedi\u00fczzaman Said Nursi Hulusi Bey\u2019e \u015f\u00f6yle hitap<span class=\"excerpt-hellip\"> [\u2026]<\/span><\/p>\n","protected":false},"featured_media":0,"template":"","meta":{"_monsterinsights_skip_tracking":false,"_monsterinsights_sitenote_active":false,"_monsterinsights_sitenote_note":"","_monsterinsights_sitenote_category":0},"product_brand":[],"product_cat":[13036,12718,12719],"product_tag":[],"class_list":{"0":"post-769062","1":"product","2":"type-product","3":"status-publish","5":"product_cat-arastirma-inceleme-islam","6":"product_cat-din","7":"product_cat-islam","8":"pa_cilt-ciltsiz","9":"pa_tur-kitap","10":"pa_yayinevi-gulnar-yayinlari","11":"pa_yazar-yilmaz-yenidinc","13":"first","14":"instock","15":"sale","16":"shipping-taxable","17":"purchasable","18":"product-type-simple"},"_links":{"self":[{"href":"https:\/\/roveyayinevi.com.tr\/index.php\/wp-json\/wp\/v2\/product\/769062","targetHints":{"allow":["GET"]}}],"collection":[{"href":"https:\/\/roveyayinevi.com.tr\/index.php\/wp-json\/wp\/v2\/product"}],"about":[{"href":"https:\/\/roveyayinevi.com.tr\/index.php\/wp-json\/wp\/v2\/types\/product"}],"wp:attachment":[{"href":"https:\/\/roveyayinevi.com.tr\/index.php\/wp-json\/wp\/v2\/media?parent=769062"}],"wp:term":[{"taxonomy":"product_brand","embeddable":true,"href":"https:\/\/roveyayinevi.com.tr\/index.php\/wp-json\/wp\/v2\/product_brand?post=769062"},{"taxonomy":"product_cat","embeddable":true,"href":"https:\/\/roveyayinevi.com.tr\/index.php\/wp-json\/wp\/v2\/product_cat?post=769062"},{"taxonomy":"product_tag","embeddable":true,"href":"https:\/\/roveyayinevi.com.tr\/index.php\/wp-json\/wp\/v2\/product_tag?post=769062"}],"curies":[{"name":"wp","href":"https:\/\/api.w.org\/{rel}","templated":true}]}}