{"id":769061,"date":"2025-08-28T13:40:46","date_gmt":"2025-08-28T10:40:46","guid":{"rendered":"https:\/\/roveyayinevi.com.tr\/index.php\/urun\/cumbur-cemaat-2\/"},"modified":"2026-01-28T03:58:32","modified_gmt":"2026-01-28T00:58:32","slug":"cumbur-cemaat-2","status":"publish","type":"product","link":"https:\/\/roveyayinevi.com.tr\/index.php\/urun\/cumbur-cemaat-2\/","title":{"rendered":"C\u00fcmb\u00fcr Cemaat"},"content":{"rendered":"<p>Bu camide her \u015fey konu\u015fuyor ama sadece \u00e7ocuklarla\u2026 Minareler, kubbe, avize, mihrap, minber, m\u00fcezzin mahfili, \u015fad\u0131rvan, \u00e7e\u015fmeler, kap\u0131lar, hal\u0131lar\u2026 Peki bir caminin i\u00e7inde neler ya\u015fanabilir? Bisiklet s\u00fcrme hayali kuran minarelerden tak\u0131r tak\u0131r kahkahalar y\u00fckselir mi? Cami avlusundaki \u015fad\u0131rvan ve \u00e7e\u015fmeler \u00e7ocuklarla \u015f\u0131r\u0131l \u015f\u0131r\u0131l sohbet edebilir mi? Ku\u015flarla ba\u015f\u0131 dertte olan kubbe yard\u0131m isteyebilir mi? Avize \u0131\u015f\u0131klar\u0131n\u0131 yak\u0131p s\u00f6nd\u00fcrerek heyecan\u0131n\u0131 g\u00f6sterebilir mi? Minber tekerleme oyunu oynay\u0131p mihrap bir \u00e7ocu\u011fu imaml\u0131\u011fa davet edebilir mi? \u0130\u015fte bu kitapta, caminin her k\u00f6\u015fesi dile geliyor, e\u011flenceli ve bol kahkahal\u0131 bir maceraya \u00e7\u0131k\u0131l\u0131yor! S\u0131cac\u0131k bir cami ve namaz hik\u00e2yesi! <\/p>\n","protected":false},"excerpt":{"rendered":"<p>Bu camide her \u015fey konu\u015fuyor ama sadece \u00e7ocuklarla\u2026 Minareler, kubbe, avize, mihrap, minber, m\u00fcezzin mahfili, \u015fad\u0131rvan, \u00e7e\u015fmeler, kap\u0131lar, hal\u0131lar\u2026 Peki bir caminin i\u00e7inde neler ya\u015fanabilir? Bisiklet<span class=\"excerpt-hellip\"> [\u2026]<\/span><\/p>\n","protected":false},"featured_media":0,"template":"","meta":{"_monsterinsights_skip_tracking":false,"_monsterinsights_sitenote_active":false,"_monsterinsights_sitenote_note":"","_monsterinsights_sitenote_category":0},"product_brand":[],"product_cat":[12274,12284],"product_tag":[],"class_list":{"0":"post-769061","1":"product","2":"type-product","3":"status-publish","5":"product_cat-cocuk-ve-genclik-kitaplari","6":"product_cat-hikayeler","7":"pa_cilt-ciltsiz","8":"pa_tur-kitap","9":"pa_yayinevi-aile-yayinlari","10":"pa_yazar-omer-faruk-paksu","12":"first","13":"instock","14":"sale","15":"shipping-taxable","16":"purchasable","17":"product-type-simple"},"_links":{"self":[{"href":"https:\/\/roveyayinevi.com.tr\/index.php\/wp-json\/wp\/v2\/product\/769061","targetHints":{"allow":["GET"]}}],"collection":[{"href":"https:\/\/roveyayinevi.com.tr\/index.php\/wp-json\/wp\/v2\/product"}],"about":[{"href":"https:\/\/roveyayinevi.com.tr\/index.php\/wp-json\/wp\/v2\/types\/product"}],"wp:attachment":[{"href":"https:\/\/roveyayinevi.com.tr\/index.php\/wp-json\/wp\/v2\/media?parent=769061"}],"wp:term":[{"taxonomy":"product_brand","embeddable":true,"href":"https:\/\/roveyayinevi.com.tr\/index.php\/wp-json\/wp\/v2\/product_brand?post=769061"},{"taxonomy":"product_cat","embeddable":true,"href":"https:\/\/roveyayinevi.com.tr\/index.php\/wp-json\/wp\/v2\/product_cat?post=769061"},{"taxonomy":"product_tag","embeddable":true,"href":"https:\/\/roveyayinevi.com.tr\/index.php\/wp-json\/wp\/v2\/product_tag?post=769061"}],"curies":[{"name":"wp","href":"https:\/\/api.w.org\/{rel}","templated":true}]}}