{"id":769060,"date":"2025-08-28T13:40:45","date_gmt":"2025-08-28T10:40:45","guid":{"rendered":"https:\/\/roveyayinevi.com.tr\/index.php\/urun\/devrimler-caginda-yunan-devrimi-1776-1848\/"},"modified":"2026-04-15T03:34:58","modified_gmt":"2026-04-15T00:34:58","slug":"devrimler-caginda-yunan-devrimi-1776-1848","status":"publish","type":"product","link":"https:\/\/roveyayinevi.com.tr\/index.php\/urun\/devrimler-caginda-yunan-devrimi-1776-1848\/","title":{"rendered":"Devrimler \u00c7a\u011f\u0131nda Yunan Devrimi  1776-1848"},"content":{"rendered":"<p>Devrimler \u00c7a\u011f\u0131nda Yunan D\u00fcnyas\u0131, Paschalis M. Kitromilides * Avrupa\u2019da Devrimler (1776-1848), Annie Jourdan * Yunan Devrimi ve Devrimler \u00c7a\u011f\u0131, David A. Bell * Yunanistan, \u0130spanya ve Erken D\u00f6nem Avrupa Liberalizminde \u00d6zg\u00fcrle\u015fme Kuram\u0131, Jos\u00e9 Maria Portillo Vald\u00e9s * Avusturya ve 1820\u2019lerin Devrimleri, Miroslav Sediy * 1820\u2019lerde Ulus\u00f6tecilik ve Kozmopolitanizm, Anna Karakatsouli * Yunanistan ve 1820-1823 G\u00fcney Avrupa Liberal Devrimleri, John A. Davis * Yunanistan ve 1848: Do\u011frudan Tepkiler, Christopher Clark ve Christos Aliprantis * \u201cChe Dura Prova \u00c8 Tentar Di Greca Aqu\u0131la Il Dorso,\u201d Francesco Scalora * Devrimler \u00c7a\u011f\u0131nda Rusya ve Yunanistan, Simon Dixon * Yunan Devriminden \u00d6nceki On Y\u0131l: Osmanl\u0131 Tarihinde Bir Kara Delik, H. \u015e\u00fckr\u00fc Il\u0131cak * S\u0131rp, Yunan ve Rumen Devrimleri Kar\u015f\u0131la\u015ft\u0131rmas\u0131, Harald Heppner * \u0130syanlardan Yunan Devrimine, Olga Katsiardi-Hering * Devrim Tetikte: Devrimci Yunanistan\u2019da Kamu G\u00fcvenli\u011fi ve Polis, Vaso Seirinidou * S\u0131rp ve Yunan Devrimlerinde \u0130\u00e7 \u00c7at\u0131\u015fmalar, Maria Efthymiou * Ulus \u0130n\u015fas\u0131 ve Deniz, Gelina Harlaftis ve Katerina Galani * Yunanistan\u2019daki Napoli Konsoloslar\u0131n\u0131n Yaz\u0131\u015fmalar\u0131nda Ekonomi ve Siyaset, Anna Maria Rao * \u0130syanc\u0131 Yunanlar\u0131n Demokratik ve Liberal Bir Devlet Tasavvuru, Spyros Vlachopoulos * Yunan Devriminde \u00d6zg\u00fcrl\u00fck \u0130dealleri ve Siyasi Modernite S\u00f6ylemi, Konstantinos A. Papageorgiou <\/p>\n","protected":false},"excerpt":{"rendered":"<p>Devrimler \u00c7a\u011f\u0131nda Yunan D\u00fcnyas\u0131, Paschalis M. Kitromilides * Avrupa\u2019da Devrimler (1776-1848), Annie Jourdan * Yunan Devrimi ve Devrimler \u00c7a\u011f\u0131, David A. Bell * Yunanistan, \u0130spanya ve<span class=\"excerpt-hellip\"> [\u2026]<\/span><\/p>\n","protected":false},"featured_media":0,"template":"","meta":{"_monsterinsights_skip_tracking":false,"_monsterinsights_sitenote_active":false,"_monsterinsights_sitenote_note":"","_monsterinsights_sitenote_category":0},"product_brand":[],"product_cat":[12304],"product_tag":[],"class_list":{"0":"post-769060","1":"product","2":"type-product","3":"status-publish","5":"product_cat-tarih","6":"pa_cilt-ciltsiz","7":"pa_tur-kitap","8":"pa_yayinevi-alfa-yayinlari","9":"pa_yazar-paschalis-m-kitromilides","11":"first","12":"instock","13":"sale","14":"shipping-taxable","15":"purchasable","16":"product-type-simple"},"_links":{"self":[{"href":"https:\/\/roveyayinevi.com.tr\/index.php\/wp-json\/wp\/v2\/product\/769060","targetHints":{"allow":["GET"]}}],"collection":[{"href":"https:\/\/roveyayinevi.com.tr\/index.php\/wp-json\/wp\/v2\/product"}],"about":[{"href":"https:\/\/roveyayinevi.com.tr\/index.php\/wp-json\/wp\/v2\/types\/product"}],"wp:attachment":[{"href":"https:\/\/roveyayinevi.com.tr\/index.php\/wp-json\/wp\/v2\/media?parent=769060"}],"wp:term":[{"taxonomy":"product_brand","embeddable":true,"href":"https:\/\/roveyayinevi.com.tr\/index.php\/wp-json\/wp\/v2\/product_brand?post=769060"},{"taxonomy":"product_cat","embeddable":true,"href":"https:\/\/roveyayinevi.com.tr\/index.php\/wp-json\/wp\/v2\/product_cat?post=769060"},{"taxonomy":"product_tag","embeddable":true,"href":"https:\/\/roveyayinevi.com.tr\/index.php\/wp-json\/wp\/v2\/product_tag?post=769060"}],"curies":[{"name":"wp","href":"https:\/\/api.w.org\/{rel}","templated":true}]}}