{"id":769059,"date":"2025-08-28T13:40:44","date_gmt":"2025-08-28T10:40:44","guid":{"rendered":"https:\/\/roveyayinevi.com.tr\/index.php\/urun\/en-buyuk-sevgi-ataturkun-askeri-okul-yillari\/"},"modified":"2026-04-15T03:34:58","modified_gmt":"2026-04-15T00:34:58","slug":"en-buyuk-sevgi-ataturkun-askeri-okul-yillari","status":"publish","type":"product","link":"https:\/\/roveyayinevi.com.tr\/index.php\/urun\/en-buyuk-sevgi-ataturkun-askeri-okul-yillari\/","title":{"rendered":"En B\u00fcy\u00fck Sevgi &#8211; Atat\u00fcrk\u2019\u00fcn Askeri Okul Y\u0131llar\u0131"},"content":{"rendered":"<p>Bu kitap, Mustafa Kemal\u2019in az bilinen d\u00f6nemlerinden olan Harp Okulu ve Harp Akademisi y\u0131llar\u0131na \u0131\u015f\u0131k tutuyor.   Yazar\u0131m\u0131z Hatice Top\u00e7u\u2019nun titiz inceleme ve ara\u015ft\u0131rmalar\u0131 sonucunda elde etti\u011fi bilgilerle roman kurgusunda kaleme ald\u0131\u011f\u0131 Atat\u00fcrk\u2019\u00fcn Askeri Okul Y\u0131llar\u0131 En B\u00fcy\u00fck Sevgi\u2019de \u00fclkesinin kurtar\u0131c\u0131s\u0131, kurucusu olacak ve \u00e7a\u011fda\u015fla\u015fma yolunda yapaca\u011f\u0131 devrimlerle b\u00fct\u00fcn d\u00fcnyay\u0131 kendine hayran b\u0131rakacak b\u00fcy\u00fck bir liderin do\u011fu\u015fu yolundaki se\u00e7imlerine tan\u0131kl\u0131k ediyoruz. Onu daha iyi tan\u0131mak i\u00e7in\u2026<\/p>\n","protected":false},"excerpt":{"rendered":"<p>Bu kitap, Mustafa Kemal\u2019in az bilinen d\u00f6nemlerinden olan Harp Okulu ve Harp Akademisi y\u0131llar\u0131na \u0131\u015f\u0131k tutuyor. Yazar\u0131m\u0131z Hatice Top\u00e7u\u2019nun titiz inceleme ve ara\u015ft\u0131rmalar\u0131 sonucunda elde etti\u011fi<span class=\"excerpt-hellip\"> [\u2026]<\/span><\/p>\n","protected":false},"featured_media":0,"template":"","meta":{"_monsterinsights_skip_tracking":false,"_monsterinsights_sitenote_active":false,"_monsterinsights_sitenote_note":"","_monsterinsights_sitenote_category":0},"product_brand":[],"product_cat":[12530,12304],"product_tag":[],"class_list":{"0":"post-769059","1":"product","2":"type-product","3":"status-publish","5":"product_cat-mustafa-kemal-ataturk","6":"product_cat-tarih","7":"pa_cilt-ciltsiz","8":"pa_tur-kitap","9":"pa_yayinevi-angora-kitaplari","10":"pa_yazar-hatice-topcu","12":"first","13":"instock","14":"sale","15":"shipping-taxable","16":"purchasable","17":"product-type-simple"},"_links":{"self":[{"href":"https:\/\/roveyayinevi.com.tr\/index.php\/wp-json\/wp\/v2\/product\/769059","targetHints":{"allow":["GET"]}}],"collection":[{"href":"https:\/\/roveyayinevi.com.tr\/index.php\/wp-json\/wp\/v2\/product"}],"about":[{"href":"https:\/\/roveyayinevi.com.tr\/index.php\/wp-json\/wp\/v2\/types\/product"}],"wp:attachment":[{"href":"https:\/\/roveyayinevi.com.tr\/index.php\/wp-json\/wp\/v2\/media?parent=769059"}],"wp:term":[{"taxonomy":"product_brand","embeddable":true,"href":"https:\/\/roveyayinevi.com.tr\/index.php\/wp-json\/wp\/v2\/product_brand?post=769059"},{"taxonomy":"product_cat","embeddable":true,"href":"https:\/\/roveyayinevi.com.tr\/index.php\/wp-json\/wp\/v2\/product_cat?post=769059"},{"taxonomy":"product_tag","embeddable":true,"href":"https:\/\/roveyayinevi.com.tr\/index.php\/wp-json\/wp\/v2\/product_tag?post=769059"}],"curies":[{"name":"wp","href":"https:\/\/api.w.org\/{rel}","templated":true}]}}