{"id":769053,"date":"2025-08-28T13:40:32","date_gmt":"2025-08-28T10:40:32","guid":{"rendered":"https:\/\/roveyayinevi.com.tr\/index.php\/urun\/tarih-i-gilmani\/"},"modified":"2026-04-15T03:34:57","modified_gmt":"2026-04-15T00:34:57","slug":"tarih-i-gilmani","status":"publish","type":"product","link":"https:\/\/roveyayinevi.com.tr\/index.php\/urun\/tarih-i-gilmani\/","title":{"rendered":"Tarih-i G\u0131lmani"},"content":{"rendered":"<p>Mehmet Halife ve Tarih-i G\u0131lm\u00e2n\u00ee\u2026Ahmet Refik ve Osmanl\u0131 Tarihi\u2026\u0130simler ve eserler bu kez birle\u015fiyor ve Osmanl\u0131 \u0130mparatorlu\u011fu\u2019nun derinlerine bak\u0131yor.Tarih-i G\u0131lm\u00e2n\u00ee\u2019nin yazar\u0131 Mehmet Halife\u2019dir ve pek \u00e7ok kitaba kaynak olan bu ilgin\u00e7 eseri g\u00f6revli oldu\u011fu Osmanl\u0131 hareminde yazm\u0131\u015ft\u0131r. Mehmet Halife; \u00dc\u00e7 Osmanl\u0131 Padi\u015fah\u0131 D\u00f6rd\u00fcnc\u00fc Murat, Sultan \u0130brahim ve D\u00f6rd\u00fcnc\u00fc Mehmet devrinde meydana gelen bizzat i\u00e7inde ya\u015fad\u0131\u011f\u0131 i\u00e7 ve d\u0131\u015f olaylar\u0131, bir kuyumcu titizli\u011fi i\u00e7inde dile d\u00f6k\u00fcyor.. Enderun te\u015fkilat\u0131, kara ve deniz sava\u015flar\u0131, fethedilen kaleler, Osmanl\u0131 b\u00fct\u00e7esi, Anadolu ve \u0130stanbul isyanlar\u0131, Sultan \u0130brahim\u2019in \u00f6ld\u00fcr\u00fclmesi, A\u011falar saltanat\u0131, \u0130stanbul\u2019u kas\u0131p kavuran yang\u0131nlar, kellelerin dallar\u0131na as\u0131ld\u0131\u011f\u0131 \u00c7\u0131nar Vakas\u0131\u2026 Mehmet Halife\u2019nin kalemi ve Ahmet Refik\u2019in titizli\u011fi burada, Tarih-i G\u0131lm\u00e2n\u00ee\u2019de.<\/p>\n","protected":false},"excerpt":{"rendered":"<p>Mehmet Halife ve Tarih-i G\u0131lm\u00e2n\u00ee\u2026Ahmet Refik ve Osmanl\u0131 Tarihi\u2026\u0130simler ve eserler bu kez birle\u015fiyor ve Osmanl\u0131 \u0130mparatorlu\u011fu\u2019nun derinlerine bak\u0131yor.Tarih-i G\u0131lm\u00e2n\u00ee\u2019nin yazar\u0131 Mehmet Halife\u2019dir ve pek \u00e7ok<span class=\"excerpt-hellip\"> [\u2026]<\/span><\/p>\n","protected":false},"featured_media":0,"template":"","meta":{"_monsterinsights_skip_tracking":false,"_monsterinsights_sitenote_active":false,"_monsterinsights_sitenote_note":"","_monsterinsights_sitenote_category":0},"product_brand":[],"product_cat":[13517,12304],"product_tag":[],"class_list":{"0":"post-769053","1":"product","2":"type-product","3":"status-publish","5":"product_cat-osmanli-tarihi","6":"product_cat-tarih","7":"pa_cilt-ciltsiz","8":"pa_tur-kitap","9":"pa_yayinevi-kapi-yayinlari","10":"pa_yazar-ahmed-refik","12":"first","13":"instock","14":"sale","15":"shipping-taxable","16":"purchasable","17":"product-type-simple"},"_links":{"self":[{"href":"https:\/\/roveyayinevi.com.tr\/index.php\/wp-json\/wp\/v2\/product\/769053","targetHints":{"allow":["GET"]}}],"collection":[{"href":"https:\/\/roveyayinevi.com.tr\/index.php\/wp-json\/wp\/v2\/product"}],"about":[{"href":"https:\/\/roveyayinevi.com.tr\/index.php\/wp-json\/wp\/v2\/types\/product"}],"wp:attachment":[{"href":"https:\/\/roveyayinevi.com.tr\/index.php\/wp-json\/wp\/v2\/media?parent=769053"}],"wp:term":[{"taxonomy":"product_brand","embeddable":true,"href":"https:\/\/roveyayinevi.com.tr\/index.php\/wp-json\/wp\/v2\/product_brand?post=769053"},{"taxonomy":"product_cat","embeddable":true,"href":"https:\/\/roveyayinevi.com.tr\/index.php\/wp-json\/wp\/v2\/product_cat?post=769053"},{"taxonomy":"product_tag","embeddable":true,"href":"https:\/\/roveyayinevi.com.tr\/index.php\/wp-json\/wp\/v2\/product_tag?post=769053"}],"curies":[{"name":"wp","href":"https:\/\/api.w.org\/{rel}","templated":true}]}}