{"id":769052,"date":"2025-08-28T13:40:29","date_gmt":"2025-08-28T10:40:29","guid":{"rendered":"https:\/\/roveyayinevi.com.tr\/index.php\/urun\/dunyalar-savasi-cizgi-roman\/"},"modified":"2026-04-15T03:34:57","modified_gmt":"2026-04-15T00:34:57","slug":"dunyalar-savasi-cizgi-roman","status":"publish","type":"product","link":"https:\/\/roveyayinevi.com.tr\/index.php\/urun\/dunyalar-savasi-cizgi-roman\/","title":{"rendered":"D\u00fcnyalar Sava\u015f\u0131 &#8211; \u00c7izgi Roman"},"content":{"rendered":"<p>Bir s\u00fcredir K\u0131z\u0131l Gezegen&#8217;den D\u00fcnya&#8217;ya d\u00fczenli aral\u0131klarla g\u00fc\u00e7l\u00fc tesirli mermiler d\u00fc\u015fmektedir. K\u00fc\u00e7\u00fck bir \u0130ngiliz kasabas\u0131 olan Ottershaw&#8217;da ya\u015fayan Profes\u00f6r Ogilvy, gen\u00e7 bir \u00f6\u011frencisi taraf\u0131ndan ortaya at\u0131lan \u201cd\u00fcnya d\u0131\u015f\u0131 bir sald\u0131r\u0131\u201d teorisine inanmakta zorlan\u0131r. Ancak, evinin yak\u0131nlar\u0131na bir meteor d\u00fc\u015ft\u00fc\u011f\u00fcnde, kraterinde sadece \u00fcst\u00fcn bir uygarl\u0131\u011f\u0131n eseri olabilecek dev bir silindir ke\u015ffeder. Ve bu medeniyetin ger\u00e7ekte bar\u0131\u015f\u00e7\u0131l niyetleri olmad\u0131\u011f\u0131n\u0131 zor yoldan \u00f6\u011frenecektir&#8230; Uzayl\u0131 kaps\u00fcl\u00fcnden \u00e7\u0131kan tripodlar ile kaos ve y\u0131k\u0131m tohumlar\u0131 ekerek di\u011ferlerine kat\u0131lacak olan muazzam bir \u00f6l\u00fcm makinesi insanl\u0131\u011fa ula\u015fm\u0131\u015f ve felaket daha yeni ba\u015flam\u0131\u015ft\u0131r&#8230; H.G. Wells\u2019in anti-militarist mesaj\u0131yla \u00f6nc\u00fc bir k\u0131yamet \u00f6yk\u00fcs\u00fc olan ve defalarca sinemaya da uyarlanan D\u00fcnyalar Sava\u015f\u0131, nihayet Dobbs ve Cifuentes i\u015fbirli\u011fi ile \u00e7izgi romanda hak etti\u011fi sad\u0131k uyarlamaya kavu\u015ftu.<\/p>\n","protected":false},"excerpt":{"rendered":"<p>Bir s\u00fcredir K\u0131z\u0131l Gezegen&#8217;den D\u00fcnya&#8217;ya d\u00fczenli aral\u0131klarla g\u00fc\u00e7l\u00fc tesirli mermiler d\u00fc\u015fmektedir. K\u00fc\u00e7\u00fck bir \u0130ngiliz kasabas\u0131 olan Ottershaw&#8217;da ya\u015fayan Profes\u00f6r Ogilvy, gen\u00e7 bir \u00f6\u011frencisi taraf\u0131ndan ortaya at\u0131lan<span class=\"excerpt-hellip\"> [\u2026]<\/span><\/p>\n","protected":false},"featured_media":0,"template":"","meta":{"_monsterinsights_skip_tracking":false,"_monsterinsights_sitenote_active":false,"_monsterinsights_sitenote_note":"","_monsterinsights_sitenote_category":0},"product_brand":[],"product_cat":[12416,12291],"product_tag":[],"class_list":{"0":"post-769052","1":"product","2":"type-product","3":"status-publish","5":"product_cat-cizgi-roman","6":"product_cat-edebiyat","7":"pa_cilt-ciltsiz","8":"pa_tur-kitap","9":"pa_yayinevi-akil-celen-kitaplar","10":"pa_yazar-h-g-wells-dobbs","12":"first","13":"instock","14":"sale","15":"shipping-taxable","16":"purchasable","17":"product-type-simple"},"_links":{"self":[{"href":"https:\/\/roveyayinevi.com.tr\/index.php\/wp-json\/wp\/v2\/product\/769052","targetHints":{"allow":["GET"]}}],"collection":[{"href":"https:\/\/roveyayinevi.com.tr\/index.php\/wp-json\/wp\/v2\/product"}],"about":[{"href":"https:\/\/roveyayinevi.com.tr\/index.php\/wp-json\/wp\/v2\/types\/product"}],"wp:attachment":[{"href":"https:\/\/roveyayinevi.com.tr\/index.php\/wp-json\/wp\/v2\/media?parent=769052"}],"wp:term":[{"taxonomy":"product_brand","embeddable":true,"href":"https:\/\/roveyayinevi.com.tr\/index.php\/wp-json\/wp\/v2\/product_brand?post=769052"},{"taxonomy":"product_cat","embeddable":true,"href":"https:\/\/roveyayinevi.com.tr\/index.php\/wp-json\/wp\/v2\/product_cat?post=769052"},{"taxonomy":"product_tag","embeddable":true,"href":"https:\/\/roveyayinevi.com.tr\/index.php\/wp-json\/wp\/v2\/product_tag?post=769052"}],"curies":[{"name":"wp","href":"https:\/\/api.w.org\/{rel}","templated":true}]}}