{"id":769051,"date":"2025-08-28T13:40:28","date_gmt":"2025-08-28T10:40:28","guid":{"rendered":"https:\/\/roveyayinevi.com.tr\/index.php\/urun\/bir-insani-nasil-tanirsiniz\/"},"modified":"2026-04-15T03:34:57","modified_gmt":"2026-04-15T00:34:57","slug":"bir-insani-nasil-tanirsiniz","status":"publish","type":"product","link":"https:\/\/roveyayinevi.com.tr\/index.php\/urun\/bir-insani-nasil-tanirsiniz\/","title":{"rendered":"Bir \u0130nsan\u0131 Nas\u0131l Tan\u0131rs\u0131n\u0131z?"},"content":{"rendered":"<p>\u0130nsanlar\u0131 Derinlemesine Tan\u0131maya Giden Yolculuk: Bir \u0130nsan\u0131 Nas\u0131l Tan\u0131rs\u0131n\u0131z?    \u0130nsan ili\u015fkileri y\u00fczeyselle\u015fti\u011finde, hayat\u0131n anlam\u0131 eksilir. G\u00fcn\u00fcm\u00fcz d\u00fcnyas\u0131nda, insanlar\u0131 ger\u00e7ekten g\u00f6rmek, anlamak ve onlarla ba\u011f kurmak giderek kaybolan bir beceri haline geldi. \u0130\u015fte tam da bu noktada David Brooks\u2019un \u201cBir \u0130nsan\u0131 Nas\u0131l Tan\u0131rs\u0131n\u0131z? Derinlemesine G\u00f6rme ve G\u00f6r\u00fclme Sanat\u0131\u201d kitab\u0131 devreye giriyor. Brooks, yaln\u0131zca bir ki\u015fisel geli\u015fim rehberi de\u011fil, ayn\u0131 zamanda bir sosyal fark\u0131ndal\u0131k manifestosu sunuyor.  Bu kitap, bir insan\u0131 ger\u00e7ekten tan\u0131man\u0131n ne anlama geldi\u011fini ve bunu ba\u015farman\u0131n yollar\u0131n\u0131 derinlemesine inceliyor. Brooks, bireysel ve toplumsal d\u00fczeyde insanlar\u0131n birbiriyle ba\u011f kurmas\u0131n\u0131n ne kadar \u00f6nemli oldu\u011funu, anlaml\u0131 ili\u015fkiler kurabilmenin ya\u015fam\u0131n en de\u011ferli sanat\u0131 oldu\u011funu vurguluyor. Psikoloji, n\u00f6robilim, edebiyat ve felsefeden ald\u0131\u011f\u0131 ilhamla, insanlar\u0131n hem bireysel hem de sosyal d\u00fcnyalar\u0131n\u0131 zenginle\u015ftirecek bir yol haritas\u0131 sunuyor.    Ne Sunuyor?  Brooks, kitab\u0131nda insanlar\u0131n aras\u0131ndaki ba\u011flar\u0131n kopmas\u0131n\u0131n nedenlerine dair kapsaml\u0131 bir analiz yap\u0131yor. \u00c7o\u011fu zaman insanlar\u0131 y\u00fczeysel bir bi\u00e7imde tan\u0131d\u0131\u011f\u0131m\u0131z\u0131 san\u0131yoruz. Ancak ger\u00e7ekten birini anlamak, onu derinlemesine g\u00f6rmekle m\u00fcmk\u00fcn olur. Bu anlay\u0131\u015f, sadece dostluk ve romantik ili\u015fkiler i\u00e7in de\u011fil, i\u015f d\u00fcnyas\u0131nda liderlikten e\u011fitimde \u00f6\u011frenci-\u00f6\u011fretmen ili\u015fkilerine kadar hayat\u0131n her alan\u0131nda bir devrim yaratabilecek g\u00fcce sahip. Kitap, okurlar\u0131n\u0131 \u015funlar \u00fczerine d\u00fc\u015f\u00fcnmeye davet ediyor:  \u00b7         G\u00f6rmek ve G\u00f6r\u00fclmek: \u0130nsanlar\u0131n derin arzular\u0131ndan biri, anla\u015f\u0131lmak ve g\u00f6r\u00fclmektir. Peki biz ba\u015fkalar\u0131n\u0131 ger\u00e7ekten g\u00f6rebiliyor muyuz?  \u00b7         Ba\u011f Kurma Becerisi: Empati, sab\u0131r ve a\u00e7\u0131k y\u00fcreklilikle ba\u011f kurmak; g\u00fc\u00e7l\u00fc ve kal\u0131c\u0131 ili\u015fkilerin temelidir.  \u00b7         Anlaml\u0131 Diyaloglar: S\u00f6zlerin g\u00fcc\u00fcn\u00fc kullanarak, insanlar aras\u0131nda k\u00f6pr\u00fcler in\u015fa etmek m\u00fcmk\u00fcn m\u00fc?    Kimler Okumal\u0131?  Bu kitap, insan ili\u015fkilerini geli\u015ftirmek isteyen herkes i\u00e7in e\u015fsiz bir rehber.   \u00b7         \u0130\u015f d\u00fcnyas\u0131nda liderler: Ekipleriyle daha g\u00fc\u00e7l\u00fc ba\u011f kurmak isteyen y\u00f6neticiler.  \u00b7         E\u011fitimciler: \u00d6\u011frencilerini daha iyi anlamak isteyen \u00f6\u011fretmenler.  \u00b7         Hizmet sekt\u00f6r\u00fcnde \u00e7al\u0131\u015fanlar: \u0130nsanlarla etkili ileti\u015fim kurmay\u0131 ama\u00e7layan profesyoneller.  \u00b7         Kendi i\u00e7 yolculu\u011funa \u00e7\u0131kmak isteyen bireyler: Kendini tan\u0131maya ve ba\u015fkalar\u0131yla derin ba\u011flar kurmaya ihtiya\u00e7 duyan herkes.    David Brooks Hakk\u0131nda    David Brooks, New York Times k\u00f6\u015fe yazar\u0131, sosyal g\u00f6zlemci ve en \u00e7ok satan yazar kimli\u011fiyle tan\u0131n\u0131yor. Daha \u00f6nce kaleme ald\u0131\u011f\u0131 \u201cThe Road to Character\u201d ve \u201cThe Second Mountain\u201d gibi eserlerinde insan do\u011fas\u0131n\u0131n derinliklerini ke\u015ffeden Brooks, bu kitab\u0131nda da benzersiz bir i\u00e7g\u00f6r\u00fc sunarak okuyucuyu daha anlaml\u0131 bir ya\u015fam in\u015fa etmeye te\u015fvik ediyor.    Neden Bu Kitap?  \u201cBir \u0130nsan\u0131 Nas\u0131l Tan\u0131rs\u0131n\u0131z?\u201d sadece okuyup rafa kald\u0131raca\u011f\u0131n\u0131z bir kitap de\u011fil; uygulamaya d\u00f6kebilece\u011finiz bir ya\u015fam k\u0131lavuzu. Her bir sayfas\u0131nda Brooks\u2019un etkileyici anlat\u0131m\u0131yla, hem kendi i\u00e7 d\u00fcnyan\u0131za yolculuk yapacak hem de \u00e7evrenizdekilerle olan ili\u015fkilerinizi daha derin ve anlaml\u0131 hale getireceksiniz. \u0130nsanlar\u0131 derinlemesine g\u00f6rmenin ve g\u00f6r\u00fclmenin yolunu ar\u0131yorsan\u0131z, bu kitap tam da size g\u00f6re!  Ba\u011f kurman\u0131n, g\u00f6rmenin ve anlaman\u0131n g\u00fcc\u00fcn\u00fc ke\u015ffetmek istiyorsan\u0131z, bu, ya\u015fam\u0131n\u0131z\u0131 d\u00f6n\u00fc\u015ft\u00fcrebilecek bir kitap. \u0130nsan ili\u015fkilerinin y\u00fczeyselli\u011fe mahk\u00fbm oldu\u011fu bu \u00e7a\u011fda, bu eseri elinize alarak fark yaratabilir, hem kendinizi hem de \u00e7evrenizdekileri derinlemesine tan\u0131ma yolculu\u011funa \u00e7\u0131kabilirsiniz. Brooks\u2019un sat\u0131rlar\u0131nda, ger\u00e7ek bir insan olman\u0131n ve ba\u015fkalar\u0131n\u0131 ger\u00e7ekten g\u00f6rmenin sanat\u0131n\u0131 bulacaks\u0131n\u0131z.  <\/p>\n","protected":false},"excerpt":{"rendered":"<p>\u0130nsanlar\u0131 Derinlemesine Tan\u0131maya Giden Yolculuk: Bir \u0130nsan\u0131 Nas\u0131l Tan\u0131rs\u0131n\u0131z? \u0130nsan ili\u015fkileri y\u00fczeyselle\u015fti\u011finde, hayat\u0131n anlam\u0131 eksilir. G\u00fcn\u00fcm\u00fcz d\u00fcnyas\u0131nda, insanlar\u0131 ger\u00e7ekten g\u00f6rmek, anlamak ve onlarla ba\u011f kurmak giderek<span class=\"excerpt-hellip\"> [\u2026]<\/span><\/p>\n","protected":false},"featured_media":0,"template":"","meta":{"_monsterinsights_skip_tracking":false,"_monsterinsights_sitenote_active":false,"_monsterinsights_sitenote_note":"","_monsterinsights_sitenote_category":0},"product_brand":[],"product_cat":[12357],"product_tag":[],"class_list":{"0":"post-769051","1":"product","2":"type-product","3":"status-publish","5":"product_cat-psikoloji","6":"pa_cilt-ciltsiz","7":"pa_tur-kitap","8":"pa_yayinevi-okuyan-us-yayin","9":"pa_yazar-david-brooks","11":"first","12":"instock","13":"sale","14":"shipping-taxable","15":"purchasable","16":"product-type-simple"},"_links":{"self":[{"href":"https:\/\/roveyayinevi.com.tr\/index.php\/wp-json\/wp\/v2\/product\/769051","targetHints":{"allow":["GET"]}}],"collection":[{"href":"https:\/\/roveyayinevi.com.tr\/index.php\/wp-json\/wp\/v2\/product"}],"about":[{"href":"https:\/\/roveyayinevi.com.tr\/index.php\/wp-json\/wp\/v2\/types\/product"}],"wp:attachment":[{"href":"https:\/\/roveyayinevi.com.tr\/index.php\/wp-json\/wp\/v2\/media?parent=769051"}],"wp:term":[{"taxonomy":"product_brand","embeddable":true,"href":"https:\/\/roveyayinevi.com.tr\/index.php\/wp-json\/wp\/v2\/product_brand?post=769051"},{"taxonomy":"product_cat","embeddable":true,"href":"https:\/\/roveyayinevi.com.tr\/index.php\/wp-json\/wp\/v2\/product_cat?post=769051"},{"taxonomy":"product_tag","embeddable":true,"href":"https:\/\/roveyayinevi.com.tr\/index.php\/wp-json\/wp\/v2\/product_tag?post=769051"}],"curies":[{"name":"wp","href":"https:\/\/api.w.org\/{rel}","templated":true}]}}