{"id":769049,"date":"2025-08-28T13:40:25","date_gmt":"2025-08-28T10:40:25","guid":{"rendered":"https:\/\/roveyayinevi.com.tr\/index.php\/urun\/iyi-aile-yoktur-2\/"},"modified":"2026-04-15T03:34:57","modified_gmt":"2026-04-15T00:34:57","slug":"iyi-aile-yoktur-2","status":"publish","type":"product","link":"https:\/\/roveyayinevi.com.tr\/index.php\/urun\/iyi-aile-yoktur-2\/","title":{"rendered":"\u0130yi Aile Yoktur"},"content":{"rendered":"<p>Nihan Kaya\u2019n\u0131n Rehberli\u011fiyle \u00c7ocukluk Yaralar\u0131n\u0131zla Y\u00fczle\u015fin: \u0130yi Aile Yoktur    Aile kavram\u0131 ger\u00e7ekten kusursuz bir s\u0131\u011f\u0131nak m\u0131, yoksa birer birey olarak \u00f6zg\u00fcrl\u00fc\u011f\u00fcm\u00fcz\u00fc s\u0131n\u0131rlayan g\u00f6r\u00fcnmez duvarlar m\u0131?  Nihan Kaya, aileye dair en k\u00f6kl\u00fc inan\u00e7lar\u0131m\u0131z\u0131 sorgulatmak i\u00e7in kaleme ald\u0131\u011f\u0131 \u0130yi Aile Yoktur kitab\u0131nda, bu cesur sorunun pe\u015fine d\u00fc\u015f\u00fcyor. \u00c7ocukluk travmalar\u0131ndan yeti\u015fkinlikteki duygusal t\u0131kan\u0131kl\u0131klara, toplumsal normlardan bireysel \u00f6zg\u00fcrl\u00fck aray\u0131\u015f\u0131na kadar geni\u015f bir perspektiften aile kavram\u0131n\u0131 inceliyor.  Bu kitap, kli\u015felerle \u015fekillendirilmi\u015f \u201cideal aile\u201d anlay\u0131\u015f\u0131n\u0131 k\u0131rmaya ve okurlar\u0131n\u0131 kendi hayatlar\u0131na ve ili\u015fkilerine yeniden bakmaya davet ediyor. \u201cAile her \u015feydir\u201d, \u201cAnne baba kutsald\u0131r\u201d gibi kal\u0131p d\u00fc\u015f\u00fcncelerle yeti\u015ftirilen bireylerin duygusal yaralar\u0131n\u0131 ke\u015ffetmeye, o yaralar\u0131n iyile\u015ftirilmesine y\u00f6nelik bir fark\u0131ndal\u0131k sunuyor. Nihan Kaya, g\u00fc\u00e7l\u00fc anlat\u0131m\u0131 ve derinlemesine analizleriyle \u00e7ocukluk d\u00f6neminin g\u00f6r\u00fcnmez ama en etkili yaralar\u0131n\u0131n izlerini g\u00f6zler \u00f6n\u00fcne seriyor.    Kitaptan Size Kalanlar:  Aile i\u00e7indeki psikolojik dinamikleri anlamak ve sorgulamak,  \u00c7ocukluk travmalar\u0131n\u0131n yeti\u015fkinlik hayat\u0131n\u0131za etkisini fark etmek,  \u00d6zg\u00fcr birey olman\u0131n ve sa\u011fl\u0131kl\u0131 s\u0131n\u0131rlar koyman\u0131n \u00f6nemini ke\u015ffetmek,  \u201c\u0130yi aile\u201d mitinin ard\u0131ndaki ger\u00e7e\u011fi g\u00f6rmek.    Neden Bu Kitab\u0131 Okumal\u0131s\u0131n\u0131z?  Bir solukta okuyaca\u011f\u0131n\u0131z bu eser, size yaln\u0131zca kendi ailenizi de\u011fil, kendinizi de sorgulatacak. E\u011fer aile ili\u015fkilerinizde \u00e7\u00f6z\u00fclmeyen d\u00fc\u011f\u00fcmler varsa, \u00e7ocu\u011funuzla ya da ebeveynlerinizle kurdu\u011funuz ili\u015fkide sa\u011fl\u0131kl\u0131 s\u0131n\u0131rlar olu\u015fturmay\u0131 \u00f6\u011frenmek istiyorsan\u0131z, \u0130yi Aile Yoktur tam da arad\u0131\u011f\u0131n\u0131z k\u0131lavuz olabilir. Kitab\u0131n sayfalar\u0131n\u0131 \u00e7evirdik\u00e7e, \u201cBen bu duyguyu neden hissettim?\u201d ya da \u201cBu davran\u0131\u015f\u0131n arkas\u0131ndaki neden ne?\u201d gibi sorular\u0131n cevaplar\u0131n\u0131 bulacaks\u0131n\u0131z.    Kendi \u00d6zg\u00fcrl\u00fck Hik\u00e2yenizi Yaz\u0131n!  Hayatta en b\u00fcy\u00fck d\u00f6n\u00fc\u015f\u00fcm, kendimizi tan\u0131makla ba\u015flar. \u0130yi Aile Yoktur, bireysel d\u00f6n\u00fc\u015f\u00fcm yolculu\u011funuzda size rehberlik edecek, ili\u015fkilerinizi sa\u011fl\u0131kl\u0131 bir zemine oturtman\u0131z\u0131 sa\u011flayacak bir ba\u015fyap\u0131t.  Unutmay\u0131n: Aile ba\u011flar\u0131m\u0131z\u0131 anlayabilmek, kendi duygusal \u00f6zg\u00fcrl\u00fc\u011f\u00fcm\u00fcz\u00fc yaratman\u0131n ilk ad\u0131m\u0131d\u0131r.       <\/p>\n","protected":false},"excerpt":{"rendered":"<p>Nihan Kaya\u2019n\u0131n Rehberli\u011fiyle \u00c7ocukluk Yaralar\u0131n\u0131zla Y\u00fczle\u015fin: \u0130yi Aile Yoktur Aile kavram\u0131 ger\u00e7ekten kusursuz bir s\u0131\u011f\u0131nak m\u0131, yoksa birer birey olarak \u00f6zg\u00fcrl\u00fc\u011f\u00fcm\u00fcz\u00fc s\u0131n\u0131rlayan g\u00f6r\u00fcnmez duvarlar m\u0131? Nihan<span class=\"excerpt-hellip\"> [\u2026]<\/span><\/p>\n","protected":false},"featured_media":0,"template":"","meta":{"_monsterinsights_skip_tracking":false,"_monsterinsights_sitenote_active":false,"_monsterinsights_sitenote_note":"","_monsterinsights_sitenote_category":0},"product_brand":[],"product_cat":[12357],"product_tag":[],"class_list":{"0":"post-769049","1":"product","2":"type-product","3":"status-publish","5":"product_cat-psikoloji","6":"pa_cilt-ciltsiz","7":"pa_tur-kitap","8":"pa_yayinevi-okuyan-us-yayin","9":"pa_yazar-nihan-kaya","11":"first","12":"instock","13":"sale","14":"shipping-taxable","15":"purchasable","16":"product-type-simple"},"_links":{"self":[{"href":"https:\/\/roveyayinevi.com.tr\/index.php\/wp-json\/wp\/v2\/product\/769049","targetHints":{"allow":["GET"]}}],"collection":[{"href":"https:\/\/roveyayinevi.com.tr\/index.php\/wp-json\/wp\/v2\/product"}],"about":[{"href":"https:\/\/roveyayinevi.com.tr\/index.php\/wp-json\/wp\/v2\/types\/product"}],"wp:attachment":[{"href":"https:\/\/roveyayinevi.com.tr\/index.php\/wp-json\/wp\/v2\/media?parent=769049"}],"wp:term":[{"taxonomy":"product_brand","embeddable":true,"href":"https:\/\/roveyayinevi.com.tr\/index.php\/wp-json\/wp\/v2\/product_brand?post=769049"},{"taxonomy":"product_cat","embeddable":true,"href":"https:\/\/roveyayinevi.com.tr\/index.php\/wp-json\/wp\/v2\/product_cat?post=769049"},{"taxonomy":"product_tag","embeddable":true,"href":"https:\/\/roveyayinevi.com.tr\/index.php\/wp-json\/wp\/v2\/product_tag?post=769049"}],"curies":[{"name":"wp","href":"https:\/\/api.w.org\/{rel}","templated":true}]}}