{"id":769048,"date":"2025-08-28T13:40:23","date_gmt":"2025-08-28T10:40:23","guid":{"rendered":"https:\/\/roveyayinevi.com.tr\/index.php\/urun\/akil-sagliginin-oruntusu\/"},"modified":"2026-04-15T03:34:57","modified_gmt":"2026-04-15T00:34:57","slug":"akil-sagliginin-oruntusu","status":"publish","type":"product","link":"https:\/\/roveyayinevi.com.tr\/index.php\/urun\/akil-sagliginin-oruntusu\/","title":{"rendered":"Ak\u0131l Sa\u011fl\u0131\u011f\u0131n\u0131n \u00d6r\u00fcnt\u00fcs\u00fc"},"content":{"rendered":"<p>\u0130nsan Zihninin Derinliklerine Dair Unutulmaz Bir Rehber: Ak\u0131l Sa\u011fl\u0131\u011f\u0131n\u0131n \u00d6r\u00fcnt\u00fcs\u00fc    Delili\u011fin sadece bir zihinsel bozukluk de\u011fil, insan varolu\u015funun derinliklerinde sakl\u0131 bir anlat\u0131 oldu\u011funu hi\u00e7 d\u00fc\u015f\u00fcnd\u00fcn\u00fcz m\u00fc?   Ak\u0131l Sa\u011fl\u0131\u011f\u0131n\u0131n \u00d6r\u00fcnt\u00fcs\u00fc, delili\u011fin k\u00f6klerine inen ve bu fenomeni ki\u015fisel, toplumsal ve felsefi a\u00e7\u0131lardan ele alan sars\u0131c\u0131 bir eser. Yazar Neville Symington, insan ruhunun bilinmezlerle dolu labirentinde yol al\u0131rken, okuru hem sorgulamaya hem de anlamaya davet ediyor. Bu kitap, yaln\u0131zca bir psikanaliz \u00e7al\u0131\u015fmas\u0131 de\u011fil, ayn\u0131 zamanda insanl\u0131\u011f\u0131n kendi i\u00e7indeki kaosa dair bir ke\u015fif yolculu\u011fu\u2026    Delili\u011fin Do\u011fas\u0131 ve Psikolojik Derinlikler  Bu eser, delili\u011fin bireyin i\u00e7sel d\u00fcnyas\u0131nda nas\u0131l \u015fekillendi\u011fini ve bu durumun hayat\u0131m\u0131z\u0131 nas\u0131l etkileyebilece\u011fini kapsam\u0131l\u0131 bir \u015fekilde ele al\u0131yor. Symington, psikolojik travmalar\u0131n, bilin\u00e7alt\u0131 \u00e7at\u0131\u015fmalar\u0131n ve savunma mekanizmalar\u0131n\u0131n bireyde nas\u0131l bir delilik kal\u0131b\u0131 olu\u015fturabilece\u011fini \u00e7\u00f6z\u00fcml\u00fcyor. Ancak bu kitap sadece klinik bir analiz de\u011fil; ayn\u0131 zamanda insani deneyimlerin \u00f6z\u00fcne inen bir felsefi yolculuk.  Symington\u2019\u0131n dili, teorik bilgiyi okuyucuyla kolayca bulu\u015fturan, ak\u0131c\u0131 ve derin bir anlat\u0131m sunuyor. Psikanaliz d\u00fcnyas\u0131nda \u015f\u00f6hret kazanm\u0131\u015f, \u00f6zg\u00fcn d\u00fc\u015f\u00fcnceleri ve teorik katk\u0131lar\u0131yla bilinen yazar, okuyucusunu hem akademik hem de duygusal olarak sarsan bir esere imza at\u0131yor.    Kime Hitap Ediyor?  \u2022          Psikoloji ve psikanaliz alan\u0131yla profesyonel olarak ilgilenen terapistler, psikologlar ve akademisyenler i\u00e7in vazge\u00e7ilmez bir kaynak.   \u2022          \u0130nsan zihninin karanl\u0131k ama ayd\u0131nlat\u0131c\u0131 y\u00f6nlerine merak duyan okuyucular i\u00e7in etkileyici bir deneyim.   \u2022          Psikolojik ve felsefi derinliklere dair s\u00f6yleyecek s\u00f6z\u00fc olan herkes i\u00e7in ufuk a\u00e7\u0131c\u0131 bir yolculuk.    Symington\u2019a Dair Birka\u00e7 S\u00f6z  Neville Symington, psikanalitik literat\u00fcre yapt\u0131\u011f\u0131 \u00e7ok say\u0131da katk\u0131 ve \u00e7a\u011fda\u015f psikanalitik teorilere getirdi\u011fi \u00f6zg\u00fcn yorumlarla tan\u0131n\u0131yor. Onun eserleri, psikanalizin sadece bir tedavi y\u00f6ntemi de\u011fil, insan varolu\u015funu anlaman\u0131n anahtar\u0131 olarak ele al\u0131nd\u0131\u011f\u0131 bir d\u00fc\u015f\u00fcnce sistemi oldu\u011funu g\u00f6zler \u00f6n\u00fcne seriyor. Symington, sadece bir teorisyen de\u011fil, ayn\u0131 zamanda okuyucular\u0131n duygusal d\u00fcnyas\u0131na dokunan bir hik\u00e2ye anlat\u0131c\u0131s\u0131.    Ak\u0131l Sa\u011fl\u0131\u011f\u0131n\u0131n \u00d6r\u00fcnt\u00fcs\u00fc, bir kitaptan fazlas\u0131; delili\u011fin ve ak\u0131l sa\u011fl\u0131\u011f\u0131n\u0131n \u00f6z\u00fcne dair bir ba\u015fyap\u0131t. Bu kitapla birlikte hem insan psikolojisinin derinliklerine inin hem de insan ruhunun s\u0131n\u0131rlar\u0131n\u0131 ke\u015ffedin.   <\/p>\n","protected":false},"excerpt":{"rendered":"<p>\u0130nsan Zihninin Derinliklerine Dair Unutulmaz Bir Rehber: Ak\u0131l Sa\u011fl\u0131\u011f\u0131n\u0131n \u00d6r\u00fcnt\u00fcs\u00fc Delili\u011fin sadece bir zihinsel bozukluk de\u011fil, insan varolu\u015funun derinliklerinde sakl\u0131 bir anlat\u0131 oldu\u011funu hi\u00e7 d\u00fc\u015f\u00fcnd\u00fcn\u00fcz m\u00fc?<span class=\"excerpt-hellip\"> [\u2026]<\/span><\/p>\n","protected":false},"featured_media":0,"template":"","meta":{"_monsterinsights_skip_tracking":false,"_monsterinsights_sitenote_active":false,"_monsterinsights_sitenote_note":"","_monsterinsights_sitenote_category":0},"product_brand":[],"product_cat":[12357],"product_tag":[],"class_list":{"0":"post-769048","1":"product","2":"type-product","3":"status-publish","5":"product_cat-psikoloji","6":"pa_cilt-ciltsiz","7":"pa_tur-kitap","8":"pa_yayinevi-okuyan-us-yayin","9":"pa_yazar-neville-sygminton","11":"first","12":"instock","13":"sale","14":"shipping-taxable","15":"purchasable","16":"product-type-simple"},"_links":{"self":[{"href":"https:\/\/roveyayinevi.com.tr\/index.php\/wp-json\/wp\/v2\/product\/769048","targetHints":{"allow":["GET"]}}],"collection":[{"href":"https:\/\/roveyayinevi.com.tr\/index.php\/wp-json\/wp\/v2\/product"}],"about":[{"href":"https:\/\/roveyayinevi.com.tr\/index.php\/wp-json\/wp\/v2\/types\/product"}],"wp:attachment":[{"href":"https:\/\/roveyayinevi.com.tr\/index.php\/wp-json\/wp\/v2\/media?parent=769048"}],"wp:term":[{"taxonomy":"product_brand","embeddable":true,"href":"https:\/\/roveyayinevi.com.tr\/index.php\/wp-json\/wp\/v2\/product_brand?post=769048"},{"taxonomy":"product_cat","embeddable":true,"href":"https:\/\/roveyayinevi.com.tr\/index.php\/wp-json\/wp\/v2\/product_cat?post=769048"},{"taxonomy":"product_tag","embeddable":true,"href":"https:\/\/roveyayinevi.com.tr\/index.php\/wp-json\/wp\/v2\/product_tag?post=769048"}],"curies":[{"name":"wp","href":"https:\/\/api.w.org\/{rel}","templated":true}]}}