{"id":769047,"date":"2025-08-28T13:40:21","date_gmt":"2025-08-28T10:40:21","guid":{"rendered":"https:\/\/roveyayinevi.com.tr\/index.php\/urun\/romantik-hareket\/"},"modified":"2026-04-15T03:34:57","modified_gmt":"2026-04-15T00:34:57","slug":"romantik-hareket","status":"publish","type":"product","link":"https:\/\/roveyayinevi.com.tr\/index.php\/urun\/romantik-hareket\/","title":{"rendered":"Romantik Hareket"},"content":{"rendered":"<p>A\u015fk, seyahat, mimari, felsefe ve edebiyat \u00fczerine kitaplar\u0131yla t\u00fcm d\u00fcnyada geni\u015f bir okur kitlesi taraf\u0131ndan sevilen Alain de Botton\u2019un oda\u011f\u0131nda bu kez modern zaman ili\u015fkileri ve \u00e2\u015f\u0131klar\u0131n psikolojisi var. Romantik bir ili\u015fkiyi tan\u0131\u015fma an\u0131ndan ayr\u0131l\u0131\u011fa dek inceliyor, \u201ca\u015fk\u201d dedi\u011fimiz \u015feyi didik didik ediyor. Seks, al\u0131\u015fveri\u015f ve roman aras\u0131ndaki ba\u011flant\u0131lar\u0131 sorguluyor, ili\u015fki i\u00e7i g\u00fc\u00e7 dengelerini tart\u0131\u015f\u0131yor. Bu tart\u0131\u015fmalarda \u00f6rnek te\u015fkil etmesi i\u00e7in ele ald\u0131\u011f\u0131 modern \u00e7ift ise yeni bir ili\u015fki pe\u015finde ko\u015fmaktan s\u0131k\u0131lm\u0131\u015f, ge\u00e7mi\u015f ili\u015fkisinden a\u011fz\u0131 yanm\u0131\u015f gen\u00e7 reklamc\u0131 Alice ve bir anda kar\u015f\u0131s\u0131na \u00e7\u0131karak g\u00f6nl\u00fcn\u00fc \u00e7elen bankac\u0131 Eric. Onlar romantik ve s\u0131k\u0131nt\u0131l\u0131 zamanlar\u0131n\u0131 ya\u015farken, Descartes\u2019tan Flaubert\u2019e uzanan bir d\u00fc\u015f\u00fcn\u00fcrler ordusu da ili\u015fkilerinin analizi i\u00e7in seferber oluyor. Romantik Hareket, a\u015fk\u0131n ve sanat\u0131n tabiat\u0131na dair ufuk a\u00e7\u0131c\u0131 bir \u00e7al\u0131\u015fma<\/p>\n","protected":false},"excerpt":{"rendered":"<p>A\u015fk, seyahat, mimari, felsefe ve edebiyat \u00fczerine kitaplar\u0131yla t\u00fcm d\u00fcnyada geni\u015f bir okur kitlesi taraf\u0131ndan sevilen Alain de Botton\u2019un oda\u011f\u0131nda bu kez modern zaman ili\u015fkileri ve<span class=\"excerpt-hellip\"> [\u2026]<\/span><\/p>\n","protected":false},"featured_media":0,"template":"","meta":{"_monsterinsights_skip_tracking":false,"_monsterinsights_sitenote_active":false,"_monsterinsights_sitenote_note":"","_monsterinsights_sitenote_category":0},"product_brand":[],"product_cat":[12777,12291],"product_tag":[],"class_list":{"0":"post-769047","1":"product","2":"type-product","3":"status-publish","5":"product_cat-deneme","6":"product_cat-edebiyat","7":"pa_cilt-ciltsiz","8":"pa_tur-kitap","9":"pa_yayinevi-everest-yayinlari","10":"pa_yazar-alain-de-botton","12":"first","13":"instock","14":"sale","15":"shipping-taxable","16":"purchasable","17":"product-type-simple"},"_links":{"self":[{"href":"https:\/\/roveyayinevi.com.tr\/index.php\/wp-json\/wp\/v2\/product\/769047","targetHints":{"allow":["GET"]}}],"collection":[{"href":"https:\/\/roveyayinevi.com.tr\/index.php\/wp-json\/wp\/v2\/product"}],"about":[{"href":"https:\/\/roveyayinevi.com.tr\/index.php\/wp-json\/wp\/v2\/types\/product"}],"wp:attachment":[{"href":"https:\/\/roveyayinevi.com.tr\/index.php\/wp-json\/wp\/v2\/media?parent=769047"}],"wp:term":[{"taxonomy":"product_brand","embeddable":true,"href":"https:\/\/roveyayinevi.com.tr\/index.php\/wp-json\/wp\/v2\/product_brand?post=769047"},{"taxonomy":"product_cat","embeddable":true,"href":"https:\/\/roveyayinevi.com.tr\/index.php\/wp-json\/wp\/v2\/product_cat?post=769047"},{"taxonomy":"product_tag","embeddable":true,"href":"https:\/\/roveyayinevi.com.tr\/index.php\/wp-json\/wp\/v2\/product_tag?post=769047"}],"curies":[{"name":"wp","href":"https:\/\/api.w.org\/{rel}","templated":true}]}}