{"id":769045,"date":"2025-08-28T13:40:17","date_gmt":"2025-08-28T10:40:17","guid":{"rendered":"https:\/\/roveyayinevi.com.tr\/index.php\/urun\/sunnet-hadis\/"},"modified":"2026-03-12T03:32:10","modified_gmt":"2026-03-12T00:32:10","slug":"sunnet-hadis","status":"publish","type":"product","link":"https:\/\/roveyayinevi.com.tr\/index.php\/urun\/sunnet-hadis\/","title":{"rendered":"\u201cS\u00fcnnet-Hadis\u201d"},"content":{"rendered":"<p>Bu kitap, y\u0131llar\u0131n birikimi, kafa yorma, d\u00fc\u015f\u00fcnme ve uzun ara\u015ft\u0131rma sonucu, kaynaklara, akla ve bilime dayal\u0131 yaz\u0131lan kitapt\u0131r. Ayn\u0131 zamanda yine bu kitap, y\u00fcce Allah\u2019\u0131n s\u00f6zlerini i\u00e7erdi\u011fine kat\u0131ks\u0131z inand\u0131\u011f\u0131m\u0131z \u201cKur\u2019\u00e2n\u201ddan ba\u015fka \u0130sl\u00e2m Dini Kayna\u011f\u0131 olmad\u0131\u011f\u0131n\u0131\u201d vurgulayan, Kur\u2019\u00e2n \u00e2yetlerinin emirlerini yineleyen ve payla\u015fan bir kitapt\u0131r. Kur\u2019\u00e2n\u2019\u0131 anlayarak okuyacaksan\u0131z, bu kitab\u0131 b\u0131rak\u0131p hemen Kur\u2019\u00e2n me\u2019\u00e2lini okuyunuz! Bu kitapta \u0130sl\u00e2m Dini\u2019nde tek Kaynak Kur\u2019\u00e2n\u2019a destek, yard\u0131mc\u0131 veya ortak bir kaynak olarak \u201cHad\u00ees\/S\u00fcnnet\u201d olup olamayaca\u011f\u0131 Kur\u2019\u00e2n ve di\u011fer kaynaklara g\u00f6re de\u011ferlendirme yap\u0131lacakt\u0131r. <\/p>\n","protected":false},"excerpt":{"rendered":"<p>Bu kitap, y\u0131llar\u0131n birikimi, kafa yorma, d\u00fc\u015f\u00fcnme ve uzun ara\u015ft\u0131rma sonucu, kaynaklara, akla ve bilime dayal\u0131 yaz\u0131lan kitapt\u0131r. Ayn\u0131 zamanda yine bu kitap, y\u00fcce Allah\u2019\u0131n s\u00f6zlerini<span class=\"excerpt-hellip\"> [\u2026]<\/span><\/p>\n","protected":false},"featured_media":0,"template":"","meta":{"_monsterinsights_skip_tracking":false,"_monsterinsights_sitenote_active":false,"_monsterinsights_sitenote_note":"","_monsterinsights_sitenote_category":0},"product_brand":[],"product_cat":[13036,12718,12719],"product_tag":[],"class_list":{"0":"post-769045","1":"product","2":"type-product","3":"status-publish","5":"product_cat-arastirma-inceleme-islam","6":"product_cat-din","7":"product_cat-islam","8":"pa_cilt-ciltsiz","9":"pa_tur-kitap","10":"pa_yayinevi-kirmizi-cati-yayinlari","11":"pa_yazar-osman-zumrut","13":"first","14":"instock","15":"sale","16":"shipping-taxable","17":"purchasable","18":"product-type-simple"},"_links":{"self":[{"href":"https:\/\/roveyayinevi.com.tr\/index.php\/wp-json\/wp\/v2\/product\/769045","targetHints":{"allow":["GET"]}}],"collection":[{"href":"https:\/\/roveyayinevi.com.tr\/index.php\/wp-json\/wp\/v2\/product"}],"about":[{"href":"https:\/\/roveyayinevi.com.tr\/index.php\/wp-json\/wp\/v2\/types\/product"}],"wp:attachment":[{"href":"https:\/\/roveyayinevi.com.tr\/index.php\/wp-json\/wp\/v2\/media?parent=769045"}],"wp:term":[{"taxonomy":"product_brand","embeddable":true,"href":"https:\/\/roveyayinevi.com.tr\/index.php\/wp-json\/wp\/v2\/product_brand?post=769045"},{"taxonomy":"product_cat","embeddable":true,"href":"https:\/\/roveyayinevi.com.tr\/index.php\/wp-json\/wp\/v2\/product_cat?post=769045"},{"taxonomy":"product_tag","embeddable":true,"href":"https:\/\/roveyayinevi.com.tr\/index.php\/wp-json\/wp\/v2\/product_tag?post=769045"}],"curies":[{"name":"wp","href":"https:\/\/api.w.org\/{rel}","templated":true}]}}