{"id":769044,"date":"2025-08-28T13:40:15","date_gmt":"2025-08-28T10:40:15","guid":{"rendered":"https:\/\/roveyayinevi.com.tr\/index.php\/urun\/kose-vurusu\/"},"modified":"2026-03-12T03:32:10","modified_gmt":"2026-03-12T00:32:10","slug":"kose-vurusu","status":"publish","type":"product","link":"https:\/\/roveyayinevi.com.tr\/index.php\/urun\/kose-vurusu\/","title":{"rendered":"K\u00f6\u015fe Vuru\u015fu"},"content":{"rendered":"<p>&#8230;Bu kitapta \u201cBug\u00fcnk\u00fc ar\u015fiv sohbetimizin konusu\u201d diye ba\u015flad\u0131\u011f\u0131m sosyal medya sayfamda payla\u015ft\u0131\u011f\u0131m mahalli gazetelerde \u2018k\u00f6\u015fe yaz\u0131s\u0131\u2019 olarak yazd\u0131\u011f\u0131m g\u00fcndelik yaz\u0131lar vard\u0131r. Yazd\u0131\u011f\u0131m yaz\u0131lar\u0131n \u00e7o\u011fu ge\u00e7mi\u015fe y\u00f6nelik olup ya\u015fanan olaylar\u0131 anlatmaktad\u0131r. Herkesin ilgi alan\u0131na girmeyebilir\u2026 Hatta okuyunca rahats\u0131z olanlar s\u0131k\u0131lanlar bile olabilir\u2026  Birde ba\u015ftan s\u00f6ylemedi demeyin; \u201cBug\u00fcnk\u00fc sohbetimiz eskisinden daha da uzun\u2026\u201d Onun i\u00e7in sabr\u0131 sa\u011flam olanlar okusun\u2026  Okuyanlardan birde ricam \u015fu olacak; Okudu\u011funuz ar\u015fiv bilgileri sayfalarda kalmas\u0131n\u2026 \u0130ster tek ba\u015f\u0131na, ister sohbet arkada\u015flar\u0131yla; O g\u00fcnlerle, g\u00fcn\u00fcm\u00fcz\u00fcn bir mukayesesi yap\u0131ls\u0131n\u2026   Ba\u015flayal\u0131m&#8230; \u201cBug\u00fcnk\u00fc ar\u015fiv sohbetimizin konusu\u201d &#8230; <\/p>\n","protected":false},"excerpt":{"rendered":"<p>&#8230;Bu kitapta \u201cBug\u00fcnk\u00fc ar\u015fiv sohbetimizin konusu\u201d diye ba\u015flad\u0131\u011f\u0131m sosyal medya sayfamda payla\u015ft\u0131\u011f\u0131m mahalli gazetelerde \u2018k\u00f6\u015fe yaz\u0131s\u0131\u2019 olarak yazd\u0131\u011f\u0131m g\u00fcndelik yaz\u0131lar vard\u0131r. Yazd\u0131\u011f\u0131m yaz\u0131lar\u0131n \u00e7o\u011fu ge\u00e7mi\u015fe y\u00f6nelik<span class=\"excerpt-hellip\"> [\u2026]<\/span><\/p>\n","protected":false},"featured_media":0,"template":"","meta":{"_monsterinsights_skip_tracking":false,"_monsterinsights_sitenote_active":false,"_monsterinsights_sitenote_note":"","_monsterinsights_sitenote_category":0},"product_brand":[],"product_cat":[18545,12291],"product_tag":[],"class_list":{"0":"post-769044","1":"product","2":"type-product","3":"status-publish","5":"product_cat-anlati","6":"product_cat-edebiyat","7":"pa_cilt-ciltsiz","8":"pa_tur-kitap","9":"pa_yayinevi-kirmizi-cati-yayinlari","10":"pa_yazar-saban-karakaya","12":"first","13":"instock","14":"sale","15":"shipping-taxable","16":"purchasable","17":"product-type-simple"},"_links":{"self":[{"href":"https:\/\/roveyayinevi.com.tr\/index.php\/wp-json\/wp\/v2\/product\/769044","targetHints":{"allow":["GET"]}}],"collection":[{"href":"https:\/\/roveyayinevi.com.tr\/index.php\/wp-json\/wp\/v2\/product"}],"about":[{"href":"https:\/\/roveyayinevi.com.tr\/index.php\/wp-json\/wp\/v2\/types\/product"}],"wp:attachment":[{"href":"https:\/\/roveyayinevi.com.tr\/index.php\/wp-json\/wp\/v2\/media?parent=769044"}],"wp:term":[{"taxonomy":"product_brand","embeddable":true,"href":"https:\/\/roveyayinevi.com.tr\/index.php\/wp-json\/wp\/v2\/product_brand?post=769044"},{"taxonomy":"product_cat","embeddable":true,"href":"https:\/\/roveyayinevi.com.tr\/index.php\/wp-json\/wp\/v2\/product_cat?post=769044"},{"taxonomy":"product_tag","embeddable":true,"href":"https:\/\/roveyayinevi.com.tr\/index.php\/wp-json\/wp\/v2\/product_tag?post=769044"}],"curies":[{"name":"wp","href":"https:\/\/api.w.org\/{rel}","templated":true}]}}