{"id":769043,"date":"2025-08-28T13:40:13","date_gmt":"2025-08-28T10:40:13","guid":{"rendered":"https:\/\/roveyayinevi.com.tr\/index.php\/urun\/bir-ilcenin-anatomisi\/"},"modified":"2026-03-12T03:32:10","modified_gmt":"2026-03-12T00:32:10","slug":"bir-ilcenin-anatomisi","status":"publish","type":"product","link":"https:\/\/roveyayinevi.com.tr\/index.php\/urun\/bir-ilcenin-anatomisi\/","title":{"rendered":"Bir \u0130l\u00e7enin Anatomisi"},"content":{"rendered":"<p>Kitaptaki konular Aksu Vadisinin derinli\u011finde k\u00fc\u00e7\u00fck bir yerle\u015fke olan Dereli il\u00e7esine aittir\u2026 Elinizdeki kitap sizi Aksu vadisinde bir gezintiye \u00e7\u0131karacak. K\u00fc\u00e7\u00fck bir il\u00e7enin tarihine, iz b\u0131rakanlar\u0131na, do\u011fas\u0131na dair ara\u015ft\u0131rd\u0131klar\u0131m\u0131,dinlediklerimi ve biriktirdiklerimi sizlere aktarmak i\u00e7in sosyal medyada, yerel gazetelerde yazd\u0131\u011f\u0131m yaz\u0131lardan olu\u015fan bu kitap umar\u0131m faydal\u0131 olur.  Tarihi konulara dayanan yaz\u0131lar s\u00f6zel ve yaz\u0131l\u0131 kaynaklardan elde edilmi\u015ftir\u2026 Ge\u00e7mi\u015fte k\u0131r\u0131l\u0131p d\u00f6k\u00fclen par\u00e7alar\u0131 toplayarak kab\u0131n tamam\u0131n\u0131 dolduramazsak da, yine de ge\u00e7mi\u015fe dair bir bilgi \u00f6zeti ortaya \u00e7\u0131km\u0131\u015ft\u0131r diye d\u00fc\u015f\u00fcn\u00fcyorum\u2026 <\/p>\n","protected":false},"excerpt":{"rendered":"<p>Kitaptaki konular Aksu Vadisinin derinli\u011finde k\u00fc\u00e7\u00fck bir yerle\u015fke olan Dereli il\u00e7esine aittir\u2026 Elinizdeki kitap sizi Aksu vadisinde bir gezintiye \u00e7\u0131karacak. K\u00fc\u00e7\u00fck bir il\u00e7enin tarihine, iz b\u0131rakanlar\u0131na,<span class=\"excerpt-hellip\"> [\u2026]<\/span><\/p>\n","protected":false},"featured_media":0,"template":"","meta":{"_monsterinsights_skip_tracking":false,"_monsterinsights_sitenote_active":false,"_monsterinsights_sitenote_note":"","_monsterinsights_sitenote_category":0},"product_brand":[],"product_cat":[12370,12304],"product_tag":[],"class_list":{"0":"post-769043","1":"product","2":"type-product","3":"status-publish","5":"product_cat-arastirma-inceleme","6":"product_cat-tarih","7":"pa_cilt-ciltsiz","8":"pa_tur-kitap","9":"pa_yayinevi-kirmizi-cati-yayinlari","10":"pa_yazar-saban-karakaya","12":"first","13":"instock","14":"sale","15":"shipping-taxable","16":"purchasable","17":"product-type-simple"},"_links":{"self":[{"href":"https:\/\/roveyayinevi.com.tr\/index.php\/wp-json\/wp\/v2\/product\/769043","targetHints":{"allow":["GET"]}}],"collection":[{"href":"https:\/\/roveyayinevi.com.tr\/index.php\/wp-json\/wp\/v2\/product"}],"about":[{"href":"https:\/\/roveyayinevi.com.tr\/index.php\/wp-json\/wp\/v2\/types\/product"}],"wp:attachment":[{"href":"https:\/\/roveyayinevi.com.tr\/index.php\/wp-json\/wp\/v2\/media?parent=769043"}],"wp:term":[{"taxonomy":"product_brand","embeddable":true,"href":"https:\/\/roveyayinevi.com.tr\/index.php\/wp-json\/wp\/v2\/product_brand?post=769043"},{"taxonomy":"product_cat","embeddable":true,"href":"https:\/\/roveyayinevi.com.tr\/index.php\/wp-json\/wp\/v2\/product_cat?post=769043"},{"taxonomy":"product_tag","embeddable":true,"href":"https:\/\/roveyayinevi.com.tr\/index.php\/wp-json\/wp\/v2\/product_tag?post=769043"}],"curies":[{"name":"wp","href":"https:\/\/api.w.org\/{rel}","templated":true}]}}