{"id":769041,"date":"2025-08-28T13:40:08","date_gmt":"2025-08-28T10:40:08","guid":{"rendered":"https:\/\/roveyayinevi.com.tr\/index.php\/urun\/egitim-hayatimdan-damlalar\/"},"modified":"2026-03-12T03:32:10","modified_gmt":"2026-03-12T00:32:10","slug":"egitim-hayatimdan-damlalar","status":"publish","type":"product","link":"https:\/\/roveyayinevi.com.tr\/index.php\/urun\/egitim-hayatimdan-damlalar\/","title":{"rendered":"E\u011fitim Hayat\u0131mdan Damlalar"},"content":{"rendered":"<p>Bu kitap, \u00e7ocukluk, gen\u00e7lik, \u00f6\u011frencilik, \u00f6\u011fretmenlik, askerlik y\u0131llar\u0131mda ya\u015fad\u0131\u011f\u0131m, g\u00f6rd\u00fc\u011f\u00fcm e\u011fitim i\u00e7eri\u011fi ta\u015f\u0131yan an\u0131lar\u0131m\u0131 aktar\u0131yor. (35 y\u0131ll\u0131k \u00f6\u011fretmen) Ya\u015fay\u0131\u015f\u0131m\u0131z, ya\u015fad\u0131\u011f\u0131m\u0131z olaylar bizleri esas\u0131nda e\u011fitir. Nasihat \u2013 musibet dengesini iyi kurarsak ders alaca\u011f\u0131m\u0131z, ders verece\u011fimiz nice an\u0131lar\u0131m\u0131z kar\u015f\u0131m\u0131za \u00e7\u0131kar. Bunlara ibret nazar\u0131 ile bakarsak hayat\u0131m\u0131z\u0131n ak\u0131\u015f\u0131 da olumlu a\u00e7\u0131dan de\u011fi\u015febilir.  Bu kitap benim hik\u00e2yem, ya\u015fanm\u0131\u015f roman\u0131m. Dersler verecek, dersler \u00e7\u0131kar\u0131lacak ya\u015fanm\u0131\u015fl\u0131klar\u0131m. Art\u0131lar\u0131m \u2013 eksilerim. Bu ya\u015fanm\u0131\u015f olaylar\u0131n ve an\u0131lar\u0131n bir k\u0131sm\u0131 bu g\u00fcnde kar\u015f\u0131ma, kar\u015f\u0131m\u0131za \u00e7\u0131k\u0131yor. Ba\u015far\u0131l\u0131 olmak i\u00e7in gidilmi\u015f yoldan gitmek iyidir. Daha ba\u015far\u0131l\u0131 olmak i\u00e7inde gidilen yollar\u0131 g\u00f6r\u00fcp, yeni yollar belirleyebilmek \u00e7ok \u00f6nemlidir. Tecr\u00fcbelerimin, hayat\u0131n\u0131z\u0131 daha iyi, g\u00fczel, do\u011fru kurman\u0131za yard\u0131mc\u0131 olmas\u0131n\u0131 umuyorum. Ben bir ad\u0131m att\u0131m yazd\u0131m, sizde ad\u0131m atarsan\u0131z okursunuz, harekette bereket vard\u0131r. E\u011fitirken, e\u011fitilmeyi tercih ettim. \u201cSiz benim bir insan oldu\u011fumu bana ilk hissettiren diniz. \u0130yi ahlakl\u0131 olmay\u0131, insanlar\u0131n arkas\u0131ndan konu\u015fman\u0131n k\u00f6t\u00fc \u015fey oldu\u011funu\u2026 ilk defa \u00f6\u011freten, anlatan ki\u015fiydiniz.\u201d Siz bana \u201chatas\u0131z bir kulun olmad\u0131\u011f\u0131n\u0131,\u201d \u00f6nemli olan bu hatalar\u0131n d\u00fczeltilmesinin en ak\u0131ll\u0131ca \u015fey oldu\u011funu \u00f6\u011fretmi\u015ftiniz.\u201d (Sevda K. Yat\u0131l\u0131 SML) Bu eser Bal yapmas\u0131n\u0131 bilenlere \u00e7i\u00e7ek olacak\u2026                                                                      \u0130smail \u0130LYASO\u011eLU <\/p>\n","protected":false},"excerpt":{"rendered":"<p>Bu kitap, \u00e7ocukluk, gen\u00e7lik, \u00f6\u011frencilik, \u00f6\u011fretmenlik, askerlik y\u0131llar\u0131mda ya\u015fad\u0131\u011f\u0131m, g\u00f6rd\u00fc\u011f\u00fcm e\u011fitim i\u00e7eri\u011fi ta\u015f\u0131yan an\u0131lar\u0131m\u0131 aktar\u0131yor. (35 y\u0131ll\u0131k \u00f6\u011fretmen) Ya\u015fay\u0131\u015f\u0131m\u0131z, ya\u015fad\u0131\u011f\u0131m\u0131z olaylar bizleri esas\u0131nda e\u011fitir. Nasihat \u2013<span class=\"excerpt-hellip\"> [\u2026]<\/span><\/p>\n","protected":false},"featured_media":0,"template":"","meta":{"_monsterinsights_skip_tracking":false,"_monsterinsights_sitenote_active":false,"_monsterinsights_sitenote_note":"","_monsterinsights_sitenote_category":0},"product_brand":[],"product_cat":[13701,12291],"product_tag":[],"class_list":{"0":"post-769041","1":"product","2":"type-product","3":"status-publish","5":"product_cat-ani-mektup-gunluk","6":"product_cat-edebiyat","7":"pa_cilt-ciltsiz","8":"pa_tur-kitap","9":"pa_yayinevi-kirmizi-cati-yayinlari","10":"pa_yazar-ismail-ilyasoglu","12":"first","13":"instock","14":"sale","15":"shipping-taxable","16":"purchasable","17":"product-type-simple"},"_links":{"self":[{"href":"https:\/\/roveyayinevi.com.tr\/index.php\/wp-json\/wp\/v2\/product\/769041","targetHints":{"allow":["GET"]}}],"collection":[{"href":"https:\/\/roveyayinevi.com.tr\/index.php\/wp-json\/wp\/v2\/product"}],"about":[{"href":"https:\/\/roveyayinevi.com.tr\/index.php\/wp-json\/wp\/v2\/types\/product"}],"wp:attachment":[{"href":"https:\/\/roveyayinevi.com.tr\/index.php\/wp-json\/wp\/v2\/media?parent=769041"}],"wp:term":[{"taxonomy":"product_brand","embeddable":true,"href":"https:\/\/roveyayinevi.com.tr\/index.php\/wp-json\/wp\/v2\/product_brand?post=769041"},{"taxonomy":"product_cat","embeddable":true,"href":"https:\/\/roveyayinevi.com.tr\/index.php\/wp-json\/wp\/v2\/product_cat?post=769041"},{"taxonomy":"product_tag","embeddable":true,"href":"https:\/\/roveyayinevi.com.tr\/index.php\/wp-json\/wp\/v2\/product_tag?post=769041"}],"curies":[{"name":"wp","href":"https:\/\/api.w.org\/{rel}","templated":true}]}}