{"id":769040,"date":"2025-08-28T13:40:06","date_gmt":"2025-08-28T10:40:06","guid":{"rendered":"https:\/\/roveyayinevi.com.tr\/index.php\/urun\/euzu-besmeleyi-bilerek-nasil-okuruz\/"},"modified":"2026-03-12T03:32:10","modified_gmt":"2026-03-12T00:32:10","slug":"euzu-besmeleyi-bilerek-nasil-okuruz","status":"publish","type":"product","link":"https:\/\/roveyayinevi.com.tr\/index.php\/urun\/euzu-besmeleyi-bilerek-nasil-okuruz\/","title":{"rendered":"E\u2019uzu Besmele&#8217;yi Bilerek Nas\u0131l Okuruz"},"content":{"rendered":"<p>Bu kitap, y\u0131llar\u0131n birikimi, kafa yorma, d\u00fc\u015f\u00fcnme ve uzun ara\u015ft\u0131rma sonucu, kaynaklara, akla ve bilime dayal\u0131 yaz\u0131lan kitapt\u0131r. Ayn\u0131 zamanda yine bu kitap, y\u00fcce Allah\u2019\u0131n s\u00f6zlerini i\u00e7erdi\u011fine kat\u0131ks\u0131z inand\u0131\u011f\u0131m\u0131z \u201cKur\u2019\u00e2n\u201ddan ba\u015fka \u0130sl\u00e2m Dini Kayna\u011f\u0131 olmad\u0131\u011f\u0131n\u0131\u201d vurgulayan, Kur\u2019\u00e2n \u00e2yetlerinin emirlerini yineleyen ve payla\u015fan bir kitapt\u0131r. Kur\u2019\u00e2n\u2019\u0131 anlayarak okuyacaksan\u0131z, bu kitab\u0131 b\u0131rak\u0131p hemen Kur\u2019\u00e2n me\u2019\u00e2lini okuyunuz! Y\u00fcce Allah\u2019\u0131n El\u00e7isi, Hz. Muhammed\u2019in Kur\u2019\u00e2n\u2019a ekleme, veya insanlara ayr\u0131 bir din kayna\u011f\u0131 olu\u015fturma hakk\u0131 yoktur. O sadece y\u00fcce Allah\u2019\u0131n bildirdiklerini bildirir ve uygulayarak \u00f6\u011fretir. \u0130sl\u00e2m alimlerinin \u0130sl\u00e2m dini\u2019nin ikinci kayna\u011f\u0131 diye g\u00f6stermeye \u00e7al\u0131\u015ft\u0131klar\u0131 \u201cS\u00fcnnet\u201d y\u00fcce Allah\u2019\u0131n \u201cS\u00fcnneti\u201ddir. Hz. Muhammed, peygamber olarak y\u00fcce Allah\u2019\u0131n emirlerini insanlara anlatmakla, yaparak \u00f6rnek olmakla g\u00f6revlendirilmi\u015f uyar\u0131c\u0131 bir y\u00fcce Allah El\u00e7isi peygamberidir. Hz. Muhammed, kendili\u011finden dini h\u00fck\u00fcm koymaya yetkili olmay\u0131p y\u00fcce Allah\u2019\u0131n vahiy etti\u011fini insanlara bildiren bir uyar\u0131c\u0131yd\u0131. Onlar da Kur\u2019\u00e2n\u2019dad\u0131r. Kendinden bir \u015fey katamaz. \u0130sl\u00e2m Dini\u2019nde h\u00fck\u00fcm koyucu sadece ve sadece y\u00fcce Allah\u2019t\u0131r. Zaten Hz. Muhammed\u2019in \u00f6l\u00fcnceye kadar t\u00fcm davran\u0131\u015flar\u0131, y\u00fcce Allah\u2019\u0131n denetimindeydi. Hz. Muhammed\u2019den sonra sahabe ve insanl\u0131\u011fa, dini kaynak olarak sadece ve sadece \u201cKUR\u2019\u00c2N\u201d kalm\u0131\u015ft\u0131r. \u0130sl\u00e2m Dini\u2019nin tek \u0130l\u00e2h\u00ee Kayna\u011f\u0131 Kur\u2019\u00e2n\u2019d\u0131r. <\/p>\n","protected":false},"excerpt":{"rendered":"<p>Bu kitap, y\u0131llar\u0131n birikimi, kafa yorma, d\u00fc\u015f\u00fcnme ve uzun ara\u015ft\u0131rma sonucu, kaynaklara, akla ve bilime dayal\u0131 yaz\u0131lan kitapt\u0131r. Ayn\u0131 zamanda yine bu kitap, y\u00fcce Allah\u2019\u0131n s\u00f6zlerini<span class=\"excerpt-hellip\"> [\u2026]<\/span><\/p>\n","protected":false},"featured_media":0,"template":"","meta":{"_monsterinsights_skip_tracking":false,"_monsterinsights_sitenote_active":false,"_monsterinsights_sitenote_note":"","_monsterinsights_sitenote_category":0},"product_brand":[],"product_cat":[13036,12718,12719],"product_tag":[],"class_list":{"0":"post-769040","1":"product","2":"type-product","3":"status-publish","5":"product_cat-arastirma-inceleme-islam","6":"product_cat-din","7":"product_cat-islam","8":"pa_cilt-ciltsiz","9":"pa_tur-kitap","10":"pa_yayinevi-kirmizi-cati-yayinlari","11":"pa_yazar-osman-zumrut","13":"first","14":"instock","15":"sale","16":"shipping-taxable","17":"purchasable","18":"product-type-simple"},"_links":{"self":[{"href":"https:\/\/roveyayinevi.com.tr\/index.php\/wp-json\/wp\/v2\/product\/769040","targetHints":{"allow":["GET"]}}],"collection":[{"href":"https:\/\/roveyayinevi.com.tr\/index.php\/wp-json\/wp\/v2\/product"}],"about":[{"href":"https:\/\/roveyayinevi.com.tr\/index.php\/wp-json\/wp\/v2\/types\/product"}],"wp:attachment":[{"href":"https:\/\/roveyayinevi.com.tr\/index.php\/wp-json\/wp\/v2\/media?parent=769040"}],"wp:term":[{"taxonomy":"product_brand","embeddable":true,"href":"https:\/\/roveyayinevi.com.tr\/index.php\/wp-json\/wp\/v2\/product_brand?post=769040"},{"taxonomy":"product_cat","embeddable":true,"href":"https:\/\/roveyayinevi.com.tr\/index.php\/wp-json\/wp\/v2\/product_cat?post=769040"},{"taxonomy":"product_tag","embeddable":true,"href":"https:\/\/roveyayinevi.com.tr\/index.php\/wp-json\/wp\/v2\/product_tag?post=769040"}],"curies":[{"name":"wp","href":"https:\/\/api.w.org\/{rel}","templated":true}]}}