{"id":769038,"date":"2025-08-28T13:40:02","date_gmt":"2025-08-28T10:40:02","guid":{"rendered":"https:\/\/roveyayinevi.com.tr\/index.php\/urun\/ayrilmaz-ikili-2\/"},"modified":"2026-04-15T03:34:57","modified_gmt":"2026-04-15T00:34:57","slug":"ayrilmaz-ikili-2","status":"publish","type":"product","link":"https:\/\/roveyayinevi.com.tr\/index.php\/urun\/ayrilmaz-ikili-2\/","title":{"rendered":"Ayr\u0131lmaz \u0130kili &#8211; 2"},"content":{"rendered":"<p>Yeni Arkada\u015f, Yeni Macera!  Uluslararas\u0131 sansasyon yaratan Ayr\u0131lmaz \u0130kili\u2019nin yarat\u0131c\u0131lar\u0131ndan, kabullenme ve aidiyet \u00fczerine ne\u015feli bir masal daha!   \u00c7ok sevilen karakterler Ay\u0131 ve Sincap geri d\u00f6nd\u00fc! Dostluklar\u0131na tam m\u00fckemmel bir ritim bulmu\u015fken, beklenmedik bir s\u00fcrprizle kar\u015f\u0131la\u015f\u0131yorlar: Tavuk! Tavuk da onlarla arkada\u015f olmak istiyor! Ama Ay\u0131 ve Sincap, yeni bir arkada\u015f\u0131 aralar\u0131na kabul etmek konusunda biraz \u015f\u00fcpheli hissediyorlar. \u0130ki ki\u015fi iyiler, peki ya \u00fc\u00e7?  Acaba ayr\u0131lmaz bir \u00fc\u00e7l\u00fc olmay\u0131 ba\u015farabilecekler mi? Ay\u0131 ve Sincap, Tavuk\u2019un da aralar\u0131na kat\u0131lmas\u0131yla birlikte, sosyal ili\u015fkilerin ne kadar \u00e7e\u015fitlenebilece\u011fini ve farkl\u0131 seslerin birle\u015ferek nas\u0131l daha g\u00fc\u00e7l\u00fc bir arkada\u015fl\u0131k ba\u011f\u0131 olu\u015fturabilece\u011fini deneyimliyorlar.  Ayr\u0131lmaz \u0130kili-2, yeni arkada\u015flar\u0131n grup i\u00e7indeki dengeyi nas\u0131l de\u011fi\u015ftirebilece\u011fi ve bu de\u011fi\u015fen dengelerin farkl\u0131 bak\u0131\u015f a\u00e7\u0131lar\u0131 kazanmak a\u00e7\u0131s\u0131ndan ne kadar destekleyici oldu\u011fu konusunda \u00e7ocuklara \u00f6nemli bir bak\u0131\u015f a\u00e7\u0131s\u0131 kazand\u0131r\u0131yor. T\u0131pk\u0131 ilk kitapta oldu\u011fu gibi dostluk, birlikte b\u00fcy\u00fcmek ve aidiyet gibi temalar\u0131 olduk\u00e7a yal\u0131n ve mizahi bir dille i\u015fliyor.  Bu m\u00fcthi\u015f e\u011flenceli kitap, sadece arkada\u015fl\u0131\u011f\u0131n g\u00fcc\u00fcn\u00fc de\u011fil, ayn\u0131 zamanda farkl\u0131l\u0131klara sayg\u0131 duyabilmenin ve birlikte b\u00fcy\u00fcmenin \u00f6nemini de vurguluyor.  Ayr\u0131lmaz \u0130kili-2 okuyucular\u0131n\u0131 ritmik, co\u015fkulu ve kahkahalarla dolu bir okuma deneyimine ve grup olman\u0131n tad\u0131n\u0131 \u00e7\u0131karmaya davet ediyor!  Temalar: Arkada\u015fl\u0131k, farkl\u0131l\u0131kara sayg\u0131, davran\u0131\u015f geli\u015fimi, birey ve toplum.   <\/p>\n","protected":false},"excerpt":{"rendered":"<p>Yeni Arkada\u015f, Yeni Macera! Uluslararas\u0131 sansasyon yaratan Ayr\u0131lmaz \u0130kili\u2019nin yarat\u0131c\u0131lar\u0131ndan, kabullenme ve aidiyet \u00fczerine ne\u015feli bir masal daha! \u00c7ok sevilen karakterler Ay\u0131 ve Sincap geri d\u00f6nd\u00fc!<span class=\"excerpt-hellip\"> [\u2026]<\/span><\/p>\n","protected":false},"featured_media":0,"template":"","meta":{"_monsterinsights_skip_tracking":false,"_monsterinsights_sitenote_active":false,"_monsterinsights_sitenote_note":"","_monsterinsights_sitenote_category":0},"product_brand":[],"product_cat":[12274,12284],"product_tag":[],"class_list":{"0":"post-769038","1":"product","2":"type-product","3":"status-publish","5":"product_cat-cocuk-ve-genclik-kitaplari","6":"product_cat-hikayeler","7":"pa_cilt-ciltsiz","8":"pa_tur-kitap","9":"pa_yayinevi-okuyan-koala","10":"pa_yazar-steve-small-smriti-halls","12":"first","13":"instock","14":"sale","15":"shipping-taxable","16":"purchasable","17":"product-type-simple"},"_links":{"self":[{"href":"https:\/\/roveyayinevi.com.tr\/index.php\/wp-json\/wp\/v2\/product\/769038","targetHints":{"allow":["GET"]}}],"collection":[{"href":"https:\/\/roveyayinevi.com.tr\/index.php\/wp-json\/wp\/v2\/product"}],"about":[{"href":"https:\/\/roveyayinevi.com.tr\/index.php\/wp-json\/wp\/v2\/types\/product"}],"wp:attachment":[{"href":"https:\/\/roveyayinevi.com.tr\/index.php\/wp-json\/wp\/v2\/media?parent=769038"}],"wp:term":[{"taxonomy":"product_brand","embeddable":true,"href":"https:\/\/roveyayinevi.com.tr\/index.php\/wp-json\/wp\/v2\/product_brand?post=769038"},{"taxonomy":"product_cat","embeddable":true,"href":"https:\/\/roveyayinevi.com.tr\/index.php\/wp-json\/wp\/v2\/product_cat?post=769038"},{"taxonomy":"product_tag","embeddable":true,"href":"https:\/\/roveyayinevi.com.tr\/index.php\/wp-json\/wp\/v2\/product_tag?post=769038"}],"curies":[{"name":"wp","href":"https:\/\/api.w.org\/{rel}","templated":true}]}}