{"id":769036,"date":"2025-08-28T13:39:58","date_gmt":"2025-08-28T10:39:58","guid":{"rendered":"https:\/\/roveyayinevi.com.tr\/index.php\/urun\/alev-alatliyi-anlamak\/"},"modified":"2026-04-15T03:34:57","modified_gmt":"2026-04-15T00:34:57","slug":"alev-alatliyi-anlamak","status":"publish","type":"product","link":"https:\/\/roveyayinevi.com.tr\/index.php\/urun\/alev-alatliyi-anlamak\/","title":{"rendered":"Alev Alatl\u0131\u2019y\u0131 Anlamak"},"content":{"rendered":"<p>15-16 May\u0131s 2024 tarihlerinde ger\u00e7ekle\u015ftirilen Alev Alatl\u0131&#8217;y\u0131 Anlamak Sempozyumu&#8217;nun amac\u0131; Alev ALATLl&#8217; y\u0131 yak\u0131ndan tan\u0131yan, onunla bir\u00e7ok alanda i\u015f birli\u011fi yapm\u0131\u015f, onun fikir yap\u0131s\u0131n\u0131 bilen ve ayn\u0131 tart\u0131\u015fma ortamlar\u0131nda yer alm\u0131\u015f, farkl\u0131 bilim dallar\u0131nda uzmanla\u015fm\u0131\u015f de\u011ferli konuklar\u0131 bir araya getirmek ve Alev ALATLI Hocan\u0131n e\u011fitim, d\u00fc\u015f\u00fcnce d\u00fcnyas\u0131, edebiyat ve bilim ile ilgili \u00e7al\u0131\u015fmalar\u0131na y\u00f6nelik bilinmeyenleri ortaya koymak, bu konulardaki \u00f6nemli fikirlerini yeniden g\u00fcndeme getirmek ve tarihe not d\u00fc\u015fmekti.   Bu ama\u00e7lara ula\u015fabildi\u011fimizi d\u00fc\u015f\u00fcnd\u00fc\u011f\u00fcm\u00fcz sempozyumun \u00e7\u0131kt\u0131s\u0131 olarak bu kitapta yer alan sunumlar\u0131n hem Kapadokya \u00dcniversitesi mensuplar\u0131na hem de b\u00fct\u00fcn okuyuculara Alev ALATLI hakk\u0131nda yeniden d\u00fc\u015f\u00fcnmek ve onun eserlerini yeniden okumak ihtiyac\u0131n\u0131 hissettirece\u011fini umuyoruz.   Prof. Dr. \u0130lhan \u00d6ZT\u00dcRK   Prof. Dr. \u015eafak O\u011eUZ <\/p>\n","protected":false},"excerpt":{"rendered":"<p>15-16 May\u0131s 2024 tarihlerinde ger\u00e7ekle\u015ftirilen Alev Alatl\u0131&#8217;y\u0131 Anlamak Sempozyumu&#8217;nun amac\u0131; Alev ALATLl&#8217; y\u0131 yak\u0131ndan tan\u0131yan, onunla bir\u00e7ok alanda i\u015f birli\u011fi yapm\u0131\u015f, onun fikir yap\u0131s\u0131n\u0131 bilen ve<span class=\"excerpt-hellip\"> [\u2026]<\/span><\/p>\n","protected":false},"featured_media":0,"template":"","meta":{"_monsterinsights_skip_tracking":false,"_monsterinsights_sitenote_active":false,"_monsterinsights_sitenote_note":"","_monsterinsights_sitenote_category":0},"product_brand":[],"product_cat":[14009,12291],"product_tag":[],"class_list":{"0":"post-769036","1":"product","2":"type-product","3":"status-publish","5":"product_cat-biyografi-otobiyografi-edebiyat","6":"product_cat-edebiyat","7":"pa_cilt-ciltsiz","8":"pa_tur-kitap","9":"pa_yayinevi-kapadokya-universitesi-yayinlari","10":"pa_yazar-kolektif","12":"first","13":"instock","14":"sale","15":"shipping-taxable","16":"purchasable","17":"product-type-simple"},"_links":{"self":[{"href":"https:\/\/roveyayinevi.com.tr\/index.php\/wp-json\/wp\/v2\/product\/769036","targetHints":{"allow":["GET"]}}],"collection":[{"href":"https:\/\/roveyayinevi.com.tr\/index.php\/wp-json\/wp\/v2\/product"}],"about":[{"href":"https:\/\/roveyayinevi.com.tr\/index.php\/wp-json\/wp\/v2\/types\/product"}],"wp:attachment":[{"href":"https:\/\/roveyayinevi.com.tr\/index.php\/wp-json\/wp\/v2\/media?parent=769036"}],"wp:term":[{"taxonomy":"product_brand","embeddable":true,"href":"https:\/\/roveyayinevi.com.tr\/index.php\/wp-json\/wp\/v2\/product_brand?post=769036"},{"taxonomy":"product_cat","embeddable":true,"href":"https:\/\/roveyayinevi.com.tr\/index.php\/wp-json\/wp\/v2\/product_cat?post=769036"},{"taxonomy":"product_tag","embeddable":true,"href":"https:\/\/roveyayinevi.com.tr\/index.php\/wp-json\/wp\/v2\/product_tag?post=769036"}],"curies":[{"name":"wp","href":"https:\/\/api.w.org\/{rel}","templated":true}]}}