{"id":769035,"date":"2025-08-28T13:39:57","date_gmt":"2025-08-28T10:39:57","guid":{"rendered":"https:\/\/roveyayinevi.com.tr\/index.php\/urun\/sifa-ve-esmaul-husna-ile-dua\/"},"modified":"2026-04-15T03:34:57","modified_gmt":"2026-04-15T00:34:57","slug":"sifa-ve-esmaul-husna-ile-dua","status":"publish","type":"product","link":"https:\/\/roveyayinevi.com.tr\/index.php\/urun\/sifa-ve-esmaul-husna-ile-dua\/","title":{"rendered":"\u015eifa ve Esma\u00fc\u2019l-H\u00fcsna ile Dua"},"content":{"rendered":"<p>\u015eu harika mevcudat\u0131 yaratan, k\u00e2inat\u0131 ve i\u00e7indeki t\u00fcm varl\u0131klar\u0131 da en ince ayr\u0131nt\u0131lar\u0131yla bilen, neyin insan v\u00fccuduna faydal\u0131 neyin zararl\u0131 oldu\u011funu en iyi takdir eden Y\u00fcce Allah\u2019\u0131n v\u00fccuttaki her t\u00fcrl\u00fc ar\u0131zalar\u0131n giderilmesi i\u00e7in bah\u015fetti\u011fi bir l\u00fctuf ve ulv\u00ee bir ger\u00e7ektir \u015fifa. Doktor, cerrah, s\u00fcl\u00fck, kapl\u0131ca ve di\u011fer m\u00fcdahaleler veya bitkiler ya da ila\u00e7lar arac\u0131l\u0131\u011f\u0131yla da olsa \u015fifa mutlaka Allah\u2019tand\u0131r ve O\u2019nun dilemesiyle vuku bulur. \u015eifan\u0131n vuku bulmas\u0131 i\u00e7in de maddi ve manevi fakt\u00f6rler vard\u0131r. Bazen hayretler i\u00e7inde kalaca\u011f\u0131n\u0131z ve bir saatine bir sene nafile ibadet sevab\u0131 kazand\u0131racak olan tefekk\u00fcr deryas\u0131na dalaca\u011f\u0131n\u0131z bu ilgin\u00e7 fakt\u00f6rler elinizdeki bu kitapta; Biyoenerji ve Kozmik Bilim \u0131\u015f\u0131\u011f\u0131nda teferruat\u0131yla anlat\u0131lacakt\u0131r. Takdim bizden, takdir sizden, tevfik ve inayet Y\u00fcce Allah\u2019tand\u0131r. <\/p>\n","protected":false},"excerpt":{"rendered":"<p>\u015eu harika mevcudat\u0131 yaratan, k\u00e2inat\u0131 ve i\u00e7indeki t\u00fcm varl\u0131klar\u0131 da en ince ayr\u0131nt\u0131lar\u0131yla bilen, neyin insan v\u00fccuduna faydal\u0131 neyin zararl\u0131 oldu\u011funu en iyi takdir eden Y\u00fcce<span class=\"excerpt-hellip\"> [\u2026]<\/span><\/p>\n","protected":false},"featured_media":0,"template":"","meta":{"_monsterinsights_skip_tracking":false,"_monsterinsights_sitenote_active":false,"_monsterinsights_sitenote_note":"","_monsterinsights_sitenote_category":0},"product_brand":[],"product_cat":[52477],"product_tag":[],"class_list":{"0":"post-769035","1":"product","2":"type-product","3":"status-publish","5":"product_cat-arastirma","6":"pa_cilt-ciltsiz","7":"pa_tur-kitap","8":"pa_yayinevi-nesil-yayinlari","9":"pa_yazar-a-raif-ozturk","11":"first","12":"instock","13":"sale","14":"shipping-taxable","15":"purchasable","16":"product-type-simple"},"_links":{"self":[{"href":"https:\/\/roveyayinevi.com.tr\/index.php\/wp-json\/wp\/v2\/product\/769035","targetHints":{"allow":["GET"]}}],"collection":[{"href":"https:\/\/roveyayinevi.com.tr\/index.php\/wp-json\/wp\/v2\/product"}],"about":[{"href":"https:\/\/roveyayinevi.com.tr\/index.php\/wp-json\/wp\/v2\/types\/product"}],"wp:attachment":[{"href":"https:\/\/roveyayinevi.com.tr\/index.php\/wp-json\/wp\/v2\/media?parent=769035"}],"wp:term":[{"taxonomy":"product_brand","embeddable":true,"href":"https:\/\/roveyayinevi.com.tr\/index.php\/wp-json\/wp\/v2\/product_brand?post=769035"},{"taxonomy":"product_cat","embeddable":true,"href":"https:\/\/roveyayinevi.com.tr\/index.php\/wp-json\/wp\/v2\/product_cat?post=769035"},{"taxonomy":"product_tag","embeddable":true,"href":"https:\/\/roveyayinevi.com.tr\/index.php\/wp-json\/wp\/v2\/product_tag?post=769035"}],"curies":[{"name":"wp","href":"https:\/\/api.w.org\/{rel}","templated":true}]}}