{"id":769033,"date":"2025-08-28T13:39:53","date_gmt":"2025-08-28T10:39:53","guid":{"rendered":"https:\/\/roveyayinevi.com.tr\/index.php\/urun\/mucizelerin-yolu\/"},"modified":"2026-04-13T03:30:53","modified_gmt":"2026-04-13T00:30:53","slug":"mucizelerin-yolu","status":"publish","type":"product","link":"https:\/\/roveyayinevi.com.tr\/index.php\/urun\/mucizelerin-yolu\/","title":{"rendered":"Mucizelerin Yolu"},"content":{"rendered":"<p>Mucizeler tesad\u00fcf de\u011fil, bilin\u00e7li bir yarat\u0131m s\u00fcrecidir.   Dr. Mark Mincolla, Mucizelerin Yolu adl\u0131 kitab\u0131nda, mucizelerin do\u011fu\u015ftan gelen bir yetene\u011fimiz oldu\u011funu ve bilin\u00e7 seviyemizi y\u00fckselterek onlar\u0131 nas\u0131l ger\u00e7e\u011fe d\u00f6n\u00fc\u015ft\u00fcrebilece\u011fimizi g\u00f6zler \u00f6n\u00fcne seriyor. Y\u0131llara dayanan t\u0131bbi deneyimi ve ki\u015fisel iyile\u015fme yolculu\u011fundan s\u00fcz\u00fclm\u00fc\u015f bilgileriyle, zihnin, bedenin ve ruhun derinliklerine do\u011fru bir ke\u015ffe \u00e7\u0131kar\u0131yor bizleri.   Bu kitap, yaln\u0131zca teorik bilgiler sunmakla kalm\u0131yor; uygulamal\u0131 egzersizler ve ger\u00e7ek ya\u015fam hik\u00e2yeleriyle mucizeleri hayat\u0131n\u0131za nas\u0131l dahil edebilece\u011finizi ad\u0131m ad\u0131m g\u00f6steriyor. Mincolla, kendi ya\u015fam\u0131n\u0131 ve hastalar\u0131n\u0131n hayatlar\u0131n\u0131 d\u00f6n\u00fc\u015ft\u00fcren \u201cs\u00fcperbilin\u00e7\u201d tekniklerini payla\u015farak, her birimizin i\u00e7imizdeki ilahi kayna\u011f\u0131 uyand\u0131rma g\u00fcc\u00fcne sahip oldu\u011fumuzu kan\u0131tl\u0131yor.   \u015eimdi, ger\u00e7ek bir d\u00f6n\u00fc\u015f\u00fcm\u00fcn kap\u0131s\u0131n\u0131 aralamaya ve her g\u00fcn kendiniz i\u00e7in ba\u015fka bir mucize yaratmaya ne dersiniz?   Kendi mucizenizi yarat\u0131n. \u00c7\u00fcnk\u00fc mucizeler, ancak siz onlar\u0131 fark etti\u011finizde ger\u00e7ekle\u015fir. <\/p>\n","protected":false},"excerpt":{"rendered":"<p>Mucizeler tesad\u00fcf de\u011fil, bilin\u00e7li bir yarat\u0131m s\u00fcrecidir. Dr. Mark Mincolla, Mucizelerin Yolu adl\u0131 kitab\u0131nda, mucizelerin do\u011fu\u015ftan gelen bir yetene\u011fimiz oldu\u011funu ve bilin\u00e7 seviyemizi y\u00fckselterek onlar\u0131 nas\u0131l<span class=\"excerpt-hellip\"> [\u2026]<\/span><\/p>\n","protected":false},"featured_media":0,"template":"","meta":{"_monsterinsights_skip_tracking":false,"_monsterinsights_sitenote_active":false,"_monsterinsights_sitenote_note":"","_monsterinsights_sitenote_category":0},"product_brand":[],"product_cat":[12364,12376],"product_tag":[],"class_list":{"0":"post-769033","1":"product","2":"type-product","3":"status-publish","5":"product_cat-genel-konular","6":"product_cat-kisisel-gelisim","7":"pa_cilt-ciltsiz","8":"pa_tur-kitap","9":"pa_yayinevi-destek-yayinlari","10":"pa_yazar-mark-d-mincolla","12":"first","13":"instock","14":"sale","15":"shipping-taxable","16":"purchasable","17":"product-type-simple"},"_links":{"self":[{"href":"https:\/\/roveyayinevi.com.tr\/index.php\/wp-json\/wp\/v2\/product\/769033","targetHints":{"allow":["GET"]}}],"collection":[{"href":"https:\/\/roveyayinevi.com.tr\/index.php\/wp-json\/wp\/v2\/product"}],"about":[{"href":"https:\/\/roveyayinevi.com.tr\/index.php\/wp-json\/wp\/v2\/types\/product"}],"wp:attachment":[{"href":"https:\/\/roveyayinevi.com.tr\/index.php\/wp-json\/wp\/v2\/media?parent=769033"}],"wp:term":[{"taxonomy":"product_brand","embeddable":true,"href":"https:\/\/roveyayinevi.com.tr\/index.php\/wp-json\/wp\/v2\/product_brand?post=769033"},{"taxonomy":"product_cat","embeddable":true,"href":"https:\/\/roveyayinevi.com.tr\/index.php\/wp-json\/wp\/v2\/product_cat?post=769033"},{"taxonomy":"product_tag","embeddable":true,"href":"https:\/\/roveyayinevi.com.tr\/index.php\/wp-json\/wp\/v2\/product_tag?post=769033"}],"curies":[{"name":"wp","href":"https:\/\/api.w.org\/{rel}","templated":true}]}}