{"id":769032,"date":"2025-08-28T13:39:52","date_gmt":"2025-08-28T10:39:52","guid":{"rendered":"https:\/\/roveyayinevi.com.tr\/index.php\/urun\/mevlana-ve-kuran\/"},"modified":"2026-04-15T03:34:57","modified_gmt":"2026-04-15T00:34:57","slug":"mevlana-ve-kuran","status":"publish","type":"product","link":"https:\/\/roveyayinevi.com.tr\/index.php\/urun\/mevlana-ve-kuran\/","title":{"rendered":"Mevlana ve Kuran"},"content":{"rendered":"<p>\u201cHer an bir mucizedir, her an bir devrimdir.\u201d   \u2013 Mevlana   Mevlana ve Kuran size her g\u00fcn \u0131\u015f\u0131k olacak ve ruhunuza dokunacak bir rehberdir.   Her sabah yeni bir sayfa a\u00e7arak g\u00fcne ba\u015flamak, hayat\u0131n\u0131zda bir mucizeyi fark etmenize vesile olacak. Her sayfa, sadece bir g\u00fcn\u00fcn de\u011fil, t\u00fcm bir \u00f6mr\u00fcn anlam\u0131n\u0131 ta\u015f\u0131yan birer cevapt\u0131r. Bu kitaptaki her \u00f6\u011f\u00fct, her s\u00f6z, her ayet, yaln\u0131zca bug\u00fcn i\u00e7in de\u011fil, ya\u015fam\u0131n\u0131z boyunca sizi y\u00f6nlendirecek bir pusula olacakt\u0131r. Ve bir sabah, belki de y\u0131llar sonra, bir sayfa a\u00e7t\u0131\u011f\u0131n\u0131zda, hayat\u0131n\u0131zda bir mucizeye tan\u0131kl\u0131k etti\u011finizi fark edeceksiniz.   \u00d6yleyse, her sabah yeni bir sayfa a\u00e7\u0131n ve o g\u00fcn\u00fcn mucizelerine kap\u0131 aralay\u0131n. Bu rehber, her yeni g\u00fcnde, hayat\u0131n\u0131za anlam katacak. <\/p>\n","protected":false},"excerpt":{"rendered":"<p>\u201cHer an bir mucizedir, her an bir devrimdir.\u201d \u2013 Mevlana Mevlana ve Kuran size her g\u00fcn \u0131\u015f\u0131k olacak ve ruhunuza dokunacak bir rehberdir. Her sabah yeni<span class=\"excerpt-hellip\"> [\u2026]<\/span><\/p>\n","protected":false},"featured_media":0,"template":"","meta":{"_monsterinsights_skip_tracking":false,"_monsterinsights_sitenote_active":false,"_monsterinsights_sitenote_note":"","_monsterinsights_sitenote_category":0},"product_brand":[],"product_cat":[12718,12719,15238],"product_tag":[],"class_list":{"0":"post-769032","1":"product","2":"type-product","3":"status-publish","5":"product_cat-din","6":"product_cat-islam","7":"product_cat-tasavvuf","8":"pa_cilt-ciltsiz","9":"pa_tur-kitap","10":"pa_yayinevi-destek-yayinlari","11":"pa_yazar-ferhat-atik","13":"first","14":"instock","15":"sale","16":"shipping-taxable","17":"purchasable","18":"product-type-simple"},"_links":{"self":[{"href":"https:\/\/roveyayinevi.com.tr\/index.php\/wp-json\/wp\/v2\/product\/769032","targetHints":{"allow":["GET"]}}],"collection":[{"href":"https:\/\/roveyayinevi.com.tr\/index.php\/wp-json\/wp\/v2\/product"}],"about":[{"href":"https:\/\/roveyayinevi.com.tr\/index.php\/wp-json\/wp\/v2\/types\/product"}],"wp:attachment":[{"href":"https:\/\/roveyayinevi.com.tr\/index.php\/wp-json\/wp\/v2\/media?parent=769032"}],"wp:term":[{"taxonomy":"product_brand","embeddable":true,"href":"https:\/\/roveyayinevi.com.tr\/index.php\/wp-json\/wp\/v2\/product_brand?post=769032"},{"taxonomy":"product_cat","embeddable":true,"href":"https:\/\/roveyayinevi.com.tr\/index.php\/wp-json\/wp\/v2\/product_cat?post=769032"},{"taxonomy":"product_tag","embeddable":true,"href":"https:\/\/roveyayinevi.com.tr\/index.php\/wp-json\/wp\/v2\/product_tag?post=769032"}],"curies":[{"name":"wp","href":"https:\/\/api.w.org\/{rel}","templated":true}]}}