{"id":769031,"date":"2025-08-28T13:39:49","date_gmt":"2025-08-28T10:39:49","guid":{"rendered":"https:\/\/roveyayinevi.com.tr\/index.php\/urun\/cilgin-cadinin-sira-disi-aile-hayati-3\/"},"modified":"2026-04-15T03:34:57","modified_gmt":"2026-04-15T00:34:57","slug":"cilgin-cadinin-sira-disi-aile-hayati-3","status":"publish","type":"product","link":"https:\/\/roveyayinevi.com.tr\/index.php\/urun\/cilgin-cadinin-sira-disi-aile-hayati-3\/","title":{"rendered":"\u00c7\u0131lg\u0131n Cad\u0131n\u0131n S\u0131ra D\u0131\u015f\u0131 Aile Hayat\u0131 3"},"content":{"rendered":"<p>Alyssa ve Viola, Luna&#8217;n\u0131n yapt\u0131\u011f\u0131 yeme\u011fi yiyip papa\u011fan benzeri bir yarat\u0131\u011fa d\u00f6n\u00fc\u015fen Feniks&#8217;i hastaneye g\u00f6t\u00fcr\u00fcrler. Ama hastanede, bir \u015feyleri par\u00e7alamay\u0131 seven Doktor Kicla ile kar\u015f\u0131la\u015f\u0131rlar! Olaylar iyice dallan\u0131p budaklan\u0131r ve genelde sadece keyfine bakan Viola bile m\u00fcdahale etmek zorunda kal\u0131r! Bu s\u0131rada Alyssa&#8217;y\u0131 arayan gizemli adam ortaya \u00e7\u0131kar ve i\u015fler bamba\u015fka bir yola s\u00fcr\u00fcklenir&#8230; Sizi kahkahalara bo\u011facak bu komedi serisi, \u00fc\u00e7\u00fcnc\u00fc cildiyle kar\u015f\u0131n\u0131zda! <\/p>\n","protected":false},"excerpt":{"rendered":"<p>Alyssa ve Viola, Luna&#8217;n\u0131n yapt\u0131\u011f\u0131 yeme\u011fi yiyip papa\u011fan benzeri bir yarat\u0131\u011fa d\u00f6n\u00fc\u015fen Feniks&#8217;i hastaneye g\u00f6t\u00fcr\u00fcrler. Ama hastanede, bir \u015feyleri par\u00e7alamay\u0131 seven Doktor Kicla ile kar\u015f\u0131la\u015f\u0131rlar! Olaylar<span class=\"excerpt-hellip\"> [\u2026]<\/span><\/p>\n","protected":false},"featured_media":0,"template":"","meta":{"_monsterinsights_skip_tracking":false,"_monsterinsights_sitenote_active":false,"_monsterinsights_sitenote_note":"","_monsterinsights_sitenote_category":0},"product_brand":[],"product_cat":[12416,12291],"product_tag":[],"class_list":{"0":"post-769031","1":"product","2":"type-product","3":"status-publish","5":"product_cat-cizgi-roman","6":"product_cat-edebiyat","7":"pa_cilt-ciltsiz","8":"pa_tur-kitap","9":"pa_yayinevi-athica-yayinlari","10":"pa_yazar-piroya","12":"first","13":"instock","14":"sale","15":"shipping-taxable","16":"purchasable","17":"product-type-simple"},"_links":{"self":[{"href":"https:\/\/roveyayinevi.com.tr\/index.php\/wp-json\/wp\/v2\/product\/769031","targetHints":{"allow":["GET"]}}],"collection":[{"href":"https:\/\/roveyayinevi.com.tr\/index.php\/wp-json\/wp\/v2\/product"}],"about":[{"href":"https:\/\/roveyayinevi.com.tr\/index.php\/wp-json\/wp\/v2\/types\/product"}],"wp:attachment":[{"href":"https:\/\/roveyayinevi.com.tr\/index.php\/wp-json\/wp\/v2\/media?parent=769031"}],"wp:term":[{"taxonomy":"product_brand","embeddable":true,"href":"https:\/\/roveyayinevi.com.tr\/index.php\/wp-json\/wp\/v2\/product_brand?post=769031"},{"taxonomy":"product_cat","embeddable":true,"href":"https:\/\/roveyayinevi.com.tr\/index.php\/wp-json\/wp\/v2\/product_cat?post=769031"},{"taxonomy":"product_tag","embeddable":true,"href":"https:\/\/roveyayinevi.com.tr\/index.php\/wp-json\/wp\/v2\/product_tag?post=769031"}],"curies":[{"name":"wp","href":"https:\/\/api.w.org\/{rel}","templated":true}]}}