{"id":769030,"date":"2025-08-28T13:39:48","date_gmt":"2025-08-28T10:39:48","guid":{"rendered":"https:\/\/roveyayinevi.com.tr\/index.php\/urun\/egitim-ve-ogrenmede-hipnoz\/"},"modified":"2026-04-15T03:34:57","modified_gmt":"2026-04-15T00:34:57","slug":"egitim-ve-ogrenmede-hipnoz","status":"publish","type":"product","link":"https:\/\/roveyayinevi.com.tr\/index.php\/urun\/egitim-ve-ogrenmede-hipnoz\/","title":{"rendered":"E\u011fitim ve \u00d6\u011frenmede Hipnoz"},"content":{"rendered":"<p>E\u011fitimde Devrim Yaratan Bir Yakla\u015f\u0131m: E\u011fitim ve \u00d6\u011frenmede Hipnoz    \u00d6\u011frenme sadece bilgi almak de\u011fil, ayn\u0131 zamanda zihinsel bir d\u00f6n\u00fc\u015f\u00fcm s\u00fcrecidir. Peki, \u00f6\u011frenme potansiyelinizi en \u00fcst seviyeye \u00e7\u0131karmak, odaklanmay\u0131 art\u0131rmak ve bilgiyi kolayca hayat\u0131n\u0131za entegre etmek ister misiniz? T\u00fclay K\u00f6k\u2019\u00fcn \u201cE\u011fitim ve \u00d6\u011frenmede Hipnoz\u201d kitab\u0131, e\u011fitime yepyeni bir boyut kazand\u0131rarak \u00f6\u011frenme s\u00fcrecinde fark yaratmak isteyenler i\u00e7in bir rehber niteli\u011finde!  Bu kitap, hipnozun sadece bir terapi y\u00f6ntemi olmad\u0131\u011f\u0131n\u0131, e\u011fitim ve \u00f6\u011frenmede de etkili bir ara\u00e7 olarak kullan\u0131labilece\u011fini bilimsel veriler ve uygulamalarla kan\u0131tl\u0131yor. Beynin \u00f6\u011frenme s\u00fcre\u00e7lerindeki i\u015fleyi\u015fine odaklanan eser, bireylerin bilin\u00e7alt\u0131 g\u00fcc\u00fcn\u00fc harekete ge\u00e7irerek \u00f6\u011frenme s\u00fcre\u00e7lerini daha etkili, kal\u0131c\u0131 ve keyifli hale getirme yollar\u0131n\u0131 sunuyor.    Bu Kitapta Neler Bulacaks\u0131n\u0131z?  T\u00fclay K\u00f6k\u2019\u00fcn deneyim ve uzmanl\u0131\u011f\u0131yla kaleme ald\u0131\u011f\u0131 bu eser, yaln\u0131zca \u00f6\u011frenmeyi kolayla\u015ft\u0131rmakla kalm\u0131yor, ayn\u0131 zamanda bireylerin \u00f6z g\u00fcvenlerini art\u0131rarak potansiyellerini ger\u00e7ekle\u015ftirmelerine de yard\u0131mc\u0131 oluyor.    \u00b7         Hipnoz ve Bilin\u00e7alt\u0131n\u0131n G\u00fcc\u00fc: Hipnozun \u00f6\u011frenme \u00fczerindeki etkisi, bilimsel temellerle a\u00e7\u0131klan\u0131yor.  \u00b7         Pratik Teknikler: Kendi kendine hipnozdan grup \u00e7al\u0131\u015fmas\u0131na kadar \u00f6\u011frenme s\u00fcrecinde kullan\u0131labilecek somut y\u00f6ntemler.  \u00b7         E\u011fitimciler \u0130\u00e7in \u0130pu\u00e7lar\u0131: \u00d6\u011fretmenlerin ve e\u011fitmenlerin s\u0131n\u0131f ortam\u0131nda bu teknikleri nas\u0131l kullanabilece\u011fi detayl\u0131 bir \u015fekilde anlat\u0131l\u0131yor.  \u00b7         \u00d6\u011frenenler \u0130\u00e7in Stratejiler: S\u0131nav kayg\u0131s\u0131ndan zaman y\u00f6netimine kadar bireylerin daha etkili \u00f6\u011frenme deneyimleri ya\u015famas\u0131na yard\u0131mc\u0131 olacak y\u00f6ntemler.  \u00b7         Ger\u00e7ek Hayattan \u00d6rnekler: Hipnoz teknikleriyle \u00f6\u011frenme g\u00fc\u00e7l\u00fcklerini a\u015fan bireylerin ilham veren hikayeleri.    Kimler \u0130\u00e7in Uygun?  \u00b7         E\u011fitimciler, \u00f6\u011fretmenler ve e\u011fitmenler.  \u00b7         \u00d6\u011frenciler, s\u0131nav haz\u0131rl\u0131\u011f\u0131nda olan bireyler ve \u00f6\u011frenmeyi kolayla\u015ft\u0131rmak isteyen herkes.  \u00b7         \u00c7ocu\u011funun \u00f6\u011frenme s\u00fcrecine destek olmak isteyen ebeveynler.  \u00b7         Yeni beceriler edinmek isteyen profesyoneller ve ki\u015fisel geli\u015fim tutkunlar\u0131.    Neden Bu Kitab\u0131 Almal\u0131s\u0131n\u0131z?  \u00b7         E\u011fitimde klasik y\u00f6ntemlerin \u00f6tesine ge\u00e7mek i\u00e7in.  \u00b7         Zihinsel s\u0131n\u0131rlar\u0131 a\u015farak daha verimli bir \u00f6\u011frenme deneyimi ya\u015famak i\u00e7in.  \u00b7         Bilin\u00e7alt\u0131n\u0131z\u0131n g\u00fcc\u00fcn\u00fc ke\u015ffedip \u00f6\u011frenme becerilerinizi geli\u015ftirmek i\u00e7in.    Hayat boyu \u00f6\u011frenmenin kap\u0131lar\u0131n\u0131 aralamak ve zihninizin s\u0131n\u0131rs\u0131z g\u00fcc\u00fcn\u00fc ke\u015ffetmek istiyorsan\u0131z, E\u011fitim ve \u00d6\u011frenmede Hipnoz, sizi bekliyor.  <\/p>\n","protected":false},"excerpt":{"rendered":"<p>E\u011fitimde Devrim Yaratan Bir Yakla\u015f\u0131m: E\u011fitim ve \u00d6\u011frenmede Hipnoz \u00d6\u011frenme sadece bilgi almak de\u011fil, ayn\u0131 zamanda zihinsel bir d\u00f6n\u00fc\u015f\u00fcm s\u00fcrecidir. Peki, \u00f6\u011frenme potansiyelinizi en \u00fcst seviyeye<span class=\"excerpt-hellip\"> [\u2026]<\/span><\/p>\n","protected":false},"featured_media":0,"template":"","meta":{"_monsterinsights_skip_tracking":false,"_monsterinsights_sitenote_active":false,"_monsterinsights_sitenote_note":"","_monsterinsights_sitenote_category":0},"product_brand":[],"product_cat":[12357],"product_tag":[],"class_list":{"0":"post-769030","1":"product","2":"type-product","3":"status-publish","5":"product_cat-psikoloji","6":"pa_cilt-ciltsiz","7":"pa_tur-kitap","8":"pa_yayinevi-okuyan-us-yayin","9":"pa_yazar-tulay-kok","11":"first","12":"instock","13":"sale","14":"shipping-taxable","15":"purchasable","16":"product-type-simple"},"_links":{"self":[{"href":"https:\/\/roveyayinevi.com.tr\/index.php\/wp-json\/wp\/v2\/product\/769030","targetHints":{"allow":["GET"]}}],"collection":[{"href":"https:\/\/roveyayinevi.com.tr\/index.php\/wp-json\/wp\/v2\/product"}],"about":[{"href":"https:\/\/roveyayinevi.com.tr\/index.php\/wp-json\/wp\/v2\/types\/product"}],"wp:attachment":[{"href":"https:\/\/roveyayinevi.com.tr\/index.php\/wp-json\/wp\/v2\/media?parent=769030"}],"wp:term":[{"taxonomy":"product_brand","embeddable":true,"href":"https:\/\/roveyayinevi.com.tr\/index.php\/wp-json\/wp\/v2\/product_brand?post=769030"},{"taxonomy":"product_cat","embeddable":true,"href":"https:\/\/roveyayinevi.com.tr\/index.php\/wp-json\/wp\/v2\/product_cat?post=769030"},{"taxonomy":"product_tag","embeddable":true,"href":"https:\/\/roveyayinevi.com.tr\/index.php\/wp-json\/wp\/v2\/product_tag?post=769030"}],"curies":[{"name":"wp","href":"https:\/\/api.w.org\/{rel}","templated":true}]}}