{"id":769026,"date":"2025-08-28T13:39:36","date_gmt":"2025-08-28T10:39:36","guid":{"rendered":"https:\/\/roveyayinevi.com.tr\/index.php\/urun\/ehl-i-sunnetin-onemi\/"},"modified":"2026-04-15T03:34:57","modified_gmt":"2026-04-15T00:34:57","slug":"ehl-i-sunnetin-onemi","status":"publish","type":"product","link":"https:\/\/roveyayinevi.com.tr\/index.php\/urun\/ehl-i-sunnetin-onemi\/","title":{"rendered":"Ehl-i S\u00fcnnet\u2019in \u00d6nemi"},"content":{"rendered":"<p>\u0130slam\u2019\u0131n \u00f6z\u00fc, Kur\u2019an-\u0131 Kerim ve Peygamber Efendimiz (s.a.v.)\u2019in s\u00fcnnetiyle \u015fekillenir. Bu eser, Ehli S\u00fcnnet\u2019in temel \u00f6\u011fretilerini ve tarihsel s\u00fcrecini, dinin do\u011fru anla\u015f\u0131lmas\u0131 ve ya\u015fanmas\u0131 ad\u0131na detayl\u0131 bir \u015fekilde ele al\u0131r. Kur\u2019an\u2019da ve s\u00fcnnette yer alan bu kutlu yolu izleyenler, hem bireysel hem de toplumsal ya\u015famlar\u0131nda huzura ererler. Ehli S\u00fcnnet, \u0130slam\u2019\u0131n evrensel mesaj\u0131n\u0131 do\u011fru bir \u015fekilde anlaman\u0131n, ya\u015fam\u0131n her y\u00f6n\u00fcn\u00fc do\u011fru bir bi\u00e7imde ya\u015faman\u0131n anahtar\u0131d\u0131r. Bu kitap, do\u011fru yolu arayan her m\u00fcmin i\u00e7in bir ba\u015fvuru kayna\u011f\u0131 olmay\u0131 ama\u00e7lamaktad\u0131r.<\/p>\n","protected":false},"excerpt":{"rendered":"<p>\u0130slam\u2019\u0131n \u00f6z\u00fc, Kur\u2019an-\u0131 Kerim ve Peygamber Efendimiz (s.a.v.)\u2019in s\u00fcnnetiyle \u015fekillenir. Bu eser, Ehli S\u00fcnnet\u2019in temel \u00f6\u011fretilerini ve tarihsel s\u00fcrecini, dinin do\u011fru anla\u015f\u0131lmas\u0131 ve ya\u015fanmas\u0131 ad\u0131na detayl\u0131<span class=\"excerpt-hellip\"> [\u2026]<\/span><\/p>\n","protected":false},"featured_media":0,"template":"","meta":{"_monsterinsights_skip_tracking":false,"_monsterinsights_sitenote_active":false,"_monsterinsights_sitenote_note":"","_monsterinsights_sitenote_category":0},"product_brand":[],"product_cat":[12718,12719],"product_tag":[],"class_list":{"0":"post-769026","1":"product","2":"type-product","3":"status-publish","5":"product_cat-din","6":"product_cat-islam","7":"pa_cilt-ciltsiz","8":"pa_tur-kitap","9":"pa_yayinevi-kalem-lugat-yayincilik","10":"pa_yazar-zubeyt-bozkurt","12":"first","13":"instock","14":"sale","15":"shipping-taxable","16":"purchasable","17":"product-type-simple"},"_links":{"self":[{"href":"https:\/\/roveyayinevi.com.tr\/index.php\/wp-json\/wp\/v2\/product\/769026","targetHints":{"allow":["GET"]}}],"collection":[{"href":"https:\/\/roveyayinevi.com.tr\/index.php\/wp-json\/wp\/v2\/product"}],"about":[{"href":"https:\/\/roveyayinevi.com.tr\/index.php\/wp-json\/wp\/v2\/types\/product"}],"wp:attachment":[{"href":"https:\/\/roveyayinevi.com.tr\/index.php\/wp-json\/wp\/v2\/media?parent=769026"}],"wp:term":[{"taxonomy":"product_brand","embeddable":true,"href":"https:\/\/roveyayinevi.com.tr\/index.php\/wp-json\/wp\/v2\/product_brand?post=769026"},{"taxonomy":"product_cat","embeddable":true,"href":"https:\/\/roveyayinevi.com.tr\/index.php\/wp-json\/wp\/v2\/product_cat?post=769026"},{"taxonomy":"product_tag","embeddable":true,"href":"https:\/\/roveyayinevi.com.tr\/index.php\/wp-json\/wp\/v2\/product_tag?post=769026"}],"curies":[{"name":"wp","href":"https:\/\/api.w.org\/{rel}","templated":true}]}}