{"id":769025,"date":"2025-08-28T13:39:34","date_gmt":"2025-08-28T10:39:34","guid":{"rendered":"https:\/\/roveyayinevi.com.tr\/index.php\/urun\/hilafetin-donusum\/"},"modified":"2026-04-15T03:34:57","modified_gmt":"2026-04-15T00:34:57","slug":"hilafetin-donusum","status":"publish","type":"product","link":"https:\/\/roveyayinevi.com.tr\/index.php\/urun\/hilafetin-donusum\/","title":{"rendered":"Hilafetin D\u00f6n\u00fc\u015f\u00fcm"},"content":{"rendered":"<p>\u201cX. y\u00fczy\u0131lda siyas\u00ee g\u00fcc\u00fcn\u00fc b\u00fct\u00fcn\u00fcyle kaybetmi\u015f durumdaki Abb\u00e2s\u00ee halifeleri i\u00e7in felaketi tamamlayan son darbe, 945 senesindeki B\u00fcveyh\u00eelerin Ba\u011fdat\u2019\u0131 i\u015fgaliyle birlikte gelmi\u015ftir. B\u00f6ylece \u015ei\u00ee bir devletin tahakk\u00fcm\u00fc alt\u0131na giren hilafet, yok olmak tehlikesiyle kar\u015f\u0131 kar\u015f\u0131ya kalm\u0131\u015ft\u0131r. Her \u015feye ra\u011fmen S\u00fcnn\u00ee \u0130sl\u00e2m d\u00fcnyas\u0131 \u00fczerinde tesis ettikleri manev\u00ee kudretleri sayesinde ayakta kalmay\u0131 da ba\u015farm\u0131\u015flard\u0131r. Hilafetin D\u00f6n\u00fc\u015f\u00fcm\u00fc isimli bu eserde, Abb\u00e2s\u00eelerin B\u00fcveyh\u00eelerin h\u00e2kimiyeti alt\u0131ndaki Ba\u011fdat\u2019ta ayakta kalma \u00e7abalar\u0131n\u0131 ve bunu yaparken ge\u00e7irdikleri d\u00f6n\u00fc\u015f\u00fcm \u00fczerine kaleme al\u0131nm\u0131\u015ft\u0131r. Ayr\u0131ca okuyucular bu eserde, Abb\u00e2s\u00eelerin ellerindeki tek ve en \u00f6nemli koz olan ve iktidarlar\u0131 boyunca onlar\u0131 ayakta tutan manev\u00ee pozisyonlar\u0131n\u0131n mahiyetini de anlamak imkan\u0131 bulacakt\u0131r.\u201d Prof. Dr. Ayd\u0131n Usta <\/p>\n","protected":false},"excerpt":{"rendered":"<p>\u201cX. y\u00fczy\u0131lda siyas\u00ee g\u00fcc\u00fcn\u00fc b\u00fct\u00fcn\u00fcyle kaybetmi\u015f durumdaki Abb\u00e2s\u00ee halifeleri i\u00e7in felaketi tamamlayan son darbe, 945 senesindeki B\u00fcveyh\u00eelerin Ba\u011fdat\u2019\u0131 i\u015fgaliyle birlikte gelmi\u015ftir. B\u00f6ylece \u015ei\u00ee bir devletin tahakk\u00fcm\u00fc<span class=\"excerpt-hellip\"> [\u2026]<\/span><\/p>\n","protected":false},"featured_media":0,"template":"","meta":{"_monsterinsights_skip_tracking":false,"_monsterinsights_sitenote_active":false,"_monsterinsights_sitenote_note":"","_monsterinsights_sitenote_category":0},"product_brand":[],"product_cat":[13517,12304],"product_tag":[],"class_list":{"0":"post-769025","1":"product","2":"type-product","3":"status-publish","5":"product_cat-osmanli-tarihi","6":"product_cat-tarih","7":"pa_cilt-ciltsiz","8":"pa_tur-kitap","9":"pa_yayinevi-ideal-kultur-akademik","10":"pa_yazar-gulhan-duygun-yaman","12":"first","13":"instock","14":"sale","15":"shipping-taxable","16":"purchasable","17":"product-type-simple"},"_links":{"self":[{"href":"https:\/\/roveyayinevi.com.tr\/index.php\/wp-json\/wp\/v2\/product\/769025","targetHints":{"allow":["GET"]}}],"collection":[{"href":"https:\/\/roveyayinevi.com.tr\/index.php\/wp-json\/wp\/v2\/product"}],"about":[{"href":"https:\/\/roveyayinevi.com.tr\/index.php\/wp-json\/wp\/v2\/types\/product"}],"wp:attachment":[{"href":"https:\/\/roveyayinevi.com.tr\/index.php\/wp-json\/wp\/v2\/media?parent=769025"}],"wp:term":[{"taxonomy":"product_brand","embeddable":true,"href":"https:\/\/roveyayinevi.com.tr\/index.php\/wp-json\/wp\/v2\/product_brand?post=769025"},{"taxonomy":"product_cat","embeddable":true,"href":"https:\/\/roveyayinevi.com.tr\/index.php\/wp-json\/wp\/v2\/product_cat?post=769025"},{"taxonomy":"product_tag","embeddable":true,"href":"https:\/\/roveyayinevi.com.tr\/index.php\/wp-json\/wp\/v2\/product_tag?post=769025"}],"curies":[{"name":"wp","href":"https:\/\/api.w.org\/{rel}","templated":true}]}}