{"id":769022,"date":"2025-08-28T13:39:28","date_gmt":"2025-08-28T10:39:28","guid":{"rendered":"https:\/\/roveyayinevi.com.tr\/index.php\/urun\/9-5-hafta\/"},"modified":"2025-10-01T22:58:58","modified_gmt":"2025-10-01T19:58:58","slug":"9-5-hafta","status":"publish","type":"product","link":"https:\/\/roveyayinevi.com.tr\/index.php\/urun\/9-5-hafta\/","title":{"rendered":"9.5 Hafta"},"content":{"rendered":"<p>Ac\u0131lardan g\u00fc\u00e7 dev\u015firen, her yenilgiyi ba\u015flang\u0131ca d\u00f6n\u00fc\u015ft\u00fcren cesur bir kad\u0131n\u0131n, hayata tutunmaya kararl\u0131, zorluklarla yo\u011frulmu\u015f ama asla pes etmeyen kalbinin hik\u00e2yesi bu. Yazar kalp rahats\u0131zl\u0131\u011f\u0131n\u0131n t\u0131bbi sebeplerini ve tedavi s\u00fcrecini anlat\u0131rken bilimsel bir dil kullan\u0131yor; ruhunun iyile\u015fme s\u00fcrecinde ise r\u00fcyalarla harmanlanm\u0131\u015f, olduk\u00e7a duygusal ve derin psikolojik \u00e7\u00f6z\u00fcmlemeler i\u00e7eren ak\u0131c\u0131 bir dile ge\u00e7i\u015f yap\u0131yor. B\u00f6ylece bilimsel bir ger\u00e7eklikle duygusal derinli\u011fi bulu\u015fturuyor. Bu kitap ayn\u0131 zamanda interaktif bir deneyim sunuyor. \u0130\u00e7indeki karekodlarla okurlar, yazar\u0131n \u015fark\u0131lar\u0131 e\u015fli\u011finde eserin d\u00fcnyas\u0131na ortak oluyor. G\u00f6rsel ve i\u015fitsel sanat\u0131n bu e\u015fsiz bulu\u015fmas\u0131, \u00b1 9.5 Hafta\u2019y\u0131 sadece okumakla kalmay\u0131p hissetmenizi de sa\u011fl\u0131yor. Hayatta kalma tutkusunun, i\u00e7sel sorgulamalar\u0131n ve ya\u015famla \u00f6l\u00fcm aras\u0131ndaki dans\u0131n y\u00fcrek burkan ama bir o kadar da umut dolu hik\u00e2yesini okumaya haz\u0131r m\u0131s\u0131n\u0131z? <\/p>\n","protected":false},"excerpt":{"rendered":"<p>Ac\u0131lardan g\u00fc\u00e7 dev\u015firen, her yenilgiyi ba\u015flang\u0131ca d\u00f6n\u00fc\u015ft\u00fcren cesur bir kad\u0131n\u0131n, hayata tutunmaya kararl\u0131, zorluklarla yo\u011frulmu\u015f ama asla pes etmeyen kalbinin hik\u00e2yesi bu. Yazar kalp rahats\u0131zl\u0131\u011f\u0131n\u0131n t\u0131bbi<span class=\"excerpt-hellip\"> [\u2026]<\/span><\/p>\n","protected":false},"featured_media":0,"template":"","meta":{"_monsterinsights_skip_tracking":false,"_monsterinsights_sitenote_active":false,"_monsterinsights_sitenote_note":"","_monsterinsights_sitenote_category":0},"product_brand":[],"product_cat":[13701,12291],"product_tag":[],"class_list":{"0":"post-769022","1":"product","2":"type-product","3":"status-publish","5":"product_cat-ani-mektup-gunluk","6":"product_cat-edebiyat","7":"pa_cilt-ciltsiz","8":"pa_tur-kitap","9":"pa_yayinevi-profil-kitap","10":"pa_yazar-ipek-kocaman","12":"first","13":"instock","14":"sale","15":"shipping-taxable","16":"purchasable","17":"product-type-simple"},"_links":{"self":[{"href":"https:\/\/roveyayinevi.com.tr\/index.php\/wp-json\/wp\/v2\/product\/769022","targetHints":{"allow":["GET"]}}],"collection":[{"href":"https:\/\/roveyayinevi.com.tr\/index.php\/wp-json\/wp\/v2\/product"}],"about":[{"href":"https:\/\/roveyayinevi.com.tr\/index.php\/wp-json\/wp\/v2\/types\/product"}],"wp:attachment":[{"href":"https:\/\/roveyayinevi.com.tr\/index.php\/wp-json\/wp\/v2\/media?parent=769022"}],"wp:term":[{"taxonomy":"product_brand","embeddable":true,"href":"https:\/\/roveyayinevi.com.tr\/index.php\/wp-json\/wp\/v2\/product_brand?post=769022"},{"taxonomy":"product_cat","embeddable":true,"href":"https:\/\/roveyayinevi.com.tr\/index.php\/wp-json\/wp\/v2\/product_cat?post=769022"},{"taxonomy":"product_tag","embeddable":true,"href":"https:\/\/roveyayinevi.com.tr\/index.php\/wp-json\/wp\/v2\/product_tag?post=769022"}],"curies":[{"name":"wp","href":"https:\/\/api.w.org\/{rel}","templated":true}]}}