{"id":769017,"date":"2025-08-28T13:39:19","date_gmt":"2025-08-28T10:39:19","guid":{"rendered":"https:\/\/roveyayinevi.com.tr\/index.php\/urun\/namaz-psikolojisi\/"},"modified":"2026-04-15T03:34:57","modified_gmt":"2026-04-15T00:34:57","slug":"namaz-psikolojisi","status":"publish","type":"product","link":"https:\/\/roveyayinevi.com.tr\/index.php\/urun\/namaz-psikolojisi\/","title":{"rendered":"Namaz Psikolojisi"},"content":{"rendered":"<p>Dr. Senai Demirci, psikoterapist kimli\u011fiyle, namaz\u0131n bilinen \u015feklinin saklad\u0131\u011f\u0131 varolu\u015fsal ak\u0131\u015f\u0131n \u00e7a\u011f\u0131lt\u0131lar\u0131n\u0131 dinliyor. Jung\u2019dan Mevlana\u2019ya, \u0130bni Arabi\u2019den Saint Exupery\u2019ye uzanan insanl\u0131\u011f\u0131n tefekk\u00fcr birikimini k\u0131yam\u0131n g\u00f6vdesine giydiriyor. Namaz\u0131n hareket ve s\u00f6zlerinde kodlanan meditasyon derinle\u015fmelerini ke\u015ffe \u00e7\u0131k\u0131yor. Tasavvufta \u2018sema\u2019 diye bilinen minnet duyu\u015fu ve hayret co\u015fkusunu \u2018sal\u00e2t\u2019\u0131n avu\u00e7lar\u0131na koyuyor. Namaz\u0131n daha \u00e7ok dindar olmaya de\u011fil daha \u00e7ok insan olmaya \u00e7a\u011f\u0131rd\u0131\u011f\u0131n\u0131 hat\u0131rlat\u0131yor. \u201cVarl\u0131\u011f\u0131n g\u00f6\u011fs\u00fcn\u00fc kabart\u0131yorsun. Ba\u015f\u0131n\u0131 evrenin g\u00f6\u011fs\u00fcne koyup g\u00f6ksel kalbin canl\u0131 at\u0131\u015flar\u0131n\u0131 duyuyorsun. Y\u0131ld\u0131zlar do\u011furan d\u00f6n\u00fc\u015f\u00fcmleri, galaksiler deviren devrimleri hayat\u0131n\u0131n nabz\u0131na ta\u015f\u0131yorsun. Her an taze nefes alman\u0131n co\u015fkusuyla s\u0131radanl\u0131\u011f\u0131n g\u00f6mle\u011fini y\u0131rt\u0131yorsun. Seni nesnele\u015ftiren al\u0131\u015fkan benli\u011finden s\u0131yr\u0131l\u0131yorsun. \u00d6zde\u011ferini aya\u011fa kald\u0131r\u0131yorsun. Tazeleniyorsun. Y\u00fcz\u00fcn\u00fc, yery\u00fcz\u00fcnden al\u0131p Y\u00e2ry\u00fcz\u00fc&#8217;ne yasl\u0131yorsun\u2026\u201d <\/p>\n","protected":false},"excerpt":{"rendered":"<p>Dr. Senai Demirci, psikoterapist kimli\u011fiyle, namaz\u0131n bilinen \u015feklinin saklad\u0131\u011f\u0131 varolu\u015fsal ak\u0131\u015f\u0131n \u00e7a\u011f\u0131lt\u0131lar\u0131n\u0131 dinliyor. Jung\u2019dan Mevlana\u2019ya, \u0130bni Arabi\u2019den Saint Exupery\u2019ye uzanan insanl\u0131\u011f\u0131n tefekk\u00fcr birikimini k\u0131yam\u0131n g\u00f6vdesine giydiriyor.<span class=\"excerpt-hellip\"> [\u2026]<\/span><\/p>\n","protected":false},"featured_media":0,"template":"","meta":{"_monsterinsights_skip_tracking":false,"_monsterinsights_sitenote_active":false,"_monsterinsights_sitenote_note":"","_monsterinsights_sitenote_category":0},"product_brand":[],"product_cat":[12357],"product_tag":[],"class_list":{"0":"post-769017","1":"product","2":"type-product","3":"status-publish","5":"product_cat-psikoloji","6":"pa_cilt-ciltsiz","7":"pa_tur-kitap","8":"pa_yayinevi-aile-yayinlari","9":"pa_yazar-senai-demirci","11":"first","12":"instock","13":"sale","14":"shipping-taxable","15":"purchasable","16":"product-type-simple"},"_links":{"self":[{"href":"https:\/\/roveyayinevi.com.tr\/index.php\/wp-json\/wp\/v2\/product\/769017","targetHints":{"allow":["GET"]}}],"collection":[{"href":"https:\/\/roveyayinevi.com.tr\/index.php\/wp-json\/wp\/v2\/product"}],"about":[{"href":"https:\/\/roveyayinevi.com.tr\/index.php\/wp-json\/wp\/v2\/types\/product"}],"wp:attachment":[{"href":"https:\/\/roveyayinevi.com.tr\/index.php\/wp-json\/wp\/v2\/media?parent=769017"}],"wp:term":[{"taxonomy":"product_brand","embeddable":true,"href":"https:\/\/roveyayinevi.com.tr\/index.php\/wp-json\/wp\/v2\/product_brand?post=769017"},{"taxonomy":"product_cat","embeddable":true,"href":"https:\/\/roveyayinevi.com.tr\/index.php\/wp-json\/wp\/v2\/product_cat?post=769017"},{"taxonomy":"product_tag","embeddable":true,"href":"https:\/\/roveyayinevi.com.tr\/index.php\/wp-json\/wp\/v2\/product_tag?post=769017"}],"curies":[{"name":"wp","href":"https:\/\/api.w.org\/{rel}","templated":true}]}}