{"id":769016,"date":"2025-08-28T13:39:16","date_gmt":"2025-08-28T10:39:16","guid":{"rendered":"https:\/\/roveyayinevi.com.tr\/index.php\/urun\/kibrit-kokusu\/"},"modified":"2026-04-15T03:34:57","modified_gmt":"2026-04-15T00:34:57","slug":"kibrit-kokusu","status":"publish","type":"product","link":"https:\/\/roveyayinevi.com.tr\/index.php\/urun\/kibrit-kokusu\/","title":{"rendered":"Kibrit Kokusu"},"content":{"rendered":"<p>\u201cNe g\u00fcl\u00fcn ne de k\u00e2furun g\u00fcc\u00fc yeter kan kokusunu bast\u0131rmaya.\u201d   Her \u015fey yan\u0131k kibrit kokusuyla ba\u015flad\u0131. Yunus\u2019un g\u00f6r\u00fcleri, ne oldu\u011funu anlayamad\u0131\u011f\u0131 g\u00fcc\u00fc. \u0130\u00e7indeki bu \u015feyle, kudret mi yoksa lanet mi oldu\u011funu anlayamad\u0131\u011f\u0131 \u015feyle ne yapaca\u011f\u0131n\u0131 anlamak i\u00e7in \u00e7e\u015fit \u00e7e\u015fit yola ba\u015fvurdu. Baz\u0131 insanlar ondan etkilendi, baz\u0131lar\u0131 korktu. Baz\u0131 insanlar onu sevdi, baz\u0131lar\u0131 terk etti. Depremin hemen ard\u0131ndan ya\u015fad\u0131klar\u0131, insanlara yard\u0131m etmek isteyen ve bunu nas\u0131l yapaca\u011f\u0131n\u0131 bir t\u00fcrl\u00fc bilemeyen Yunus\u2019u yepyeni bir maceraya s\u00fcr\u00fckledi. \u00c7ok sevdi\u011fi Z\u00fchre\u2019yi kaybetti ama Urfa\u2019daki akrabalar\u0131yla tan\u0131\u015ft\u0131. O bile kendisine inanmazken ona inanan insanlar buldu. Yine de yaln\u0131zl\u0131k, kalabal\u0131\u011f\u0131n merkezindeyken bile yaln\u0131zl\u0131kt\u0131. \u00d6zlem G\u00f6nc\u00fc, Kibrit Kokusu\u2019nda kendiyle ve \u00f6l\u00fcm\u00fcn a\u011f\u0131rl\u0131\u011f\u0131yla s\u0131nanan Yunus&#8217;un hik\u00e2yesini anlat\u0131yor.   Kalabal\u0131\u011f\u0131n aras\u0131nda yaln\u0131zd\u0131. \u0130nsan y\u00fczlerine bak\u0131yor ama g\u00f6rm\u00fcyordu. Sohbetlere kat\u0131lm\u0131yordu. D\u0131\u015f\u0131nda kald\u0131\u011f\u0131 d\u00fcnyay\u0131 \u0131\u015f\u0131\u011f\u0131n\u0131 yitirmi\u015f bak\u0131\u015flarla seyretmekten yana kullan\u0131yordu tercihini. \u00c7a\u011fr\u0131\u015f\u0131mlar denizinde bat\u0131p \u00e7\u0131kt\u0131\u011f\u0131n\u0131 herkesten gizliyordu.<\/p>\n","protected":false},"excerpt":{"rendered":"<p>\u201cNe g\u00fcl\u00fcn ne de k\u00e2furun g\u00fcc\u00fc yeter kan kokusunu bast\u0131rmaya.\u201d Her \u015fey yan\u0131k kibrit kokusuyla ba\u015flad\u0131. Yunus\u2019un g\u00f6r\u00fcleri, ne oldu\u011funu anlayamad\u0131\u011f\u0131 g\u00fcc\u00fc. \u0130\u00e7indeki bu \u015feyle, kudret<span class=\"excerpt-hellip\"> [\u2026]<\/span><\/p>\n","protected":false},"featured_media":0,"template":"","meta":{"_monsterinsights_skip_tracking":false,"_monsterinsights_sitenote_active":false,"_monsterinsights_sitenote_note":"","_monsterinsights_sitenote_category":0},"product_brand":[],"product_cat":[12291,12711],"product_tag":[],"class_list":{"0":"post-769016","1":"product","2":"type-product","3":"status-publish","5":"product_cat-edebiyat","6":"product_cat-roman-oyku","7":"pa_cilt-ciltsiz","8":"pa_tur-kitap","9":"pa_yayinevi-everest-yayinlari","10":"pa_yazar-ozlem-goncu","12":"first","13":"instock","14":"sale","15":"shipping-taxable","16":"purchasable","17":"product-type-simple"},"_links":{"self":[{"href":"https:\/\/roveyayinevi.com.tr\/index.php\/wp-json\/wp\/v2\/product\/769016","targetHints":{"allow":["GET"]}}],"collection":[{"href":"https:\/\/roveyayinevi.com.tr\/index.php\/wp-json\/wp\/v2\/product"}],"about":[{"href":"https:\/\/roveyayinevi.com.tr\/index.php\/wp-json\/wp\/v2\/types\/product"}],"wp:attachment":[{"href":"https:\/\/roveyayinevi.com.tr\/index.php\/wp-json\/wp\/v2\/media?parent=769016"}],"wp:term":[{"taxonomy":"product_brand","embeddable":true,"href":"https:\/\/roveyayinevi.com.tr\/index.php\/wp-json\/wp\/v2\/product_brand?post=769016"},{"taxonomy":"product_cat","embeddable":true,"href":"https:\/\/roveyayinevi.com.tr\/index.php\/wp-json\/wp\/v2\/product_cat?post=769016"},{"taxonomy":"product_tag","embeddable":true,"href":"https:\/\/roveyayinevi.com.tr\/index.php\/wp-json\/wp\/v2\/product_tag?post=769016"}],"curies":[{"name":"wp","href":"https:\/\/api.w.org\/{rel}","templated":true}]}}