{"id":769014,"date":"2025-08-28T13:39:13","date_gmt":"2025-08-28T10:39:13","guid":{"rendered":"https:\/\/roveyayinevi.com.tr\/index.php\/urun\/ofkenin-afetleri\/"},"modified":"2026-04-15T03:34:57","modified_gmt":"2026-04-15T00:34:57","slug":"ofkenin-afetleri","status":"publish","type":"product","link":"https:\/\/roveyayinevi.com.tr\/index.php\/urun\/ofkenin-afetleri\/","title":{"rendered":"\u00d6fkenin Afetleri"},"content":{"rendered":"<p>\u201cGer\u00e7ekleri net bir \u015fekilde g\u00f6renler bilir ki, insan\u0131n damarlar\u0131nda \u015feytana uzanan bir ba\u011f vard\u0131r. Kim \u00f6fkenin ate\u015fiyle hareket ederse, \u015feytana olan yak\u0131nl\u0131\u011f\u0131 artar. \u00c7\u00fcnk\u00fc \u015feytan \u2018Beni ate\u015ften yaratt\u0131n, onu ise topraktan yaratt\u0131n.\u2019 demi\u015ftir. Topra\u011f\u0131n yap\u0131s\u0131 sakinlik ve dinginlikken, ate\u015fin tabiat\u0131 ise tutu\u015fmak, yanmak ve s\u00fcrekli hareket i\u00e7inde olmakt\u0131r. \u00d6fkenin sonu\u00e7lar\u0131ndan biri de kin ve hasettir. Bu iki k\u00f6t\u00fc duygu, bir\u00e7ok insan\u0131 helak etmi\u015f, onlar\u0131 ahlaken bozulmaya s\u00fcr\u00fcklemi\u015ftir. Bu duygular\u0131n kayna\u011f\u0131, insan\u0131n kalbinde gizlidir. E\u011fer kalp d\u00fczelirse, beden de onunla birlikte d\u00fczelir. Ancak kin, haset ve \u00f6fke, insan\u0131 tehlikeye g\u00f6t\u00fcren, kalbi karartan \u015feylerdir. Bu y\u00fczden, insan\u0131n bu tehlikeleri tan\u0131mas\u0131 ve bunlar\u0131n k\u00f6t\u00fc sonu\u00e7lar\u0131ndan korunmas\u0131 son derece \u00f6nemlidir. E\u011fer bu duygular insan\u0131n kalbine yerle\u015fmi\u015fse, ki\u015fi onlar\u0131 kalbinden temizlemeli, yok etmeli ve tedavi etmelidir.\u201d *** Asr\u0131n\u0131n m\u00fcceddidi H\u00fcccet\u00fc\u2019l-\u0130slam \u0130mam Gazal\u00ee bu kitab\u0131nda \u201c\u00f6fkenin afetlerini, \u00f6fkenin nas\u0131l ortaya \u00e7\u0131kt\u0131\u011f\u0131n\u0131 ve nas\u0131l ortadan kald\u0131r\u0131lmas\u0131 gerekti\u011fini\u201d merkeze al\u0131yor. Ayn\u0131 zamanda \u00f6fkenin mahiyetini, \u00f6zelli\u011fini, kime ve neye nas\u0131l y\u00f6nlendirilmesi gerekti\u011fini a\u00e7\u0131kl\u0131yor. <\/p>\n","protected":false},"excerpt":{"rendered":"<p>\u201cGer\u00e7ekleri net bir \u015fekilde g\u00f6renler bilir ki, insan\u0131n damarlar\u0131nda \u015feytana uzanan bir ba\u011f vard\u0131r. Kim \u00f6fkenin ate\u015fiyle hareket ederse, \u015feytana olan yak\u0131nl\u0131\u011f\u0131 artar. \u00c7\u00fcnk\u00fc \u015feytan \u2018Beni<span class=\"excerpt-hellip\"> [\u2026]<\/span><\/p>\n","protected":false},"featured_media":0,"template":"","meta":{"_monsterinsights_skip_tracking":false,"_monsterinsights_sitenote_active":false,"_monsterinsights_sitenote_note":"","_monsterinsights_sitenote_category":0},"product_brand":[],"product_cat":[12718,12719],"product_tag":[],"class_list":{"0":"post-769014","1":"product","2":"type-product","3":"status-publish","5":"product_cat-din","6":"product_cat-islam","7":"pa_cilt-ciltsiz","8":"pa_tur-kitap","9":"pa_yayinevi-nesil-yayinlari","10":"pa_yazar-imam-gazali","12":"first","13":"instock","14":"sale","15":"shipping-taxable","16":"purchasable","17":"product-type-simple"},"_links":{"self":[{"href":"https:\/\/roveyayinevi.com.tr\/index.php\/wp-json\/wp\/v2\/product\/769014","targetHints":{"allow":["GET"]}}],"collection":[{"href":"https:\/\/roveyayinevi.com.tr\/index.php\/wp-json\/wp\/v2\/product"}],"about":[{"href":"https:\/\/roveyayinevi.com.tr\/index.php\/wp-json\/wp\/v2\/types\/product"}],"wp:attachment":[{"href":"https:\/\/roveyayinevi.com.tr\/index.php\/wp-json\/wp\/v2\/media?parent=769014"}],"wp:term":[{"taxonomy":"product_brand","embeddable":true,"href":"https:\/\/roveyayinevi.com.tr\/index.php\/wp-json\/wp\/v2\/product_brand?post=769014"},{"taxonomy":"product_cat","embeddable":true,"href":"https:\/\/roveyayinevi.com.tr\/index.php\/wp-json\/wp\/v2\/product_cat?post=769014"},{"taxonomy":"product_tag","embeddable":true,"href":"https:\/\/roveyayinevi.com.tr\/index.php\/wp-json\/wp\/v2\/product_tag?post=769014"}],"curies":[{"name":"wp","href":"https:\/\/api.w.org\/{rel}","templated":true}]}}